{"id":10325,"date":"2023-12-27T15:43:18","date_gmt":"2023-12-27T14:43:18","guid":{"rendered":"https:\/\/prs2.profimediagroup.com\/?page_id=10325"},"modified":"2023-12-29T09:56:49","modified_gmt":"2023-12-29T08:56:49","slug":"zavicajni-klub-ltn","status":"publish","type":"page","link":"https:\/\/predstavnistvorsbg.rs\/sr-Latn\/zavicajni-klub-ltn\/","title":{"rendered":"Zavi\u010dajni klub"},"content":{"rendered":"<section class=\"l-section wpb_row height_small\"><div class=\"l-section-h i-cf\"><div class=\"g-cols vc_row type_default valign_top\"><div class=\"vc_col-sm-12 wpb_column vc_column_container\"><div class=\"vc_column-inner\"><div class=\"wpb_wrapper\"><div class=\"wpb_text_column\" ><div class=\"wpb_wrapper\"><p>ZAVI\u010cAJNI KLUB je projekat koji je pokrenulo Predstavni\u0161tvo Republike Srpske u Srbiji sa ciljem da u realizaciju na\u0161ih projekata i aktivnosti koje su u funkciji predstavljanja Republike Srpske i ja\u010danja saradnje izme\u0111u Republike Srpske i Srbije uklju\u010dimo \u0161to vi\u0161e na\u0161ih sunarodnika iz Srbije i regiona.<\/p>\n<p>Ovim projektom \u017eelimo da identifikujemo i uklju\u010dimo ne samo ljude koji imaju direktno porijeklo iz Republike Srpske, ili su rodbinskim vezama povezani sa Republikom Srpskom a \u017eive i rade u Srbiji i regionu, nego i druge koji \u017eele u\u010destvovati u relizaciji na\u0161ih projekata i \u017eele doprinijeti razvoju i napretku Republike Srpske. Tako\u0111e ovim projektom \u017eelimo identifikovati znanja, vje\u0161tine, interesovanja, potrebe i probleme kako bismo unaprijedili saradnju i dali doprinos promociji i razvoju Republike Srpske.<\/p>\n<p>Mapiranje i identifikovanje ljudskih potencijala u Srbiji sprovodimo kroz formu dobrovoljne registracije popunjavanjem upitnika.<\/p>\n<p>Dobro do\u0161li u Zavi\u010dajni klub!<\/p>\n<\/div><\/div><\/div><\/div><\/div><\/div><\/div><\/section><section class=\"l-section wpb_row height_small\"><div class=\"l-section-h i-cf\"><div class=\"g-cols vc_row type_default valign_top\"><div class=\"vc_col-sm-12 wpb_column vc_column_container\"><div class=\"vc_column-inner\"><div class=\"wpb_wrapper\"><div class=\"wpb_text_column\" ><div class=\"wpb_wrapper\"><h3>Zavi\u010dajni klub &#8211; upitnik<\/h3>\n<\/div><\/div><div class=\"w-separator size_small\"><\/div><div class=\"wpb_text_column\" ><div class=\"wpb_wrapper\"><p>Hvala Vam \u0161to ste odlu\u010dili da se priklju\u010dite ovom projektu. Molimo Vas da unesete ta\u010dne podatke u upitnik.<\/p>\n<p>Svi uneseni podaci su visoko povjerljivi i ni u kom slu\u010daju ne\u0107e biti na raspolaganju ni jednom tre\u0107em licu osim Predstavni\u0161tva Republike Srpske u Srbiji i to u funkciji identifikovanja zainteresovanih da se uklju\u010de u na\u0161 rad i daju svoj doprinos razvoju Republike Srpske.<\/p>\n<\/div><\/div><div class=\"w-separator size_medium\"><\/div><div role=\"form\" class=\"wpcf7\" id=\"wpcf7-f10328-o1\" lang=\"sr-RS\" dir=\"ltr\">\n<div class=\"screen-reader-response\"><p role=\"status\" aria-live=\"polite\" aria-atomic=\"true\"><\/p> <ul><\/ul><\/div>\n<form action=\"\/sr-Latn\/wp-json\/wp\/v2\/pages\/10325#wpcf7-f10328-o1\" method=\"post\" class=\"wpcf7-form init\" novalidate=\"novalidate\" data-status=\"init\">\n<div style=\"display: none;\">\n<input type=\"hidden\" name=\"_wpcf7\" value=\"10328\" \/>\n<input type=\"hidden\" name=\"_wpcf7_version\" value=\"5.5.6\" \/>\n<input type=\"hidden\" name=\"_wpcf7_locale\" value=\"sr_RS\" \/>\n<input type=\"hidden\" name=\"_wpcf7_unit_tag\" value=\"wpcf7-f10328-o1\" \/>\n<input type=\"hidden\" name=\"_wpcf7_container_post\" value=\"0\" \/>\n<input type=\"hidden\" name=\"_wpcf7_posted_data_hash\" value=\"\" \/>\n<input type=\"hidden\" name=\"_wpcf7cf_hidden_group_fields\" value=\"[]\" \/>\n<input type=\"hidden\" name=\"_wpcf7cf_hidden_groups\" value=\"[]\" \/>\n<input type=\"hidden\" name=\"_wpcf7cf_visible_groups\" value=\"[]\" \/>\n<input type=\"hidden\" name=\"_wpcf7cf_repeaters\" value=\"[]\" \/>\n<input type=\"hidden\" name=\"_wpcf7cf_steps\" value=\"{}\" \/>\n<input type=\"hidden\" name=\"_wpcf7cf_options\" value=\"{&quot;form_id&quot;:10328,&quot;conditions&quot;:[{&quot;then_field&quot;:&quot;group-001&quot;,&quot;and_rules&quot;:[{&quot;if_field&quot;:&quot;vrsta-saradnje-biznisa&quot;,&quot;operator&quot;:&quot;equals&quot;,&quot;if_value&quot;:&quot;\\u0414\\u0430&quot;}]}],&quot;settings&quot;:{&quot;animation&quot;:&quot;yes&quot;,&quot;animation_intime&quot;:200,&quot;animation_outtime&quot;:200,&quot;conditions_ui&quot;:&quot;normal&quot;,&quot;notice_dismissed&quot;:false}}\" \/>\n<input type=\"hidden\" name=\"_wpcf7_recaptcha_response\" value=\"\" \/>\n<\/div>\n<div class=\"wprt-contact-form-1 bg-white input-bottom-30\">\n<strong>1. Ime:<\/strong><br \/>\n<span class=\"wpcf7-form-control-wrap ime\"><input type=\"text\" name=\"ime\" value=\"\" size=\"40\" class=\"wpcf7-form-control wpcf7-text wpcf7-validates-as-required\" aria-required=\"true\" aria-invalid=\"false\" placeholder=\"Ime\" \/><\/span><\/div>\n<div class=\"wprt-contact-form-1 bg-white input-bottom-30\">\n<strong>2. Prezime:<\/strong><br \/>\n<span class=\"wpcf7-form-control-wrap prezime\"><input type=\"text\" name=\"prezime\" value=\"\" size=\"40\" class=\"wpcf7-form-control wpcf7-text wpcf7-validates-as-required\" aria-required=\"true\" aria-invalid=\"false\" placeholder=\"Prezime\" \/><\/span><\/div>\n<div class=\"wprt-contact-form-1 bg-white input-bottom-30\">\n<strong>3. Pol:<\/strong><br \/>\n<span class=\"wpcf7-form-control-wrap pol\"><span class=\"wpcf7-form-control wpcf7-radio\"><span class=\"wpcf7-list-item first\"><label><span class=\"wpcf7-list-item-label\">Mu\u0161ko<\/span><input type=\"radio\" name=\"pol\" value=\"Mu\u0161ko\" \/><\/label><\/span><span class=\"wpcf7-list-item last\"><label><span class=\"wpcf7-list-item-label\">\u017densko<\/span><input type=\"radio\" name=\"pol\" value=\"\u017densko\" \/><\/label><\/span><\/span><\/span><\/div>\n<div class=\"wprt-contact-form-1 bg-white input-bottom-30\">\n<strong>4. Starosna grupa:<\/strong><br \/>\n<span class=\"wpcf7-form-control-wrap starosna-grupa\"><select name=\"starosna-grupa\" class=\"wpcf7-form-control wpcf7-select wpcf7-validates-as-required\" aria-required=\"true\" aria-invalid=\"false\"><option value=\"\">---<\/option><option value=\"18-24\">18-24<\/option><option value=\"25-29\">25-29<\/option><option value=\"30-34\">30-34<\/option><option value=\"35-39\">35-39<\/option><option value=\"40-44\">40-44<\/option><option value=\"45-49\">45-49<\/option><option value=\"50-54\">50-54<\/option><option value=\"55-59\">55-59<\/option><option value=\"60-64\">60-64<\/option><option value=\"65-69\">65-69<\/option><option value=\"70-74\">70-74<\/option><option value=\"75-79\">75-79<\/option><option value=\"80 i vi\u0161e\">80 i vi\u0161e<\/option><\/select><\/span><\/div>\n<div class=\"wprt-contact-form-1 bg-white input-bottom-30\">\n<strong>5. Dr\u017eava i mjesto ro\u0111enja:<\/strong><br \/>\n<span class=\"wpcf7-form-control-wrap drzava-mesto-rodjenja\"><input type=\"text\" name=\"drzava-mesto-rodjenja\" value=\"\" size=\"40\" class=\"wpcf7-form-control wpcf7-text wpcf7-validates-as-required\" aria-required=\"true\" aria-invalid=\"false\" placeholder=\"Dr\u017eava i mjesto ro\u0111enja\" \/><\/span><\/div>\n<div class=\"wprt-contact-form-full bg-white input-bottom-30\">\n<strong>6. Adresa elektronske po\u0161te (i-mejl):<\/strong><br \/>\n<span class=\"wpcf7-form-control-wrap email\"><input type=\"email\" name=\"email\" value=\"\" size=\"40\" class=\"wpcf7-form-control wpcf7-text wpcf7-email wpcf7-validates-as-required wpcf7-validates-as-email\" aria-required=\"true\" aria-invalid=\"false\" placeholder=\"imejl\" \/><\/span><\/div>\n<div class=\"wprt-contact-form-full bg-white input-bottom-30\">\n<strong>7. Kontakt telefon:<\/strong><br \/>\n<span class=\"wpcf7-form-control-wrap kontakt-telefon\"><input type=\"text\" name=\"kontakt-telefon\" value=\"\" size=\"40\" class=\"wpcf7-form-control wpcf7-text wpcf7-validates-as-required\" aria-required=\"true\" aria-invalid=\"false\" placeholder=\"Kontakt telefon\" \/><\/span><\/div>\n<div class=\"wprt-contact-form-full bg-white input-bottom-30\">\n<strong>8. Va\u0161e trenutno prebivali\u0161te u Srbiji - navedite grad, ulicu i broj:<\/strong><br \/>\n<span class=\"wpcf7-form-control-wrap trenutno-prebivaliste\"><input type=\"text\" name=\"trenutno-prebivaliste\" value=\"\" size=\"40\" class=\"wpcf7-form-control wpcf7-text wpcf7-validates-as-required\" aria-required=\"true\" aria-invalid=\"false\" placeholder=\"Navedite grad, ulicu i broj\" \/><\/span><\/div>\n<div class=\"wprt-contact-form-full bg-white input-bottom-30\">\n<strong>9. Da li ste dr\u017eavljanin Republike Srpske, odnosno BiH?<\/strong><br \/>\n<span class=\"wpcf7-form-control-wrap da-li-ste-drzavljanin-rs\"><span class=\"wpcf7-form-control wpcf7-radio\"><span class=\"wpcf7-list-item first\"><label><span class=\"wpcf7-list-item-label\">Da<\/span><input type=\"radio\" name=\"da-li-ste-drzavljanin-rs\" value=\"Da\" \/><\/label><\/span><span class=\"wpcf7-list-item last\"><label><span class=\"wpcf7-list-item-label\">Ne<\/span><input type=\"radio\" name=\"da-li-ste-drzavljanin-rs\" value=\"Ne\" \/><\/label><\/span><\/span><\/span><\/div>\n<div class=\"wprt-contact-form-full bg-white input-bottom-30\">\n<strong>10. Da li imate dvojno dr\u017eavljanstvo Srbije?<\/strong><br \/>\n<span class=\"wpcf7-form-control-wrap dvojno-drzavljanstvo\"><span class=\"wpcf7-form-control wpcf7-radio\"><span class=\"wpcf7-list-item first\"><label><span class=\"wpcf7-list-item-label\">Da<\/span><input type=\"radio\" name=\"dvojno-drzavljanstvo\" value=\"Da\" \/><\/label><\/span><span class=\"wpcf7-list-item last\"><label><span class=\"wpcf7-list-item-label\">Ne<\/span><input type=\"radio\" name=\"dvojno-drzavljanstvo\" value=\"Ne\" \/><\/label><\/span><\/span><\/span><\/div>\n<div class=\"wprt-contact-form-full bg-white input-bottom-30\">\n<strong>11. Molimo Vas ozna\u010dite Va\u0161 najvi\u0161i stepen obrazovanja:<\/strong><br \/>\n<span class=\"wpcf7-form-control-wrap stepen-obrazovanja\"><select name=\"stepen-obrazovanja\" class=\"wpcf7-form-control wpcf7-select wpcf7-validates-as-required\" aria-required=\"true\" aria-invalid=\"false\"><option value=\"\">---<\/option><option value=\"Srednja \u0161kola ili sli\u010dno\">Srednja \u0161kola ili sli\u010dno<\/option><option value=\"Sertifikat \/ Zanat \/ Vi\u0161a \u0161kola\">Sertifikat \/ Zanat \/ Vi\u0161a \u0161kola<\/option><option value=\"Fakultetska diploma\">Fakultetska diploma<\/option><option value=\"Master, Magistratura\">Master, Magistratura<\/option><option value=\"Doktor\/ka nauka\">Doktor\/ka nauka<\/option><\/select><\/span><\/div>\n<div class=\"wprt-contact-form-full bg-white input-bottom-30\">\n<strong>12. Izaberite oblast svog obrazovanja - specijalizacije:<\/strong><br \/>\n<span class=\"wpcf7-form-control-wrap oblast-obrazovanja\"><span class=\"wpcf7-form-control wpcf7-checkbox wpcf7-validates-as-required\"><span class=\"wpcf7-list-item first\"><label><span class=\"wpcf7-list-item-label\">Vaspitanje i obrazovanje<\/span><input type=\"checkbox\" name=\"oblast-obrazovanja[]\" value=\"Vaspitanje i obrazovanje\" \/><\/label><\/span><span class=\"wpcf7-list-item\"><label><span class=\"wpcf7-list-item-label\">Umjetnost i humanisti\u010dke nauke<\/span><input type=\"checkbox\" name=\"oblast-obrazovanja[]\" value=\"Umjetnost i humanisti\u010dke nauke\" \/><\/label><\/span><span class=\"wpcf7-list-item\"><label><span class=\"wpcf7-list-item-label\">Dru\u0161tvene nauke, poslovanje i administracija i pravo<\/span><input type=\"checkbox\" name=\"oblast-obrazovanja[]\" value=\"Dru\u0161tvene nauke, poslovanje i administracija i pravo\" \/><\/label><\/span><span class=\"wpcf7-list-item\"><label><span class=\"wpcf7-list-item-label\">Prirodne nauke i matematika<\/span><input type=\"checkbox\" name=\"oblast-obrazovanja[]\" value=\"Prirodne nauke i matematika\" \/><\/label><\/span><span class=\"wpcf7-list-item\"><label><span class=\"wpcf7-list-item-label\">In\u017eenjerstvo, tehnologija i gra\u0111evinarstvo<\/span><input type=\"checkbox\" name=\"oblast-obrazovanja[]\" value=\"In\u017eenjerstvo, tehnologija i gra\u0111evinarstvo\" \/><\/label><\/span><span class=\"wpcf7-list-item\"><label><span class=\"wpcf7-list-item-label\">Poljoprivreda, ribarstvo, \u0161umarstvo i veterinarska medicina<\/span><input type=\"checkbox\" name=\"oblast-obrazovanja[]\" value=\"Poljoprivreda, ribarstvo, \u0161umarstvo i veterinarska medicina\" \/><\/label><\/span><span class=\"wpcf7-list-item\"><label><span class=\"wpcf7-list-item-label\">Zdravlje i za\u0161tita zdravlja<\/span><input type=\"checkbox\" name=\"oblast-obrazovanja[]\" value=\"Zdravlje i za\u0161tita zdravlja\" \/><\/label><\/span><span class=\"wpcf7-list-item\"><label><span class=\"wpcf7-list-item-label\">Usluge<\/span><input type=\"checkbox\" name=\"oblast-obrazovanja[]\" value=\"Usluge\" \/><\/label><\/span><span class=\"wpcf7-list-item last\"><label><span class=\"wpcf7-list-item-label\">Ostalo - nepomenuto<\/span><input type=\"checkbox\" name=\"oblast-obrazovanja[]\" value=\"Ostalo - nepomenuto\" \/><\/label><\/span><\/span><\/span><\/div>\n<div class=\"wprt-contact-form-full bg-white input-bottom-30\">\n<strong>13. U kojem ste sektoru trenutno zaposleni?<\/strong><br \/>\n<span class=\"wpcf7-form-control-wrap sektor-zaposlenja\"><input type=\"text\" name=\"sektor-zaposlenja\" value=\"\" size=\"40\" class=\"wpcf7-form-control wpcf7-text wpcf7-validates-as-required\" aria-required=\"true\" aria-invalid=\"false\" placeholder=\"Sektor zaposlenja\" \/><\/span><\/div>\n<div class=\"wprt-contact-form-full bg-white input-bottom-30\">\n<strong>14. Kada ste poslednji put posjetili Srpsku?<\/strong><br \/>\n<span class=\"wpcf7-form-control-wrap poslednja-posjeta\"><select name=\"poslednja-posjeta\" class=\"wpcf7-form-control wpcf7-select\" aria-invalid=\"false\"><option value=\"\">---<\/option><option value=\"Manje od 12 mjeseci\">Manje od 12 mjeseci<\/option><option value=\"2-5 godina\">2-5 godina<\/option><option value=\"6-10 godina\">6-10 godina<\/option><option value=\"11-15 godina\">11-15 godina<\/option><option value=\"Vi\u0161e od 15 godina\">Vi\u0161e od 15 godina<\/option><option value=\"Nikada\">Nikada<\/option><\/select><\/span><\/div>\n<div class=\"wprt-contact-form-full bg-white input-bottom-30\">\n<strong>15. Da li ste \u010dlan nekog udru\u017eenja\/zajednice\/dru\u0161tva\/organizacije koja je posve\u0107ena Srpskoj ili Srbima u cjelini?<\/strong><br \/>\n<span class=\"wpcf7-form-control-wrap da-li-ste-clan\"><span class=\"wpcf7-form-control wpcf7-radio\"><span class=\"wpcf7-list-item first\"><label><span class=\"wpcf7-list-item-label\">Da<\/span><input type=\"radio\" name=\"da-li-ste-clan\" value=\"Da\" \/><\/label><\/span><span class=\"wpcf7-list-item last\"><label><span class=\"wpcf7-list-item-label\">Ne<\/span><input type=\"radio\" name=\"da-li-ste-clan\" value=\"Ne\" \/><\/label><\/span><\/span><\/span><\/div>\n<div class=\"wprt-contact-form-full bg-white input-bottom-30\">\n<strong>16. Da li imate neku vrstu saradnje ili biznisa u Republici Srpskoj?<\/strong><br \/>\n<span class=\"wpcf7-form-control-wrap vrsta-saradnje-biznisa\"><span class=\"wpcf7-form-control wpcf7-radio\"><span class=\"wpcf7-list-item first\"><label><span class=\"wpcf7-list-item-label\">Da<\/span><input type=\"radio\" name=\"vrsta-saradnje-biznisa\" value=\"Da\" \/><\/label><\/span><span class=\"wpcf7-list-item last\"><label><span class=\"wpcf7-list-item-label\">Ne<\/span><input type=\"radio\" name=\"vrsta-saradnje-biznisa\" value=\"Ne\" \/><\/label><\/span><\/span><\/span><\/div>\n<div data-id=\"group-001\" data-orig_data_id=\"group-001\"  data-class=\"wpcf7cf_group\">\n<div class=\"wprt-contact-form-full bg-white input-bottom-30\">\n<strong>Navedite osnovne podatke o toj saradnji ili biznisu<\/strong><br \/>\n<span class=\"wpcf7-form-control-wrap osnovni-podaci-saradnja\"><textarea name=\"osnovni-podaci-saradnja\" cols=\"40\" rows=\"10\" class=\"wpcf7-form-control wpcf7-textarea\" aria-invalid=\"false\"><\/textarea><\/span><\/div>\n<\/div>\n<div class=\"wprt-contact-form-full bg-white input-bottom-30\">\n<strong>17. Da li ste voljni da u\u010destvujete u programima i projektima koji su u funkciji povezivanja Republike Srpske i Srbije?<\/strong><br \/>\n<span class=\"wpcf7-form-control-wrap voljni-doprinjeti\"><span class=\"wpcf7-form-control wpcf7-radio\"><span class=\"wpcf7-list-item first\"><label><span class=\"wpcf7-list-item-label\">Da<\/span><input type=\"radio\" name=\"voljni-doprinjeti\" value=\"Da\" \/><\/label><\/span><span class=\"wpcf7-list-item last\"><label><span class=\"wpcf7-list-item-label\">Ne<\/span><input type=\"radio\" name=\"voljni-doprinjeti\" value=\"Ne\" \/><\/label><\/span><\/span><\/span><\/div>\n<div class=\"wprt-contact-form-full bg-white input-bottom-30\">\n<strong>18. Da li ste zainteresovani primati vijesti o na\u0161im aktivnostima u funkciji povezivanja i ja\u010danja saradnje izme\u0111u Republike Srpske i Srbije?<\/strong><br \/>\n<span class=\"wpcf7-form-control-wrap voljni-primati-vijesti\"><span class=\"wpcf7-form-control wpcf7-radio\"><span class=\"wpcf7-list-item first\"><label><span class=\"wpcf7-list-item-label\">Da<\/span><input type=\"radio\" name=\"voljni-primati-vijesti\" value=\"Da\" \/><\/label><\/span><span class=\"wpcf7-list-item last\"><label><span class=\"wpcf7-list-item-label\">Ne<\/span><input type=\"radio\" name=\"voljni-primati-vijesti\" value=\"Ne\" \/><\/label><\/span><\/span><\/span><\/div>\n<div class=\"wprt-contact-form-full bg-white input-bottom-30\">\n<strong>19. Da li Vas mo\u017eemo kontaktirati i upu\u0107ivati pozive u interesu realizacije na\u0161ih programa i projekata?<\/strong><br \/>\n<span class=\"wpcf7-form-control-wrap dozvola-kontakta\"><span class=\"wpcf7-form-control wpcf7-radio\"><span class=\"wpcf7-list-item first\"><label><span class=\"wpcf7-list-item-label\">Da<\/span><input type=\"radio\" name=\"dozvola-kontakta\" value=\"Da\" \/><\/label><\/span><span class=\"wpcf7-list-item last\"><label><span class=\"wpcf7-list-item-label\">Ne<\/span><input type=\"radio\" name=\"dozvola-kontakta\" value=\"Ne\" \/><\/label><\/span><\/span><\/span><\/div>\n<div class=\"wprt-contact-form-full bg-white input-bottom-30\">\n<strong>20. Da li imate prijedlog\/savjet kako mo\u017eemo unaprijediti ovaj projekat?<\/strong><br \/>\n<span class=\"wpcf7-form-control-wrap predlog-savjet\"><textarea name=\"predlog-savjet\" cols=\"40\" rows=\"10\" class=\"wpcf7-form-control wpcf7-textarea\" aria-invalid=\"false\"><\/textarea><\/span><\/div>\n<div class=\"wprt-contact-form-full bg-white input-bottom-30\">\n<strong>21. Kako ste saznali\/\u010duli za projekat ZAVI\u010cAJNI KLUB?<\/strong><br \/>\n<span class=\"wpcf7-form-control-wrap kako-saznali\"><select name=\"kako-saznali\" class=\"wpcf7-form-control wpcf7-select wpcf7-validates-as-required\" aria-required=\"true\" aria-invalid=\"false\"><option value=\"\">---<\/option><option value=\"Dru\u0161tvene mre\u017ee\">Dru\u0161tvene mre\u017ee<\/option><option value=\"Internet mediji\">Internet mediji<\/option><option value=\"Internet pretra\u017eiva\u010d (Gugl i sl.)\">Internet pretra\u017eiva\u010d (Gugl i sl.)<\/option><option value=\"Novine, \u0161tampani mediji\">Novine, \u0161tampani mediji<\/option><option value=\"Drugo\">Drugo<\/option><\/select><\/span><\/div>\n<div class=\"wprt-contact-form-full bg-white input-bottom-30\">\n<strong>22. Napomena<\/strong><br \/>\n<span class=\"wpcf7-form-control-wrap napomena\"><textarea name=\"napomena\" cols=\"40\" rows=\"10\" class=\"wpcf7-form-control wpcf7-textarea\" aria-invalid=\"false\"><\/textarea><\/span><\/div>\n<div class=\"wprt-contact-form-full bg-white input-bottom-30\">\n<strong>Saglasan\/saglasna sam da Predstavni\u0161tvo mo\u017ee da prikuplja i obra\u0111uje navedene podatke u svrhu realizacije ciljeva Zavi\u010dajnog kluba.<\/strong><br \/>\n<span class=\"wpcf7-form-control-wrap saglasnost\"><span class=\"wpcf7-form-control wpcf7-radio\"><span class=\"wpcf7-list-item first\"><label><span class=\"wpcf7-list-item-label\">Da<\/span><input type=\"radio\" name=\"saglasnost\" value=\"Da\" \/><\/label><\/span><span class=\"wpcf7-list-item last\"><label><span class=\"wpcf7-list-item-label\">Ne<\/span><input type=\"radio\" name=\"saglasnost\" value=\"Ne\" \/><\/label><\/span><\/span><\/span><\/div>\n<div class=\"wprt-contact-form-submit bg-white input-bottom-30\"><input type=\"submit\" value=\"Po\u0161alji\" class=\"wpcf7-form-control has-spinner wpcf7-submit\" \/><\/div>\n<div class=\"wprt-contact-form-submit bg-white input-bottom-30\">\n<small>Ovaj sajt je za\u0161ti\u0107en reCAPTCHA i Google-om<br \/>\n    <a href=\"https:\/\/policies.google.com\/privacy\">Pravila o privatnosti<\/a> i <a href=\"https:\/\/policies.google.com\/terms\">Uslovi kori\u0161\u0107enja<\/a> se primenjuju.<br \/>\n<\/small><\/div>\n<div class=\"wpcf7-response-output\" aria-hidden=\"true\"><\/div><\/form><\/div><\/div><\/div><\/div><\/div><\/div><\/section><section class=\"l-section wpb_row us_custom_6217dcc9 height_small\"><div class=\"l-section-h i-cf\"><div class=\"g-cols vc_row type_default valign_top\"><div class=\"vc_col-sm-12 wpb_column vc_column_container\"><div class=\"vc_column-inner\"><div class=\"wpb_wrapper\"><div class=\"w-sharing type_solid align_left color_default\"><div class=\"w-sharing-list\" data-sharing-url=\"https:\/\/predstavnistvorsbg.rs\/sr-Latn\/wp-json\/wp\/v2\/pages\/10325\" data-sharing-image=\"\"><a class=\"w-sharing-item email\" href=\"javascript:void(0)\" title=\"Email this\" aria-label=\"Email this\"><span class=\"w-sharing-icon\"><\/span><\/a><a class=\"w-sharing-item facebook\" href=\"javascript:void(0)\" title=\"Share this\" aria-label=\"Share this\"><span class=\"w-sharing-icon\"><\/span><\/a><a class=\"w-sharing-item twitter\" href=\"javascript:void(0)\" title=\"Tweet this\" aria-label=\"Tweet this\"><span class=\"w-sharing-icon\"><\/span><\/a><a class=\"w-sharing-item linkedin\" href=\"javascript:void(0)\" title=\"Share this\" aria-label=\"Share this\"><span class=\"w-sharing-icon\"><\/span><\/a><a class=\"w-sharing-item pinterest\" href=\"javascript:void(0)\" title=\"Pin this\" aria-label=\"Pin this\"><span class=\"w-sharing-icon\"><\/span><\/a><\/div><\/div><\/div><\/div><\/div><\/div><\/div><\/section>\n","protected":false},"excerpt":{"rendered":"ZAVI\u010cAJNI KLUB je projekat koji je pokrenulo Predstavni\u0161tvo Republike Srpske u Srbiji sa ciljem da u realizaciju na\u0161ih projekata i aktivnosti koje su u funkciji predstavljanja Republike Srpske i ja\u010danja saradnje izme\u0111u Republike Srpske i Srbije uklju\u010dimo \u0161to vi\u0161e na\u0161ih sunarodnika iz Srbije i regiona. Ovim projektom \u017eelimo da identifikujemo i uklju\u010dimo ne samo ljude...","protected":false},"author":1,"featured_media":0,"parent":0,"menu_order":0,"comment_status":"closed","ping_status":"closed","template":"","meta":[],"_links":{"self":[{"href":"https:\/\/predstavnistvorsbg.rs\/sr-Latn\/wp-json\/wp\/v2\/pages\/10325"}],"collection":[{"href":"https:\/\/predstavnistvorsbg.rs\/sr-Latn\/wp-json\/wp\/v2\/pages"}],"about":[{"href":"https:\/\/predstavnistvorsbg.rs\/sr-Latn\/wp-json\/wp\/v2\/types\/page"}],"author":[{"embeddable":true,"href":"https:\/\/predstavnistvorsbg.rs\/sr-Latn\/wp-json\/wp\/v2\/users\/1"}],"replies":[{"embeddable":true,"href":"https:\/\/predstavnistvorsbg.rs\/sr-Latn\/wp-json\/wp\/v2\/comments?post=10325"}],"version-history":[{"count":0,"href":"https:\/\/predstavnistvorsbg.rs\/sr-Latn\/wp-json\/wp\/v2\/pages\/10325\/revisions"}],"wp:attachment":[{"href":"https:\/\/predstavnistvorsbg.rs\/sr-Latn\/wp-json\/wp\/v2\/media?parent=10325"}],"curies":[{"name":"wp","href":"https:\/\/api.w.org\/{rel}","templated":true}]}}