{"id":10658,"date":"2024-02-05T14:27:31","date_gmt":"2024-02-05T13:27:31","guid":{"rendered":"https:\/\/predstavnistvorsbg.rs\/?page_id=10658"},"modified":"2025-01-24T10:57:19","modified_gmt":"2025-01-24T09:57:19","slug":"bilteni-2024-godina-ltn","status":"publish","type":"page","link":"https:\/\/predstavnistvorsbg.rs\/sr-Latn\/bilteni-2024-godina-ltn\/","title":{"rendered":"Bilteni 2024. godina"},"content":{"rendered":"<section class=\"l-section wpb_row height_small\"><div class=\"l-section-h i-cf\"><div class=\"g-cols vc_row type_default valign_top\"><div class=\"vc_col-sm-12 wpb_column vc_column_container\"><div class=\"vc_column-inner\"><div class=\"wpb_wrapper\"><div class=\"wpb_text_column\" ><div class=\"wpb_wrapper\"><p>Pogledajte-preuzmite Biltene Predstavni\u0161tva Republike Srpske po godinama<\/p>\n<\/div><\/div><div class=\"w-separator size_small\"><\/div><div class=\"w-menu layout_hor style_blocks us_menu_1\"><ul id=\"menu-bilteni-3\" class=\"menu\"><li id=\"menu-item-1610\" class=\"menu-item menu-item-type-post_type menu-item-object-page menu-item-1610\"><a href=\"https:\/\/predstavnistvorsbg.rs\/sr-Latn\/bilten\/\">Bilten<\/a><\/li><li id=\"menu-item-21586\" class=\"menu-item menu-item-type-post_type menu-item-object-page menu-item-21586\"><a href=\"https:\/\/predstavnistvorsbg.rs\/sr-Latn\/bilteni-2026-godina-ltn\/\">Bilteni 2026.<\/a><\/li><li id=\"menu-item-16530\" class=\"menu-item menu-item-type-post_type menu-item-object-page menu-item-16530\"><a href=\"https:\/\/predstavnistvorsbg.rs\/sr-Latn\/bilteni-2025-godina-ltn\/\">Bilteni 2025.<\/a><\/li><li id=\"menu-item-10663\" class=\"menu-item menu-item-type-post_type menu-item-object-page menu-item-10663\"><a href=\"https:\/\/predstavnistvorsbg.rs\/sr-Latn\/bilteni-2024-godina-ltn\/\">Bilteni 2024.<\/a><\/li><li id=\"menu-item-10340\" class=\"menu-item menu-item-type-post_type menu-item-object-page menu-item-10340\"><a href=\"https:\/\/predstavnistvorsbg.rs\/sr-Latn\/bilteni-2023-godina-ltn\/\">Bilteni 2023.<\/a><\/li><li id=\"menu-item-5118\" class=\"menu-item menu-item-type-post_type menu-item-object-page menu-item-5118\"><a href=\"https:\/\/predstavnistvorsbg.rs\/sr-Latn\/bilteni-2022-godina-ltn\/\">Bilteni 2022.<\/a><\/li><li id=\"menu-item-1611\" class=\"menu-item menu-item-type-post_type menu-item-object-page menu-item-1611\"><a href=\"https:\/\/predstavnistvorsbg.rs\/sr-Latn\/bilteni-2021-godina-ltn\/\">Bilteni 2021.<\/a><\/li><li id=\"menu-item-1612\" class=\"menu-item menu-item-type-post_type menu-item-object-page menu-item-1612\"><a href=\"https:\/\/predstavnistvorsbg.rs\/sr-Latn\/bilteni-2020-godina-ltn\/\">Bilteni 2020.<\/a><\/li><\/ul><style>.us_menu_1 .menu>li{margin-right:1.0rem}.us_menu_1 .menu>li>a{padding:0.8em 0.8em}.us_menu_1 .menu>li>a{background:#394e85}.us_menu_1 .menu>li>a{color:#ffffff}.us_menu_1 .menu>.menu-item:not(.current-menu-item)>a:hover{background:#d13b46}.us_menu_1 .menu>.menu-item:not(.current-menu-item)>a:hover{color:#ffffff}.us_menu_1 .menu>.current-menu-item>a{background:#d13b46}.us_menu_1 .menu>.current-menu-item>a{color:#ffffff}@media ( max-width:600px ){.us_menu_1 .menu{display:block!important}.us_menu_1 .menu>li{margin:0 0 1.0rem}}<\/style><\/div><div class=\"w-separator size_medium\"><\/div><div class=\"wpb_text_column\" ><div class=\"wpb_wrapper\"><p><a href=\"http:\/\/predstavnistvorsbg.rs\/bilteni_2024\/bilten_148_lat\/index.html\" target=\"_blank\" rel=\"noopener\"><strong>BILTEN BROJ 148<\/strong><\/a>, decembar 2024. godine<\/p>\n<p>Iz ovog broja izdvajamo:<\/p>\n<p>\u2013Predsjednik Srpske hitno operisan u Beogradu<br \/>\n\u2013Ustavnopravni haos u BiH<br \/>\n\u2013Dr Budimir i dr Begovi\u0107 potpisali memorandum\u00a0 o saradnji<\/p>\n<p>&nbsp;<\/p>\n<p><a href=\"http:\/\/predstavnistvorsbg.rs\/bilteni_2024\/bilten_147_lat\/index.html\" target=\"_blank\" rel=\"noopener\"><strong>BILTEN BROJ 147<\/strong><\/a>, novembar 2024. godine<\/p>\n<p>Iz ovog broja izdvajamo:<\/p>\n<p>\u2013\u201eBo\u017ee pravde\u201c i Nemanji\u0107i<br \/>\n\u2013Pobjedu slave pora\u017eeni<br \/>\n\u2013Stabilnost uprkos izazovima<\/p>\n<p>&nbsp;<\/p>\n<p><a href=\"http:\/\/predstavnistvorsbg.rs\/bilteni_2024\/bilten_146_lat\/index.html\" target=\"_blank\" rel=\"noopener\"><strong>BILTEN BROJ 146<\/strong><\/a>, oktobar 2024. godine<\/p>\n<p>Iz ovog broja izdvajamo:<\/p>\n<p>\u2013Srpska reprezentacija na BRI\u041aS-u<br \/>\n\u2013I Sarajevo protiv samozvanog v.p.<br \/>\n\u2013Sarajevu se privi\u0111aju ruski kampovi u Srpskoj<\/p>\n<p>&nbsp;<\/p>\n<p><a href=\"http:\/\/predstavnistvorsbg.rs\/bilteni_2024\/bilten_145_lat\/index.html\" target=\"_blank\" rel=\"noopener\"><strong>BILTEN BROJ 145<\/strong><\/a>, septembar 2024. godine<\/p>\n<p>Iz ovog broja izdvajamo:<\/p>\n<p>\u2013Vu\u010di\u0107 i Dodik u Srpskoj, \u201eSrbija\u201c u Stanarima<br \/>\n\u2013Poklonu se ponekad gleda u zube<br \/>\n\u2013SAD u BiH ili ista meta, isto odstojanje<\/p>\n<p>&nbsp;<\/p>\n<p><a href=\"http:\/\/predstavnistvorsbg.rs\/bilteni_2024\/bilten_144_lat\/index.html\" target=\"_blank\" rel=\"noopener\"><strong>BILTEN BROJ 144<\/strong><\/a>, jul i avgust 2024. godine<\/p>\n<p>Iz ovog broja izdvajamo:<\/p>\n<p>\u2013Ni oprostiti ni zaboraviti<br \/>\n\u2013Stupio na snagu dokument od istorijskog zna\u010daja<br \/>\n\u2013Sredstva za autoput od Beograda kroz Srpsku<\/p>\n<p>&nbsp;<\/p>\n<p><a href=\"http:\/\/predstavnistvorsbg.rs\/bilteni_2024\/bilten_143_cir\/index.html\" target=\"_blank\" rel=\"noopener\"><strong>BILTEN BROJ 143<\/strong><\/a>, jun 2024. godine<\/p>\n<p>Iz ovog broja izdvajamo:<\/p>\n<p>\u2013Srbi, srpske zemlje, Srpski svet<br \/>\n\u2013Vratiti Srpskoj sve dejtonske nadle\u017enosti<br \/>\n\u2013Rusija ne mijenja stav u vezi sa Dejtonom<\/p>\n<p>&nbsp;<\/p>\n<p><a href=\"http:\/\/predstavnistvorsbg.rs\/bilteni_2024\/bilten_142_lat\/index.html\" target=\"_blank\" rel=\"noopener\"><strong>BILTEN BROJ 142<\/strong><\/a>, maj 2024. godine<\/p>\n<p>Iz ovog broja izdvajamo:<\/p>\n<p>\u2013Susret svjetovnog i vjerskog vo\u0111stva srpskih zemalja<br \/>\n\u2013Jo\u0161 jedan susret osvjedo\u010denih prijatelja<br \/>\n\u2013Otvoren put za mirno razdru\u017eivanje<\/p>\n<p>&nbsp;<\/p>\n<p><a href=\"http:\/\/predstavnistvorsbg.rs\/bilteni_2024\/bilten_141_lat\/index.html\" target=\"_blank\" rel=\"noopener\"><strong>BILTEN BROJ 141<\/strong><\/a>, april 2024. godine<\/p>\n<p>Iz ovog broja izdvajamo:<\/p>\n<p>\u2013Genocidna rezolucija SAD u GS UN<br \/>\n\u2013Sarajevska sudska ro\u010di\u0161ta predsjedniku Republike Srpske<br \/>\n\u2013Srpska oja\u010dava mehanizme samostalnosti<\/p>\n<p>&nbsp;<\/p>\n<p><a href=\"http:\/\/predstavnistvorsbg.rs\/bilteni_2024\/bilten_140_lat\/index.html\" target=\"_blank\" rel=\"noopener\"><strong>BILTEN BROJ 140<\/strong><\/a>, mart 2024. godine<\/p>\n<p>Iz ovog broja izdvajamo:<\/p>\n<p>\u2013 Dodik i Cvijanovi\u0107 sa Lavrovom, Erdoganom i Orbanom<br \/>\n\u2013 Nova antiustavna provokacija iz Sarajeva<br \/>\n\u2013 Dodikove \u017eelje Putinu su se ispunile<\/p>\n<p>&nbsp;<\/p>\n<p><a href=\"http:\/\/predstavnistvorsbg.rs\/bilteni_2024\/bilten_139_lat\/index.html\" target=\"_blank\" rel=\"noopener\"><strong>BILTEN BROJ 139<\/strong><\/a>, februar 2024. godine<\/p>\n<p>Iz ovog broja izdvajamo:<\/p>\n<p>\u2013 Dodik sa Putinom<br \/>\n\u2013 Bjelorusija \u0107e pomo\u0107i razvoju Srpske<br \/>\n\u2013 Vatromet \u0161irom srpskog svijeta<\/p>\n<p>&nbsp;<\/p>\n<p><a href=\"http:\/\/predstavnistvorsbg.rs\/bilteni_2024\/bilten_138_lat\/index.html\" target=\"_blank\" rel=\"noopener\"><strong>BILTEN BROJ 138<\/strong><\/a>, januar 2024. godine<\/p>\n<p>Iz ovog broja izdvajamo:<\/p>\n<p>\u2013 Dan Republike: sve\u010danije nego ikada<br \/>\n\u2013 Kara\u0111or\u0111eva zvijezda za \u0161efa Predstavni\u0161tva Srpske u Srbiji<br \/>\n\u2013 Dodik imenovao Vulina za senatora<\/p>\n<\/div><\/div><\/div><\/div><\/div><\/div><\/div><\/section><section class=\"l-section wpb_row us_custom_6217dcc9 height_small\"><div class=\"l-section-h i-cf\"><div class=\"g-cols vc_row type_default valign_top\"><div class=\"vc_col-sm-12 wpb_column vc_column_container\"><div class=\"vc_column-inner\"><div class=\"wpb_wrapper\"><div class=\"w-sharing type_solid align_left color_default\"><div class=\"w-sharing-list\" data-sharing-url=\"https:\/\/predstavnistvorsbg.rs\/sr-Latn\/wp-json\/wp\/v2\/pages\/10658\" data-sharing-image=\"\"><a class=\"w-sharing-item email\" href=\"javascript:void(0)\" title=\"Email this\" aria-label=\"Email this\"><span class=\"w-sharing-icon\"><\/span><\/a><a class=\"w-sharing-item facebook\" href=\"javascript:void(0)\" title=\"Share this\" aria-label=\"Share this\"><span class=\"w-sharing-icon\"><\/span><\/a><a class=\"w-sharing-item twitter\" href=\"javascript:void(0)\" title=\"Tweet this\" aria-label=\"Tweet this\"><span class=\"w-sharing-icon\"><\/span><\/a><a class=\"w-sharing-item linkedin\" href=\"javascript:void(0)\" title=\"Share this\" aria-label=\"Share this\"><span class=\"w-sharing-icon\"><\/span><\/a><a class=\"w-sharing-item pinterest\" href=\"javascript:void(0)\" title=\"Pin this\" aria-label=\"Pin this\"><span class=\"w-sharing-icon\"><\/span><\/a><\/div><\/div><\/div><\/div><\/div><\/div><\/div><\/section>\n","protected":false},"excerpt":{"rendered":"Pogledajte-preuzmite Biltene Predstavni\u0161tva Republike Srpske po godinama BiltenBilteni 2026.Bilteni 2025.Bilteni 2024.Bilteni 2023.Bilteni 2022.Bilteni 2021.Bilteni 2020.BILTEN BROJ 148, decembar 2024. godine Iz ovog broja izdvajamo: \u2013Predsjednik Srpske hitno operisan u Beogradu \u2013Ustavnopravni haos u BiH \u2013Dr Budimir i dr Begovi\u0107 potpisali memorandum\u00a0 o saradnji &nbsp; BILTEN BROJ 147, novembar 2024. godine Iz ovog broja izdvajamo: \u2013\u201eBo\u017ee...","protected":false},"author":1,"featured_media":0,"parent":0,"menu_order":0,"comment_status":"closed","ping_status":"closed","template":"","meta":[],"_links":{"self":[{"href":"https:\/\/predstavnistvorsbg.rs\/sr-Latn\/wp-json\/wp\/v2\/pages\/10658"}],"collection":[{"href":"https:\/\/predstavnistvorsbg.rs\/sr-Latn\/wp-json\/wp\/v2\/pages"}],"about":[{"href":"https:\/\/predstavnistvorsbg.rs\/sr-Latn\/wp-json\/wp\/v2\/types\/page"}],"author":[{"embeddable":true,"href":"https:\/\/predstavnistvorsbg.rs\/sr-Latn\/wp-json\/wp\/v2\/users\/1"}],"replies":[{"embeddable":true,"href":"https:\/\/predstavnistvorsbg.rs\/sr-Latn\/wp-json\/wp\/v2\/comments?post=10658"}],"version-history":[{"count":19,"href":"https:\/\/predstavnistvorsbg.rs\/sr-Latn\/wp-json\/wp\/v2\/pages\/10658\/revisions"}],"predecessor-version":[{"id":16427,"href":"https:\/\/predstavnistvorsbg.rs\/sr-Latn\/wp-json\/wp\/v2\/pages\/10658\/revisions\/16427"}],"wp:attachment":[{"href":"https:\/\/predstavnistvorsbg.rs\/sr-Latn\/wp-json\/wp\/v2\/media?parent=10658"}],"curies":[{"name":"wp","href":"https:\/\/api.w.org\/{rel}","templated":true}]}}