{"id":1446,"date":"2022-02-01T21:52:10","date_gmt":"2022-02-01T20:52:10","guid":{"rendered":"https:\/\/prs2.profimediagroup.com\/?page_id=1446"},"modified":"2022-03-08T23:01:09","modified_gmt":"2022-03-08T22:01:09","slug":"predstavnistvo-republike-srpske-u-srbiji-ltn","status":"publish","type":"page","link":"https:\/\/predstavnistvorsbg.rs\/sr-Latn\/predstavnistvo-republike-srpske-u-srbiji-ltn\/","title":{"rendered":"Predstavni\u0161tvo Republike Srpske u Srbiji"},"content":{"rendered":"<section class=\"l-section wpb_row height_small\"><div class=\"l-section-h i-cf\"><div class=\"g-cols vc_row type_default valign_middle\"><div class=\"vc_col-sm-6 wpb_column vc_column_container animate_afl\"><div class=\"vc_column-inner\"><div class=\"wpb_wrapper\"><div class=\"w-image us_custom_9ccc05f2 align_none\"><div class=\"w-image-h\"><img width=\"869\" height=\"502\" src=\"https:\/\/predstavnistvorsbg.rs\/wp-content\/uploads\/2021\/11\/media-centar-rs2.jpg\" class=\"attachment-full size-full\" alt=\"\" loading=\"lazy\" srcset=\"https:\/\/predstavnistvorsbg.rs\/wp-content\/uploads\/2021\/11\/media-centar-rs2.jpg 869w, https:\/\/predstavnistvorsbg.rs\/wp-content\/uploads\/2021\/11\/media-centar-rs2-300x173.jpg 300w\" sizes=\"(max-width: 869px) 100vw, 869px\" \/><\/div><\/div><\/div><\/div><\/div><div class=\"vc_col-sm-6 wpb_column vc_column_container animate_afr\"><div class=\"vc_column-inner\"><div class=\"wpb_wrapper\"><div class=\"g-cols wpb_row  type_default valign_top vc_inner\"><div class=\"vc_col-sm-12 wpb_column vc_column_container\"><div class=\"vc_column-inner\"><div class=\"wpb_wrapper\"><div class=\"wpb_text_column\" ><div class=\"wpb_wrapper\"><p>Predstavni\u0161tvo Republike Srpske u Srbiji se nalazi u Beogradu na adresi Bulevar despota Stefana 4\/IV.<\/p>\n<p>Predstavni\u0161tvo Republike Srpske u Srbiji je registrovano kao Ustanova za unapre\u0111enje ekonomske, nau\u010dno-tehni\u010dke, kulturne i sportske saradnje izme\u0111u Republike Srpske i Republike Srbije i ima status pravnog lica.<\/p>\n<p>Osnovna te\u017enja Predstavni\u0161tva je ostvarivanje i razvoj ukupne institucionalne i druge saradnje izme\u0111u Republike Srpske i Republike Srbije.<\/p>\n<\/div><\/div><\/div><\/div><\/div><\/div><div class=\"g-cols wpb_row  us_custom_39940b90 type_default valign_top vc_inner\"><div class=\"vc_col-sm-4 wpb_column vc_column_container\"><div class=\"vc_column-inner\"><div class=\"wpb_wrapper\"><div class=\"w-iconbox iconpos_left style_circle color_primary align_left no_text\"><a title=\"\u041e nama\" href=\"\/sr-Latn\/predstavnistvo-republike-srpske-u-srbiji-ltn\/o-nama-ltn\/\" class=\"w-iconbox-link\" aria-label=\"\u041e nama\"><div class=\"w-iconbox-icon\" style=\"font-size:24px;\"><i class=\"far fa-users\"><\/i><\/div><\/a><div class=\"w-iconbox-meta\"><a title=\"\u041e nama\" href=\"\/sr-Latn\/predstavnistvo-republike-srpske-u-srbiji-ltn\/o-nama-ltn\/\" class=\"w-iconbox-link\" aria-label=\"\u041e nama\"><h4 class=\"w-iconbox-title\">\u041e nama<\/h4><\/a><\/div><\/div><\/div><\/div><\/div><div class=\"vc_col-sm-4 wpb_column vc_column_container\"><div class=\"vc_column-inner\"><div class=\"wpb_wrapper\"><div class=\"w-iconbox iconpos_left style_circle color_primary align_left no_text\"><a title=\"Istorijat Predstavni\u0161tva\" href=\"\/sr-Latn\/predstavnistvo-republike-srpske-u-srbiji-ltn\/istorijat-predstavnistva-ltn\/\" class=\"w-iconbox-link\" aria-label=\"Istorijat\"><div class=\"w-iconbox-icon\" style=\"font-size:24px;\"><i class=\"far fa-history\"><\/i><\/div><\/a><div class=\"w-iconbox-meta\"><a title=\"Istorijat Predstavni\u0161tva\" href=\"\/sr-Latn\/predstavnistvo-republike-srpske-u-srbiji-ltn\/istorijat-predstavnistva-ltn\/\" class=\"w-iconbox-link\" aria-label=\"Istorijat\"><h4 class=\"w-iconbox-title\">Istorijat<\/h4><\/a><\/div><\/div><\/div><\/div><\/div><div class=\"vc_col-sm-4 wpb_column vc_column_container\"><div class=\"vc_column-inner\"><div class=\"wpb_wrapper\"><div class=\"w-iconbox iconpos_left style_circle color_primary align_left no_text\"><a title=\"Organizacija Predstavni\u0161tva\" href=\"\/sr-Latn\/predstavnistvo-republike-srpske-u-srbiji-ltn\/organizacija-predstavnistva-ltn\/\" class=\"w-iconbox-link\" aria-label=\"Organizacija\"><div class=\"w-iconbox-icon\" style=\"font-size:24px;\"><i class=\"far fa-building\"><\/i><\/div><\/a><div class=\"w-iconbox-meta\"><a title=\"Organizacija Predstavni\u0161tva\" href=\"\/sr-Latn\/predstavnistvo-republike-srpske-u-srbiji-ltn\/organizacija-predstavnistva-ltn\/\" class=\"w-iconbox-link\" aria-label=\"Organizacija\"><h4 class=\"w-iconbox-title\">Organizacija<\/h4><\/a><\/div><\/div><\/div><\/div><\/div><\/div><\/div><\/div><\/div><\/div><\/div><\/section><section class=\"l-section wpb_row us_custom_6217dcc9 height_small\"><div class=\"l-section-h i-cf\"><div class=\"g-cols vc_row type_default valign_top\"><div class=\"vc_col-sm-12 wpb_column vc_column_container animate_afl\"><div class=\"vc_column-inner\"><div class=\"wpb_wrapper\"><div class=\"w-sharing type_solid align_left color_default\"><div class=\"w-sharing-list\" data-sharing-url=\"https:\/\/predstavnistvorsbg.rs\/sr-Latn\/wp-json\/wp\/v2\/pages\/1446\" data-sharing-image=\"\"><a class=\"w-sharing-item email\" href=\"javascript:void(0)\" title=\"Email this\" aria-label=\"Email this\"><span class=\"w-sharing-icon\"><\/span><\/a><a class=\"w-sharing-item facebook\" href=\"javascript:void(0)\" title=\"Share this\" aria-label=\"Share this\"><span class=\"w-sharing-icon\"><\/span><\/a><a class=\"w-sharing-item twitter\" href=\"javascript:void(0)\" title=\"Tweet this\" aria-label=\"Tweet this\"><span class=\"w-sharing-icon\"><\/span><\/a><a class=\"w-sharing-item linkedin\" href=\"javascript:void(0)\" title=\"Share this\" aria-label=\"Share this\"><span class=\"w-sharing-icon\"><\/span><\/a><a class=\"w-sharing-item pinterest\" href=\"javascript:void(0)\" title=\"Pin this\" aria-label=\"Pin this\"><span class=\"w-sharing-icon\"><\/span><\/a><\/div><\/div><\/div><\/div><\/div><\/div><\/div><\/section>\n","protected":false},"excerpt":{"rendered":"Predstavni\u0161tvo Republike Srpske u Srbiji se nalazi u Beogradu na adresi Bulevar despota Stefana 4\/IV. Predstavni\u0161tvo Republike Srpske u Srbiji je registrovano kao Ustanova za unapre\u0111enje ekonomske, nau\u010dno-tehni\u010dke, kulturne i sportske saradnje izme\u0111u Republike Srpske i Republike Srbije i ima status pravnog lica. Osnovna te\u017enja Predstavni\u0161tva je ostvarivanje i razvoj ukupne institucionalne i druge saradnje...","protected":false},"author":1,"featured_media":0,"parent":0,"menu_order":0,"comment_status":"closed","ping_status":"closed","template":"","meta":[],"_links":{"self":[{"href":"https:\/\/predstavnistvorsbg.rs\/sr-Latn\/wp-json\/wp\/v2\/pages\/1446"}],"collection":[{"href":"https:\/\/predstavnistvorsbg.rs\/sr-Latn\/wp-json\/wp\/v2\/pages"}],"about":[{"href":"https:\/\/predstavnistvorsbg.rs\/sr-Latn\/wp-json\/wp\/v2\/types\/page"}],"author":[{"embeddable":true,"href":"https:\/\/predstavnistvorsbg.rs\/sr-Latn\/wp-json\/wp\/v2\/users\/1"}],"replies":[{"embeddable":true,"href":"https:\/\/predstavnistvorsbg.rs\/sr-Latn\/wp-json\/wp\/v2\/comments?post=1446"}],"version-history":[{"count":0,"href":"https:\/\/predstavnistvorsbg.rs\/sr-Latn\/wp-json\/wp\/v2\/pages\/1446\/revisions"}],"wp:attachment":[{"href":"https:\/\/predstavnistvorsbg.rs\/sr-Latn\/wp-json\/wp\/v2\/media?parent=1446"}],"curies":[{"name":"wp","href":"https:\/\/api.w.org\/{rel}","templated":true}]}}