{"id":1448,"date":"2022-02-01T21:55:28","date_gmt":"2022-02-01T20:55:28","guid":{"rendered":"https:\/\/prs2.profimediagroup.com\/?page_id=1448"},"modified":"2022-02-01T21:55:28","modified_gmt":"2022-02-01T20:55:28","slug":"o-nama-ltn","status":"publish","type":"page","link":"https:\/\/predstavnistvorsbg.rs\/sr-Latn\/predstavnistvo-republike-srpske-u-srbiji-ltn\/o-nama-ltn\/","title":{"rendered":"\u041e nama"},"content":{"rendered":"<section class=\"l-section wpb_row height_small\"><div class=\"l-section-h i-cf\"><div class=\"g-cols vc_row type_default valign_top\"><div class=\"vc_col-sm-12 wpb_column vc_column_container\"><div class=\"vc_column-inner\"><div class=\"wpb_wrapper\"><div class=\"wpb_text_column\" ><div class=\"wpb_wrapper\"><p>Predstavni\u0161tvo Republike Srpske u Srbiji se nalazi u Beogradu na adresi Bulevar despota Stefana 4\/IV.<\/p>\n<p>Predstavni\u0161tvo je osnovala Vlada Republike Srpske s ciljem da za interese i potrebe Republike Srpske obavlja poslove na unapre\u0111enju ekonomske, nau\u010dno-tehni\u010dke, kulturne, socijalne, informativne, prosvjetne, sportske i druge saradnje sa subjektima u Republici Srbiji, uklju\u010duju\u0107i i poslove koji se odnose na sprovo\u0111enje Sporazuma o uspostavljanju specijalnih paralelnih odnosa izme\u0111u Republike Srpske i Republike Srbije.<\/p>\n<h3>Misija<\/h3>\n<p>Osnovna te\u017enja Predstavni\u0161tva je ostvarivanje i razvoj ukupne institucionalne i druge saradnje izme\u0111u Republike Srpske i Republike Srbije.<\/p>\n<p>Predstavni\u0161tvo te\u017ei da postane reprezentativan privredno-kulturni centar Republike Srpske u Srbiji koji predstavlja i promovi\u0161e sve potencijale i resurse Republike Srpske.<\/p>\n<p>\u017delja nam je da na\u0161e prostorije postanu mjesto gdje \u0107e se okupljati privrednici, umjetnici i drugi djelatnici koji su zainteresovani za ja\u010danje i oboga\u0107ivanje saradnje, kako bi zajedni\u010dkom energijom i radom doprinijeli boljem \u017eivotu i razumijevanju izme\u0111u svih gra\u0111ana i naroda Srbije i Republike Srpske, odnosno Bosne i Hercegovine.<\/p>\n<\/div><\/div><\/div><\/div><\/div><\/div><\/div><\/section><section class=\"l-section wpb_row us_custom_6217dcc9 height_small\"><div class=\"l-section-h i-cf\"><div class=\"g-cols vc_row type_default valign_top\"><div class=\"vc_col-sm-12 wpb_column vc_column_container\"><div class=\"vc_column-inner\"><div class=\"wpb_wrapper\"><div class=\"w-sharing type_solid align_left color_default\"><div class=\"w-sharing-list\" data-sharing-url=\"https:\/\/predstavnistvorsbg.rs\/sr-Latn\/wp-json\/wp\/v2\/pages\/1448\" data-sharing-image=\"\"><a class=\"w-sharing-item email\" href=\"javascript:void(0)\" title=\"Email this\" aria-label=\"Email this\"><span class=\"w-sharing-icon\"><\/span><\/a><a class=\"w-sharing-item facebook\" href=\"javascript:void(0)\" title=\"Share this\" aria-label=\"Share this\"><span class=\"w-sharing-icon\"><\/span><\/a><a class=\"w-sharing-item twitter\" href=\"javascript:void(0)\" title=\"Tweet this\" aria-label=\"Tweet this\"><span class=\"w-sharing-icon\"><\/span><\/a><a class=\"w-sharing-item linkedin\" href=\"javascript:void(0)\" title=\"Share this\" aria-label=\"Share this\"><span class=\"w-sharing-icon\"><\/span><\/a><a class=\"w-sharing-item pinterest\" href=\"javascript:void(0)\" title=\"Pin this\" aria-label=\"Pin this\"><span class=\"w-sharing-icon\"><\/span><\/a><\/div><\/div><\/div><\/div><\/div><\/div><\/div><\/section>\n","protected":false},"excerpt":{"rendered":"Predstavni\u0161tvo Republike Srpske u Srbiji se nalazi u Beogradu na adresi Bulevar despota Stefana 4\/IV. Predstavni\u0161tvo je osnovala Vlada Republike Srpske s ciljem da za interese i potrebe Republike Srpske obavlja poslove na unapre\u0111enju ekonomske, nau\u010dno-tehni\u010dke, kulturne, socijalne, informativne, prosvjetne, sportske i druge saradnje sa subjektima u Republici Srbiji, uklju\u010duju\u0107i i poslove koji se odnose...","protected":false},"author":1,"featured_media":0,"parent":1446,"menu_order":0,"comment_status":"closed","ping_status":"closed","template":"","meta":[],"_links":{"self":[{"href":"https:\/\/predstavnistvorsbg.rs\/sr-Latn\/wp-json\/wp\/v2\/pages\/1448"}],"collection":[{"href":"https:\/\/predstavnistvorsbg.rs\/sr-Latn\/wp-json\/wp\/v2\/pages"}],"about":[{"href":"https:\/\/predstavnistvorsbg.rs\/sr-Latn\/wp-json\/wp\/v2\/types\/page"}],"author":[{"embeddable":true,"href":"https:\/\/predstavnistvorsbg.rs\/sr-Latn\/wp-json\/wp\/v2\/users\/1"}],"replies":[{"embeddable":true,"href":"https:\/\/predstavnistvorsbg.rs\/sr-Latn\/wp-json\/wp\/v2\/comments?post=1448"}],"version-history":[{"count":0,"href":"https:\/\/predstavnistvorsbg.rs\/sr-Latn\/wp-json\/wp\/v2\/pages\/1448\/revisions"}],"up":[{"embeddable":true,"href":"https:\/\/predstavnistvorsbg.rs\/sr-Latn\/wp-json\/wp\/v2\/pages\/1446"}],"wp:attachment":[{"href":"https:\/\/predstavnistvorsbg.rs\/sr-Latn\/wp-json\/wp\/v2\/media?parent=1448"}],"curies":[{"name":"wp","href":"https:\/\/api.w.org\/{rel}","templated":true}]}}