{"id":1449,"date":"2022-02-01T21:57:32","date_gmt":"2022-02-01T20:57:32","guid":{"rendered":"https:\/\/prs2.profimediagroup.com\/?page_id=1449"},"modified":"2025-03-17T11:13:53","modified_gmt":"2025-03-17T10:13:53","slug":"istorijat-predstavnistva-ltn","status":"publish","type":"page","link":"https:\/\/predstavnistvorsbg.rs\/sr-Latn\/predstavnistvo-republike-srpske-u-srbiji-ltn\/istorijat-predstavnistva-ltn\/","title":{"rendered":"Istorijat Predstavni\u0161tva"},"content":{"rendered":"<section class=\"l-section wpb_row height_small\"><div class=\"l-section-h i-cf\"><div class=\"g-cols vc_row type_default valign_top\"><div class=\"vc_col-sm-12 wpb_column vc_column_container\"><div class=\"vc_column-inner\"><div class=\"wpb_wrapper\"><div class=\"wpb_text_column\" ><div class=\"wpb_wrapper\"><p>U cilju unapre\u0111enja odnosa izme\u0111u Republike Srpske i tada\u0161nje Republike Jugoslavije 1992. godine osnovan je Ekonomski biro u Beogradu, koji je 1993. godine transformisan u Biro Republike Srpske u Saveznoj Republici Jugoslaviji.<br \/>\nBiro je obavljao poslove koji su se odnosili na: unapre\u0111enje i razvijanje politi\u010dkih, ekonomskih, kulturnih i drugih odnosa sa SR Jugoslavijom, kao i poslove na pru\u017eanju pomo\u0107i izbjeglicama, koordinaciji poslova u za\u0161titi boraca, ratnih i mirnodobskih vojnih invalida i njihovih porodica, kao i civilnih \u017ertava rata.<\/p>\n<p>1996. godine Biro se transformisao u Predstavni\u0161tvo Republike Srpske u SR Jugoslaviji.<\/p>\n<p>Odlukom Vlade Republike Srpske broj: 02\/1-020-1046\/02 od 03.12.2002. godine (\u201eSlu\u017ebeni glasnik RS\u201c, broj: 81\/02 od 16.12.2002.g.) osniva se Ustanova za unapre\u0111enje ekonomske, nau\u010dno-tehni\u010dke, kulturne i sportske saradnje izme\u0111u Republike Srpske i SR Jugoslavije i time Predstavni\u0161tvo od 01.01.2003. godine dobija svoj kona\u010dan oblik i status.<br \/>\nUstanova se osniva sa ciljem da obavlja poslove za potrebe Republike Srpske iz oblasti ekonomske, nau\u010dno-tehni\u010dke, kulturne, socijalne, informativne, prosvjetne, sportske i druge saradnje sa subjektima u SR Jugoslaviji, kao i poslove u vezi sa primjenom Sporazuma o uspostavljanju specijalnih paralelnih odnosa izme\u0111u Republike Srpske i SR Jugoslavije.<br \/>\nZa direktora Ustanove postavljen je Mla\u0111en Cicovi\u0107, a sjedi\u0161te Ustanove se nalazilo u De\u010danskoj ulici broj 8 u Beogradu.<\/p>\n<p>Odlukom Vlade Republike Srpske broj: 04\/1-012-1434\/08 od 12.06.2008. godine (\u201eSlu\u017ebeni glasnik RS\u201c, broj: 60\/08 od 26.06.2008.g.) mijenja se naziv u Ustanova za unapre\u0111enje ekonomske, nau\u010dno-tehni\u010dke, kulturne i sportske saradnje izme\u0111u Republike Srpske i Republike Srbije, kao i adresa sjedi\u0161ta Ustanove.<\/p>\n<p>U novembru 2008. godine, uz prisustvo najvi\u0161ih zvani\u010dnika Republike Srpske i Srbije, sve\u010dano su otvorene nove prostorije Predstavni\u0161tva koje se nalaze u Ulici Bulevar despota Stefana broj 4\/IV.<\/p>\n<p>Danas Predstavni\u0161tvo Republike Srpske u Srbiji nastoji da, na najbolji na\u010din, predstavlja i promovi\u0161e Republiku Srpsku i doprinosi unapre\u0111enju saradnje u svim oblastima stvaraju\u0107i \u010dvr\u0161\u0107e veze izme\u0111u institucija i gra\u0111ana Republike Srpske, odnosno Bosne i Hercegovine i Srbije.<\/p>\n<\/div><\/div><\/div><\/div><\/div><\/div><\/div><\/section><section class=\"l-section wpb_row us_custom_6217dcc9 height_small\"><div class=\"l-section-h i-cf\"><div class=\"g-cols vc_row type_default valign_top\"><div class=\"vc_col-sm-12 wpb_column vc_column_container\"><div class=\"vc_column-inner\"><div class=\"wpb_wrapper\"><div class=\"w-sharing type_solid align_left color_default\"><div class=\"w-sharing-list\" data-sharing-url=\"https:\/\/predstavnistvorsbg.rs\/sr-Latn\/wp-json\/wp\/v2\/pages\/1449\" data-sharing-image=\"\"><a class=\"w-sharing-item email\" href=\"javascript:void(0)\" title=\"Email this\" aria-label=\"Email this\"><span class=\"w-sharing-icon\"><\/span><\/a><a class=\"w-sharing-item facebook\" href=\"javascript:void(0)\" title=\"Share this\" aria-label=\"Share this\"><span class=\"w-sharing-icon\"><\/span><\/a><a class=\"w-sharing-item twitter\" href=\"javascript:void(0)\" title=\"Tweet this\" aria-label=\"Tweet this\"><span class=\"w-sharing-icon\"><\/span><\/a><a class=\"w-sharing-item linkedin\" href=\"javascript:void(0)\" title=\"Share this\" aria-label=\"Share this\"><span class=\"w-sharing-icon\"><\/span><\/a><a class=\"w-sharing-item pinterest\" href=\"javascript:void(0)\" title=\"Pin this\" aria-label=\"Pin this\"><span class=\"w-sharing-icon\"><\/span><\/a><\/div><\/div><\/div><\/div><\/div><\/div><\/div><\/section>\n","protected":false},"excerpt":{"rendered":"U cilju unapre\u0111enja odnosa izme\u0111u Republike Srpske i tada\u0161nje Republike Jugoslavije 1992. godine osnovan je Ekonomski biro u Beogradu, koji je 1993. godine transformisan u Biro Republike Srpske u Saveznoj Republici Jugoslaviji. Biro je obavljao poslove koji su se odnosili na: unapre\u0111enje i razvijanje politi\u010dkih, ekonomskih, kulturnih i drugih odnosa sa SR Jugoslavijom, kao i...","protected":false},"author":1,"featured_media":0,"parent":1446,"menu_order":0,"comment_status":"closed","ping_status":"closed","template":"","meta":[],"_links":{"self":[{"href":"https:\/\/predstavnistvorsbg.rs\/sr-Latn\/wp-json\/wp\/v2\/pages\/1449"}],"collection":[{"href":"https:\/\/predstavnistvorsbg.rs\/sr-Latn\/wp-json\/wp\/v2\/pages"}],"about":[{"href":"https:\/\/predstavnistvorsbg.rs\/sr-Latn\/wp-json\/wp\/v2\/types\/page"}],"author":[{"embeddable":true,"href":"https:\/\/predstavnistvorsbg.rs\/sr-Latn\/wp-json\/wp\/v2\/users\/1"}],"replies":[{"embeddable":true,"href":"https:\/\/predstavnistvorsbg.rs\/sr-Latn\/wp-json\/wp\/v2\/comments?post=1449"}],"version-history":[{"count":1,"href":"https:\/\/predstavnistvorsbg.rs\/sr-Latn\/wp-json\/wp\/v2\/pages\/1449\/revisions"}],"predecessor-version":[{"id":17006,"href":"https:\/\/predstavnistvorsbg.rs\/sr-Latn\/wp-json\/wp\/v2\/pages\/1449\/revisions\/17006"}],"up":[{"embeddable":true,"href":"https:\/\/predstavnistvorsbg.rs\/sr-Latn\/wp-json\/wp\/v2\/pages\/1446"}],"wp:attachment":[{"href":"https:\/\/predstavnistvorsbg.rs\/sr-Latn\/wp-json\/wp\/v2\/media?parent=1449"}],"curies":[{"name":"wp","href":"https:\/\/api.w.org\/{rel}","templated":true}]}}