{"id":1450,"date":"2022-02-01T21:59:17","date_gmt":"2022-02-01T20:59:17","guid":{"rendered":"https:\/\/prs2.profimediagroup.com\/?page_id=1450"},"modified":"2023-11-20T13:24:06","modified_gmt":"2023-11-20T12:24:06","slug":"organizacija-predstavnistva-ltn","status":"publish","type":"page","link":"https:\/\/predstavnistvorsbg.rs\/sr-Latn\/predstavnistvo-republike-srpske-u-srbiji-ltn\/organizacija-predstavnistva-ltn\/","title":{"rendered":"Organizacija Predstavni\u0161tva"},"content":{"rendered":"<section class=\"l-section wpb_row height_small\"><div class=\"l-section-h i-cf\"><div class=\"g-cols vc_row type_default valign_top\"><div class=\"vc_col-sm-12 wpb_column vc_column_container\"><div class=\"vc_column-inner\"><div class=\"wpb_wrapper\"><div class=\"wpb_text_column\" ><div class=\"wpb_wrapper\"><p>Na\u010din formiranja, organizacija i rad predstavni\u0161tva, centra, ustanove ili drugog oblika organizovanja u inostranstvu, koje osniva Vlada Republike Srpske, propisuje se na osnovu Uredbe o uslovima za formiranje i rad predstavni\u0161tava Republike Srpske u inostranstvu (\u201eSlu\u017ebeni glasnik RS\u201c, br. 125\/11, 123\/12, 24\/16, 1\/18, 31\/19 i 41\/22).<\/p>\n<p>Predstavni\u0161tvo Republike Srpske u Srbiji je registrovano kao Ustanova za unapre\u0111enje ekonomske, nau\u010dno-tehni\u010dke, kulturne i sportske saradnje izme\u0111u Republike Srpske i Republike Srbije i ima status pravnog lica.<\/p>\n<\/div><\/div><div class=\"w-separator size_small\"><\/div><div class=\"wpb_text_column\" ><div class=\"wpb_wrapper\"><h3>Osnovni podaci:<\/h3>\n<ul style=\"font-weight: 400;\">\n<li>Skra\u0107eni naziv: Ustanova Republike Srpske<\/li>\n<li>Registarski broj: 14387\/02<\/li>\n<li>Mati\u010dni broj: 17450956<\/li>\n<li>\u0160ifra djelatnosti: 7220<\/li>\n<li>PIB: 102357470<\/li>\n<li>Teku\u0107i ra\u010dun: NLB Komercijalana banka a.d. Beograd 205-36832-75<\/li>\n<\/ul>\n<p style=\"font-weight: 400;\">Predstavni\u0161tvom rukovodi \u0161ef Predstavni\u0161tva &#8211; direktor Ustanove, a poslove u Predstavni\u0161tvu obavljaju samostalni izvr\u0161ioci. \u0160efa Predstavni\u0161tva Ukazom postavlja predsjednik Republike Srpske.<\/p>\n<\/div><\/div><div class=\"w-separator size_small\"><\/div><div class=\"wpb_text_column\" ><div class=\"wpb_wrapper\"><h3>Zaposleni u Predstavni\u0161tvu Republike Srpske u Srbiji<\/h3>\n<p><strong>Mla\u0111en Cicovi\u0107<\/strong>, \u0161ef Predstavni\u0161tva &#8211; direktor<br \/>\nTel\/faks: +381 11 324 6633, 323 8633<br \/>\n<a href=\"mailto:cicovic.m@predstavnistvorsbg.rs\">cicovic.m@predstavnistvorsbg.rs<\/a><\/p>\n<p><strong>Tatjana Duvnjak<\/strong>, savjetnik za promocije, planiranje i unapre\u0111enje rada Predstavni\u0161tva<br \/>\nTel\/faks: +381 11 324 6633, 323 8633<br \/>\n<a href=\"mailto:duvnjak.t@predstavnistvorsbg.rs\">duvnjak.t@predstavnistvorsbg.rs<\/a><\/p>\n<p><strong>Jelena Kusmuk<\/strong>, savjetnik za razvoj i unapre\u0111enje privredne saradnje i saradnje u oblasti zdravstva i socijalne za\u0161tite<br \/>\nTel\/faks: +381 11 324 6633, 323 8633<br \/>\n<a href=\"mailto:kusmuk.j@predstavnistvorsbg.rs\">kusmuk.j@predstavnistvorsbg.rs<\/a><\/p>\n<p><strong>Borislav\u00a0Maksimovi\u0107,\u00a0<\/strong>savjetnik za razvoj i unapre\u0111enje saradnje u prosvjeti, kulturi, umjetnosti i sportu<br \/>\nTel\/faks: +381 11 324 6633, 323 8633<br \/>\n<a href=\"mailto:maksimovic.b@predstavnistvorsbg.rs\">maksimovic.b@predstavnistvorsbg.rs<\/a><\/p>\n<p><strong>Tijana Kecmanovi\u0107<\/strong>, savjetnik za razvoj i unapre\u0111enje nau\u010dno &#8211; tehni\u010dke saradnje i saradnje u oblasti visokog obrazovanja<br \/>\nTel\/faks: +381 11 324 6633, 323 8633<br \/>\n<a href=\"mailto:kecmanovic.t@predstavnistvorsbg.rs\">kecmanovic.t@predstavnistvorsbg.rs<\/a><\/p>\n<p><strong>Anja Vukeli\u0107<\/strong>, savjetnik za razvoj i unapre\u0111enje informativne saradnje i saradnje sa me\u0111unarodnim i nevladinim organizacijama<br \/>\nTel\/faks: +381 11 324 6633, 323 8633<br \/>\n<a href=\"mailto:vukelic.a@predstavnistvorsbg.rs\">vukelic.a@predstavnistvorsbg.rs<\/a><\/p>\n<p><strong>Ana LJuti\u0107<\/strong>, saradnik za pitanja boraca i \u017ertava rata<br \/>\nTel\/faks: +381 11 324 5051, 323 0676<br \/>\n<a href=\"mailto:ljutic.a@predstavnistvorsbg.rs\">ljutic.a@predstavnistvorsbg.rs<\/a><\/p>\n<p><strong>Branko Kova\u010devi\u0107<\/strong>, saradnik za pravne i kadrovske poslove<br \/>\nTel\/faks: +381 11 324 6633, 323 8633<br \/>\n<a href=\"mailto:kovacevic.b@predstavnistvorsbg.rs\">kovacevic.b@predstavnistvorsbg.rs<\/a><\/p>\n<p><strong>Biljana Stani\u0107<\/strong>, saradnik za poslove finansija i ra\u010dunovodstva<br \/>\nTel\/faks: +381 11 324 6633, 323 8633<br \/>\n<a href=\"mailto:stanic.b@predstavnistvorsbg.rs\">stanic.b@predstavnistvorsbg.rs<\/a><\/p>\n<p><strong>Jadranka Popi\u0107<\/strong>, tehni\u010dki sekretar &#8211; koordinator<br \/>\nTel\/faks: +381 11 324 6633, 323 8633<br \/>\n<a href=\"mailto:popic.j@predstavnistvorsbg.rs\">popic.j@predstavnistvorsbg.rs<\/a><\/p>\n<\/div><\/div><\/div><\/div><\/div><\/div><\/div><\/section><section class=\"l-section wpb_row us_custom_6217dcc9 height_small\"><div class=\"l-section-h i-cf\"><div class=\"g-cols vc_row type_default valign_top\"><div class=\"vc_col-sm-12 wpb_column vc_column_container\"><div class=\"vc_column-inner\"><div class=\"wpb_wrapper\"><div class=\"w-sharing type_solid align_left color_default\"><div class=\"w-sharing-list\" data-sharing-url=\"https:\/\/predstavnistvorsbg.rs\/sr-Latn\/wp-json\/wp\/v2\/pages\/1450\" data-sharing-image=\"\"><a class=\"w-sharing-item email\" href=\"javascript:void(0)\" title=\"Email this\" aria-label=\"Email this\"><span class=\"w-sharing-icon\"><\/span><\/a><a class=\"w-sharing-item facebook\" href=\"javascript:void(0)\" title=\"Share this\" aria-label=\"Share this\"><span class=\"w-sharing-icon\"><\/span><\/a><a class=\"w-sharing-item twitter\" href=\"javascript:void(0)\" title=\"Tweet this\" aria-label=\"Tweet this\"><span class=\"w-sharing-icon\"><\/span><\/a><a class=\"w-sharing-item linkedin\" href=\"javascript:void(0)\" title=\"Share this\" aria-label=\"Share this\"><span class=\"w-sharing-icon\"><\/span><\/a><a class=\"w-sharing-item pinterest\" href=\"javascript:void(0)\" title=\"Pin this\" aria-label=\"Pin this\"><span class=\"w-sharing-icon\"><\/span><\/a><\/div><\/div><\/div><\/div><\/div><\/div><\/div><\/section>\n","protected":false},"excerpt":{"rendered":"Na\u010din formiranja, organizacija i rad predstavni\u0161tva, centra, ustanove ili drugog oblika organizovanja u inostranstvu, koje osniva Vlada Republike Srpske, propisuje se na osnovu Uredbe o uslovima za formiranje i rad predstavni\u0161tava Republike Srpske u inostranstvu (\u201eSlu\u017ebeni glasnik RS\u201c, br. 125\/11, 123\/12, 24\/16, 1\/18, 31\/19 i 41\/22). Predstavni\u0161tvo Republike Srpske u Srbiji je registrovano kao Ustanova...","protected":false},"author":1,"featured_media":0,"parent":1446,"menu_order":0,"comment_status":"closed","ping_status":"closed","template":"","meta":[],"_links":{"self":[{"href":"https:\/\/predstavnistvorsbg.rs\/sr-Latn\/wp-json\/wp\/v2\/pages\/1450"}],"collection":[{"href":"https:\/\/predstavnistvorsbg.rs\/sr-Latn\/wp-json\/wp\/v2\/pages"}],"about":[{"href":"https:\/\/predstavnistvorsbg.rs\/sr-Latn\/wp-json\/wp\/v2\/types\/page"}],"author":[{"embeddable":true,"href":"https:\/\/predstavnistvorsbg.rs\/sr-Latn\/wp-json\/wp\/v2\/users\/1"}],"replies":[{"embeddable":true,"href":"https:\/\/predstavnistvorsbg.rs\/sr-Latn\/wp-json\/wp\/v2\/comments?post=1450"}],"version-history":[{"count":0,"href":"https:\/\/predstavnistvorsbg.rs\/sr-Latn\/wp-json\/wp\/v2\/pages\/1450\/revisions"}],"up":[{"embeddable":true,"href":"https:\/\/predstavnistvorsbg.rs\/sr-Latn\/wp-json\/wp\/v2\/pages\/1446"}],"wp:attachment":[{"href":"https:\/\/predstavnistvorsbg.rs\/sr-Latn\/wp-json\/wp\/v2\/media?parent=1450"}],"curies":[{"name":"wp","href":"https:\/\/api.w.org\/{rel}","templated":true}]}}