{"id":1458,"date":"2022-02-01T22:34:47","date_gmt":"2022-02-01T21:34:47","guid":{"rendered":"https:\/\/prs2.profimediagroup.com\/?page_id=1458"},"modified":"2024-01-17T02:13:58","modified_gmt":"2024-01-17T01:13:58","slug":"republika-srpska-ltn","status":"publish","type":"page","link":"https:\/\/predstavnistvorsbg.rs\/sr-Latn\/republika-srpska-ltn\/","title":{"rendered":"Republika Srpska"},"content":{"rendered":"<section class=\"l-section wpb_row height_small\"><div class=\"l-section-h i-cf\"><div class=\"g-cols vc_row type_default valign_middle\"><div class=\"vc_col-sm-6 wpb_column vc_column_container animate_afl\"><div class=\"vc_column-inner\"><div class=\"wpb_wrapper\"><div class=\"w-image us_custom_9ccc05f2 align_none\"><div class=\"w-image-h\"><img width=\"869\" height=\"502\" src=\"https:\/\/predstavnistvorsbg.rs\/wp-content\/uploads\/2021\/11\/Zgrada-vlade.png\" class=\"attachment-full size-full\" alt=\"\" loading=\"lazy\" srcset=\"https:\/\/predstavnistvorsbg.rs\/wp-content\/uploads\/2021\/11\/Zgrada-vlade.png 869w, https:\/\/predstavnistvorsbg.rs\/wp-content\/uploads\/2021\/11\/Zgrada-vlade-300x173.png 300w\" sizes=\"(max-width: 869px) 100vw, 869px\" \/><\/div><\/div><\/div><\/div><\/div><div class=\"vc_col-sm-6 wpb_column vc_column_container animate_afr\"><div class=\"vc_column-inner\"><div class=\"wpb_wrapper\"><div class=\"g-cols wpb_row  type_default valign_top vc_inner\"><div class=\"vc_col-sm-6 wpb_column vc_column_container\"><div class=\"vc_column-inner\"><div class=\"wpb_wrapper\"><div class=\"wpb_text_column\" ><div class=\"wpb_wrapper\"><p style=\"font-size: 20px;\"><strong>Povr\u0161ina:<\/strong> 25.053km<sup>2<\/sup><\/p>\n<p style=\"font-size: 20px;\"><strong>Stanovni\u0161tvo:<\/strong> 1.170.342<\/p>\n<\/div><\/div><\/div><\/div><\/div><div class=\"vc_col-sm-6 wpb_column vc_column_container\"><div class=\"vc_column-inner\"><div class=\"wpb_wrapper\"><div class=\"wpb_text_column\" ><div class=\"wpb_wrapper\"><p style=\"font-size: 20px;\"><strong>Glavni grad:<\/strong> Banja Luka<\/p>\n<p style=\"font-size: 20px;\"><strong>Valuta:<\/strong> Konvertibilna marka<\/p>\n<\/div><\/div><\/div><\/div><\/div><\/div><div class=\"g-cols wpb_row  us_custom_39940b90 type_default valign_top vc_inner\"><div class=\"vc_col-sm-4 wpb_column vc_column_container\"><div class=\"vc_column-inner\"><div class=\"wpb_wrapper\"><div class=\"w-iconbox iconpos_left style_circle color_primary align_left no_text\"><a title=\"Op\u0161ti podaci\" href=\"\/sr-Latn\/republika-srpska-ltn\/opsti-podaci-ltn\/\" class=\"w-iconbox-link\" aria-label=\"Op\u0161ti podaci\"><div class=\"w-iconbox-icon\" style=\"font-size:24px;\"><i class=\"far fa-file-alt\"><\/i><\/div><\/a><div class=\"w-iconbox-meta\"><a title=\"Op\u0161ti podaci\" href=\"\/sr-Latn\/republika-srpska-ltn\/opsti-podaci-ltn\/\" class=\"w-iconbox-link\" aria-label=\"Op\u0161ti podaci\"><h4 class=\"w-iconbox-title\">Op\u0161ti podaci<\/h4><\/a><\/div><\/div><\/div><\/div><\/div><div class=\"vc_col-sm-4 wpb_column vc_column_container\"><div class=\"vc_column-inner\"><div class=\"wpb_wrapper\"><div class=\"w-iconbox iconpos_left style_circle color_primary align_left no_text\"><a title=\"Privreda\" href=\"\/sr-Latn\/republika-srpska-ltn\/privreda-ltn\/\" class=\"w-iconbox-link\" aria-label=\"Privreda\"><div class=\"w-iconbox-icon\" style=\"font-size:24px;\"><i class=\"far fa-industry-alt\"><\/i><\/div><\/a><div class=\"w-iconbox-meta\"><a title=\"Privreda\" href=\"\/sr-Latn\/republika-srpska-ltn\/privreda-ltn\/\" class=\"w-iconbox-link\" aria-label=\"Privreda\"><h4 class=\"w-iconbox-title\">Privreda<\/h4><\/a><\/div><\/div><\/div><\/div><\/div><div class=\"vc_col-sm-4 wpb_column vc_column_container\"><div class=\"vc_column-inner\"><div class=\"wpb_wrapper\"><div class=\"w-iconbox iconpos_left style_circle color_primary align_left no_text\"><a title=\"Nauka i tehnologija\" href=\"\/sr-Latn\/republika-srpska-ltn\/nauka-i-tehnologija\/\" class=\"w-iconbox-link\" aria-label=\"Nauka i tehnologija\"><div class=\"w-iconbox-icon\" style=\"font-size:24px;\"><i class=\"far fa-atom-alt\"><\/i><\/div><\/a><div class=\"w-iconbox-meta\"><a title=\"Nauka i tehnologija\" href=\"\/sr-Latn\/republika-srpska-ltn\/nauka-i-tehnologija\/\" class=\"w-iconbox-link\" aria-label=\"Nauka i tehnologija\"><h4 class=\"w-iconbox-title\">Nauka i tehnologija<\/h4><\/a><\/div><\/div><\/div><\/div><\/div><\/div><div class=\"g-cols wpb_row  us_custom_39940b90 type_default valign_top vc_inner\"><div class=\"vc_col-sm-4 wpb_column vc_column_container\"><div class=\"vc_column-inner\"><div class=\"wpb_wrapper\"><div class=\"w-iconbox iconpos_left style_circle color_primary align_left no_text\"><a title=\"Obrazovanje\" href=\"\/sr-Latn\/republika-srpska-ltn\/obrazovanje\/\" class=\"w-iconbox-link\" aria-label=\"Obrazovanje\"><div class=\"w-iconbox-icon\" style=\"font-size:24px;\"><i class=\"far fa-book-open\"><\/i><\/div><\/a><div class=\"w-iconbox-meta\"><a title=\"Obrazovanje\" href=\"\/sr-Latn\/republika-srpska-ltn\/obrazovanje\/\" class=\"w-iconbox-link\" aria-label=\"Obrazovanje\"><h4 class=\"w-iconbox-title\">Obrazovanje<\/h4><\/a><\/div><\/div><\/div><\/div><\/div><div class=\"vc_col-sm-4 wpb_column vc_column_container\"><div class=\"vc_column-inner\"><div class=\"wpb_wrapper\"><div class=\"w-iconbox iconpos_left style_circle color_primary align_left no_text\"><a title=\"Kultura\" href=\"\/sr-Latn\/republika-srpska-ltn\/kultura\/\" class=\"w-iconbox-link\" aria-label=\"Kultura\"><div class=\"w-iconbox-icon\" style=\"font-size:24px;\"><i class=\"far fa-university\"><\/i><\/div><\/a><div class=\"w-iconbox-meta\"><a title=\"Kultura\" href=\"\/sr-Latn\/republika-srpska-ltn\/kultura\/\" class=\"w-iconbox-link\" aria-label=\"Kultura\"><h4 class=\"w-iconbox-title\">Kultura<\/h4><\/a><\/div><\/div><\/div><\/div><\/div><div class=\"vc_col-sm-4 wpb_column vc_column_container\"><div class=\"vc_column-inner\"><div class=\"wpb_wrapper\"><div class=\"w-iconbox iconpos_left style_circle color_primary align_left no_text\"><a title=\"Sport\" href=\"\/sr-Latn\/republika-srpska-ltn\/sport\/\" class=\"w-iconbox-link\" aria-label=\"Sport\"><div class=\"w-iconbox-icon\" style=\"font-size:24px;\"><i class=\"far fa-volleyball-ball\"><\/i><\/div><\/a><div class=\"w-iconbox-meta\"><a title=\"Sport\" href=\"\/sr-Latn\/republika-srpska-ltn\/sport\/\" class=\"w-iconbox-link\" aria-label=\"Sport\"><h4 class=\"w-iconbox-title\">Sport<\/h4><\/a><\/div><\/div><\/div><\/div><\/div><\/div><\/div><\/div><\/div><\/div><\/div><\/section><section class=\"l-section wpb_row us_custom_6217dcc9 height_small\"><div class=\"l-section-h i-cf\"><div class=\"g-cols vc_row type_default valign_top\"><div class=\"vc_col-sm-12 wpb_column vc_column_container animate_afl\"><div class=\"vc_column-inner\"><div class=\"wpb_wrapper\"><div class=\"w-sharing type_solid align_left color_default\"><div class=\"w-sharing-list\" data-sharing-url=\"https:\/\/predstavnistvorsbg.rs\/sr-Latn\/wp-json\/wp\/v2\/pages\/1458\" data-sharing-image=\"\"><a class=\"w-sharing-item email\" href=\"javascript:void(0)\" title=\"Email this\" aria-label=\"Email this\"><span class=\"w-sharing-icon\"><\/span><\/a><a class=\"w-sharing-item facebook\" href=\"javascript:void(0)\" title=\"Share this\" aria-label=\"Share this\"><span class=\"w-sharing-icon\"><\/span><\/a><a class=\"w-sharing-item twitter\" href=\"javascript:void(0)\" title=\"Tweet this\" aria-label=\"Tweet this\"><span class=\"w-sharing-icon\"><\/span><\/a><a class=\"w-sharing-item linkedin\" href=\"javascript:void(0)\" title=\"Share this\" aria-label=\"Share this\"><span class=\"w-sharing-icon\"><\/span><\/a><a class=\"w-sharing-item pinterest\" href=\"javascript:void(0)\" title=\"Pin this\" aria-label=\"Pin this\"><span class=\"w-sharing-icon\"><\/span><\/a><\/div><\/div><\/div><\/div><\/div><\/div><\/div><\/section>\n","protected":false},"excerpt":{"rendered":"Povr\u0161ina: 25.053km2 Stanovni\u0161tvo: 1.170.342 Glavni grad: Banja Luka Valuta: Konvertibilna marka Op\u0161ti podaciPrivredaNauka i tehnologijaObrazovanjeKulturaSport","protected":false},"author":1,"featured_media":0,"parent":0,"menu_order":0,"comment_status":"closed","ping_status":"closed","template":"","meta":[],"_links":{"self":[{"href":"https:\/\/predstavnistvorsbg.rs\/sr-Latn\/wp-json\/wp\/v2\/pages\/1458"}],"collection":[{"href":"https:\/\/predstavnistvorsbg.rs\/sr-Latn\/wp-json\/wp\/v2\/pages"}],"about":[{"href":"https:\/\/predstavnistvorsbg.rs\/sr-Latn\/wp-json\/wp\/v2\/types\/page"}],"author":[{"embeddable":true,"href":"https:\/\/predstavnistvorsbg.rs\/sr-Latn\/wp-json\/wp\/v2\/users\/1"}],"replies":[{"embeddable":true,"href":"https:\/\/predstavnistvorsbg.rs\/sr-Latn\/wp-json\/wp\/v2\/comments?post=1458"}],"version-history":[{"count":0,"href":"https:\/\/predstavnistvorsbg.rs\/sr-Latn\/wp-json\/wp\/v2\/pages\/1458\/revisions"}],"wp:attachment":[{"href":"https:\/\/predstavnistvorsbg.rs\/sr-Latn\/wp-json\/wp\/v2\/media?parent=1458"}],"curies":[{"name":"wp","href":"https:\/\/api.w.org\/{rel}","templated":true}]}}