{"id":1461,"date":"2022-02-01T22:40:42","date_gmt":"2022-02-01T21:40:42","guid":{"rendered":"https:\/\/prs2.profimediagroup.com\/?page_id=1461"},"modified":"2024-11-06T14:04:11","modified_gmt":"2024-11-06T13:04:11","slug":"opsti-podaci-ltn","status":"publish","type":"page","link":"https:\/\/predstavnistvorsbg.rs\/sr-Latn\/republika-srpska-ltn\/opsti-podaci-ltn\/","title":{"rendered":"Op\u0161ti podaci"},"content":{"rendered":"<section class=\"l-section wpb_row height_small\"><div class=\"l-section-h i-cf\"><div class=\"g-cols vc_row type_default valign_top\"><div class=\"vc_col-sm-6 wpb_column vc_column_container animate_afl\"><div class=\"vc_column-inner\"><div class=\"wpb_wrapper\"><div class=\"wpb_text_column\" ><div class=\"wpb_wrapper\"><p>Teritorija Republike Srpske se nalazi izme\u0111u 42\u00b0 33&#8242; i 45\u00b0 16&#8242; sjeverne geografske \u0161irine, te 16\u00b0 11&#8242; i 19\u00b0 37&#8242; isto\u010dne geografske du\u017eine. Zahvata sjeverni i isto\u010dni dio geoprostora Bosne i Harcegovine.<\/p>\n<p>Republika Srpska grani\u010di sa Republikom Srbijom, Crnom Gorom, Hrvatskom i entitetom Federacijom Bosne i Hercegovine. Ukupna du\u017eina granice Republike Srpske iznosi oko 2170 kilometara, od \u010dega se 1080 kilometara odnosi na razgrani\u010denje sa Federacijom Bosne i Hercegovine.<\/p>\n<p>Republika Srpska je danas parlamentarna republika sa ograni\u010denim me\u0111unarodnim subjektivitetom. Zog toga neke svoje interese Republika Srpska ostvaruje posredstvom zajedni\u010dkih organa vlasti na nivou Bosne i Harcegovine kao me\u0111unarodno priznate dr\u017eave.<\/p>\n<p><strong>Povr\u0161ina:<\/strong> 25.053 kvadratnih kilometara ili 49% teritorije Bosne i Hercegovine<\/p>\n<p><strong>Broj stanovnika:<\/strong> 1.170.342 po popisu iz 2013. godine<\/p>\n<p><strong>Najve\u0107i grad:<\/strong> Banja Luka koja predstavlja privredni, finansijski, politi\u010dki i administrativni centar<\/p>\n<p><strong> <a title=\"Op\u0161tine u RS\" href=\"\/sr-Latn\/republika-srpska-ltn\/gradovi-i-opstine-u-republici-srpskoj\/\" rel=\"noopener\">Spisak gradova i op\u0161tina u Republici Srpskoj <span style=\"font-size: 10px;\">(Kliknite na link)<\/span><\/a><\/strong><\/p>\n<p><strong>Valuta:<\/strong> konvertibilna marka (BAM)<\/p>\n<p><strong>Vremenska zona:<\/strong> srednjoevropsko vrijeme (CET), GMT+1<\/p>\n<p><strong>Pozivni broj:<\/strong> +387<\/p>\n<p align=\"left\"><strong>Va\u017eniji telefonski brojevi:<br \/>\n<\/strong><br \/>\n<strong>Policija:<\/strong> 122<\/p>\n<p><strong>Vatrogasci:<\/strong> 123<\/p>\n<p><strong>Hitna pomo\u0107:<\/strong> 124<\/p>\n<p><strong>Pomo\u0107 na putu:<\/strong> 1285<\/p>\n<p><strong>Istorijat:<\/strong> Republika Srpska je progla\u0161ena 9. januara 1992. godine, a kao dr\u017eavni entitet verifikovana je Dejtonskim mirovnim sporazumom potpisanim 21. novembra 1995. i potpisivanjem mira u Parizu 14. decembra 1995. godine.<\/p>\n<\/div><\/div><\/div><\/div><\/div><div class=\"vc_col-sm-6 wpb_column vc_column_container animate_afr\"><div class=\"vc_column-inner\"><div class=\"wpb_wrapper\"><div class=\"w-image align_none\"><div class=\"w-image-h\"><img width=\"559\" height=\"601\" src=\"https:\/\/predstavnistvorsbg.rs\/wp-content\/uploads\/2021\/11\/mapa-rs.png\" class=\"attachment-full size-full\" alt=\"\" loading=\"lazy\" srcset=\"https:\/\/predstavnistvorsbg.rs\/wp-content\/uploads\/2021\/11\/mapa-rs.png 559w, https:\/\/predstavnistvorsbg.rs\/wp-content\/uploads\/2021\/11\/mapa-rs-279x300.png 279w\" sizes=\"(max-width: 559px) 100vw, 559px\" \/><\/div><\/div><div class=\"w-separator size_small\"><\/div><div class=\"wpb_text_column\" ><div class=\"wpb_wrapper\"><h5 style=\"text-align: center;\">Simboli Republike Srpske<\/h5>\n<\/div><\/div><div class=\"w-separator size_small\"><\/div><div class=\"wpb_text_column\" ><div class=\"wpb_wrapper\"><h6 style=\"text-align: center;\">Amblem<\/h6>\n<\/div><\/div><div class=\"w-separator size_small\"><\/div><div class=\"w-image align_center\"><div class=\"w-image-h\"><img width=\"150\" height=\"150\" src=\"https:\/\/predstavnistvorsbg.rs\/wp-content\/uploads\/2021\/10\/180px-Seal_of_the_Republika_Srpska.svg-150x150.png\" class=\"attachment-thumbnail size-thumbnail\" alt=\"\" loading=\"lazy\" srcset=\"https:\/\/predstavnistvorsbg.rs\/wp-content\/uploads\/2021\/10\/180px-Seal_of_the_Republika_Srpska.svg-150x150.png 150w, https:\/\/predstavnistvorsbg.rs\/wp-content\/uploads\/2021\/10\/180px-Seal_of_the_Republika_Srpska.svg.png 180w\" sizes=\"(max-width: 150px) 100vw, 150px\" \/><\/div><\/div><div class=\"w-separator size_small\"><\/div><div class=\"wpb_text_column\" ><div class=\"wpb_wrapper\"><h6 style=\"text-align: center;\">Zastava<\/h6>\n<\/div><\/div><div class=\"w-separator size_small\"><\/div><div class=\"w-image align_center\"><div class=\"w-image-h\"><img width=\"349\" height=\"181\" src=\"https:\/\/predstavnistvorsbg.rs\/wp-content\/uploads\/2021\/11\/Untitled-1.png\" class=\"attachment-full size-full\" alt=\"\" loading=\"lazy\" srcset=\"https:\/\/predstavnistvorsbg.rs\/wp-content\/uploads\/2021\/11\/Untitled-1.png 349w, https:\/\/predstavnistvorsbg.rs\/wp-content\/uploads\/2021\/11\/Untitled-1-300x156.png 300w\" sizes=\"(max-width: 349px) 100vw, 349px\" \/><\/div><\/div><div class=\"w-separator size_small\"><\/div><div class=\"wpb_text_column\" ><div class=\"wpb_wrapper\"><h6 style=\"text-align: center;\"><a href=\"https:\/\/predstavnistvorsbg.rs\/wp-content\/uploads\/2023\/11\/himna_moja_republika.mp3\">Himna &#8211; Moja Republika<\/a><\/h6>\n<\/div><\/div><\/div><\/div><\/div><\/div><\/div><\/section><section class=\"l-section wpb_row us_custom_6217dcc9 height_small\"><div class=\"l-section-h i-cf\"><div class=\"g-cols vc_row type_default valign_top\"><div class=\"vc_col-sm-12 wpb_column vc_column_container\"><div class=\"vc_column-inner\"><div class=\"wpb_wrapper\"><div class=\"w-sharing type_solid align_left color_default\"><div class=\"w-sharing-list\" data-sharing-url=\"https:\/\/predstavnistvorsbg.rs\/sr-Latn\/wp-json\/wp\/v2\/pages\/1461\" data-sharing-image=\"\"><a class=\"w-sharing-item email\" href=\"javascript:void(0)\" title=\"Email this\" aria-label=\"Email this\"><span class=\"w-sharing-icon\"><\/span><\/a><a class=\"w-sharing-item facebook\" href=\"javascript:void(0)\" title=\"Share this\" aria-label=\"Share this\"><span class=\"w-sharing-icon\"><\/span><\/a><a class=\"w-sharing-item twitter\" href=\"javascript:void(0)\" title=\"Tweet this\" aria-label=\"Tweet this\"><span class=\"w-sharing-icon\"><\/span><\/a><a class=\"w-sharing-item linkedin\" href=\"javascript:void(0)\" title=\"Share this\" aria-label=\"Share this\"><span class=\"w-sharing-icon\"><\/span><\/a><a class=\"w-sharing-item pinterest\" href=\"javascript:void(0)\" title=\"Pin this\" aria-label=\"Pin this\"><span class=\"w-sharing-icon\"><\/span><\/a><\/div><\/div><\/div><\/div><\/div><\/div><\/div><\/section>\n","protected":false},"excerpt":{"rendered":"Teritorija Republike Srpske se nalazi izme\u0111u 42\u00b0 33&#8242; i 45\u00b0 16&#8242; sjeverne geografske \u0161irine, te 16\u00b0 11&#8242; i 19\u00b0 37&#8242; isto\u010dne geografske du\u017eine. Zahvata sjeverni i isto\u010dni dio geoprostora Bosne i Harcegovine. Republika Srpska grani\u010di sa Republikom Srbijom, Crnom Gorom, Hrvatskom i entitetom Federacijom Bosne i Hercegovine. Ukupna du\u017eina granice Republike Srpske iznosi oko 2170...","protected":false},"author":1,"featured_media":0,"parent":1458,"menu_order":0,"comment_status":"closed","ping_status":"closed","template":"","meta":[],"_links":{"self":[{"href":"https:\/\/predstavnistvorsbg.rs\/sr-Latn\/wp-json\/wp\/v2\/pages\/1461"}],"collection":[{"href":"https:\/\/predstavnistvorsbg.rs\/sr-Latn\/wp-json\/wp\/v2\/pages"}],"about":[{"href":"https:\/\/predstavnistvorsbg.rs\/sr-Latn\/wp-json\/wp\/v2\/types\/page"}],"author":[{"embeddable":true,"href":"https:\/\/predstavnistvorsbg.rs\/sr-Latn\/wp-json\/wp\/v2\/users\/1"}],"replies":[{"embeddable":true,"href":"https:\/\/predstavnistvorsbg.rs\/sr-Latn\/wp-json\/wp\/v2\/comments?post=1461"}],"version-history":[{"count":3,"href":"https:\/\/predstavnistvorsbg.rs\/sr-Latn\/wp-json\/wp\/v2\/pages\/1461\/revisions"}],"predecessor-version":[{"id":15613,"href":"https:\/\/predstavnistvorsbg.rs\/sr-Latn\/wp-json\/wp\/v2\/pages\/1461\/revisions\/15613"}],"up":[{"embeddable":true,"href":"https:\/\/predstavnistvorsbg.rs\/sr-Latn\/wp-json\/wp\/v2\/pages\/1458"}],"wp:attachment":[{"href":"https:\/\/predstavnistvorsbg.rs\/sr-Latn\/wp-json\/wp\/v2\/media?parent=1461"}],"curies":[{"name":"wp","href":"https:\/\/api.w.org\/{rel}","templated":true}]}}