{"id":1462,"date":"2022-02-01T22:38:08","date_gmt":"2022-02-01T21:38:08","guid":{"rendered":"https:\/\/prs2.profimediagroup.com\/?page_id=1462"},"modified":"2023-11-27T13:46:26","modified_gmt":"2023-11-27T12:46:26","slug":"privreda-ltn","status":"publish","type":"page","link":"https:\/\/predstavnistvorsbg.rs\/sr-Latn\/republika-srpska-ltn\/privreda-ltn\/","title":{"rendered":"Privreda"},"content":{"rendered":"<section class=\"l-section wpb_row height_small\"><div class=\"l-section-h i-cf\"><div class=\"g-cols vc_row type_default valign_top\"><div class=\"vc_col-sm-12 wpb_column vc_column_container\"><div class=\"vc_column-inner\"><div class=\"wpb_wrapper\"><div class=\"wpb_text_column\" ><div class=\"wpb_wrapper\"><h3>Potencijali Republike Srpske<\/h3>\n<p>Prirodni potencijali su jedan od klju\u010dnih faktora za razvoj Republike Srpske od kojih su najzna\u010dajniji: poljoprivredno zemlji\u0161te, \u0161umski kompleks, vode i rudni i mineralni resursi.<\/p>\n<p>Republika Srpska se odlikuje zna\u010dajnim poljoprivrednim i \u0161umskim potencijalom.<br \/>\nUkupna povr\u0161ina poljoprivrednog zemlji\u0161ta \u010dini 51% udjela u povr\u0161ini Republike Srpske. Prema kategorijama iskori\u0161\u0107enosti, najve\u0107e povr\u0161ine zauzimaju oranice i ba\u0161te, livade, pa\u0161njaci i vo\u0107njaci, a najmanje ribnjaci. S obzirom da je tre\u0107ina obradivih povr\u0161ina jo\u0161 uvijek slobodna za obradu, postoji veliki potencijal za razvoj poljoprivredne djelatnosti.<\/p>\n<p>\u0160umski kompleks predstavlja nacionalno bogatstvo i jedan je od osnovnih potencijala razvoja jer \u0161ume i \u0161umsko zemlji\u0161te obuhvataju 40% teritorije Republike Srpske.<\/p>\n<p>Vode su tako\u0111e veliko bogatstvo Republike Srpske, a vodotoci zadovoljavaju 73% parametara propisanih za prvu klasu vode.<br \/>\nPostoje izuzetno povoljni uslovi za razvoj termo i hidroenergetskog sektora. Iskori\u0161\u0107enost ukupnog potencijala za proizvodnju elektri\u010dne energije iznosi 30%. Posebno vrijedan potencijal predstavljaju termalne i termalno-mineralne vode na osnovu kojih u Republici Srpskoj radi nekoliko banjsko-rekreacionih centara.<\/p>\n<p>Republika Srpska ima bogate i jo\u0161 uvijek nedovoljno iskori\u0161tene rudne i mineralne resurse, naro\u010dito uglja, boksita, lignita, \u017eeljeza, bakra.<\/p>\n<p>Sa svojim povoljnim geografskim polo\u017eajem, atraktivnim prirodnim bogatstvima i bogatim kulturnim naslje\u0111em, Republika Srpska ima veliki potencijal za razvoj razli\u010ditih vidova turizma, a naro\u010dito banjskog, seoskog, sportskog, kulturno-istorijskog i eko-turizma.<\/p>\n<\/div><\/div><\/div><\/div><\/div><\/div><\/div><\/section><section class=\"l-section wpb_row us_custom_6217dcc9 height_small\"><div class=\"l-section-h i-cf\"><div class=\"g-cols vc_row type_default valign_top\"><div class=\"vc_col-sm-12 wpb_column vc_column_container\"><div class=\"vc_column-inner\"><div class=\"wpb_wrapper\"><div class=\"w-sharing type_solid align_left color_default\"><div class=\"w-sharing-list\" data-sharing-url=\"https:\/\/predstavnistvorsbg.rs\/sr-Latn\/wp-json\/wp\/v2\/pages\/1462\" data-sharing-image=\"\"><a class=\"w-sharing-item email\" href=\"javascript:void(0)\" title=\"Email this\" aria-label=\"Email this\"><span class=\"w-sharing-icon\"><\/span><\/a><a class=\"w-sharing-item facebook\" href=\"javascript:void(0)\" title=\"Share this\" aria-label=\"Share this\"><span class=\"w-sharing-icon\"><\/span><\/a><a class=\"w-sharing-item twitter\" href=\"javascript:void(0)\" title=\"Tweet this\" aria-label=\"Tweet this\"><span class=\"w-sharing-icon\"><\/span><\/a><a class=\"w-sharing-item linkedin\" href=\"javascript:void(0)\" title=\"Share this\" aria-label=\"Share this\"><span class=\"w-sharing-icon\"><\/span><\/a><a class=\"w-sharing-item pinterest\" href=\"javascript:void(0)\" title=\"Pin this\" aria-label=\"Pin this\"><span class=\"w-sharing-icon\"><\/span><\/a><\/div><\/div><\/div><\/div><\/div><\/div><\/div><\/section>\n","protected":false},"excerpt":{"rendered":"Potencijali Republike Srpske Prirodni potencijali su jedan od klju\u010dnih faktora za razvoj Republike Srpske od kojih su najzna\u010dajniji: poljoprivredno zemlji\u0161te, \u0161umski kompleks, vode i rudni i mineralni resursi. Republika Srpska se odlikuje zna\u010dajnim poljoprivrednim i \u0161umskim potencijalom. Ukupna povr\u0161ina poljoprivrednog zemlji\u0161ta \u010dini 51% udjela u povr\u0161ini Republike Srpske. Prema kategorijama iskori\u0161\u0107enosti, najve\u0107e povr\u0161ine zauzimaju oranice...","protected":false},"author":1,"featured_media":0,"parent":1458,"menu_order":0,"comment_status":"closed","ping_status":"closed","template":"","meta":[],"_links":{"self":[{"href":"https:\/\/predstavnistvorsbg.rs\/sr-Latn\/wp-json\/wp\/v2\/pages\/1462"}],"collection":[{"href":"https:\/\/predstavnistvorsbg.rs\/sr-Latn\/wp-json\/wp\/v2\/pages"}],"about":[{"href":"https:\/\/predstavnistvorsbg.rs\/sr-Latn\/wp-json\/wp\/v2\/types\/page"}],"author":[{"embeddable":true,"href":"https:\/\/predstavnistvorsbg.rs\/sr-Latn\/wp-json\/wp\/v2\/users\/1"}],"replies":[{"embeddable":true,"href":"https:\/\/predstavnistvorsbg.rs\/sr-Latn\/wp-json\/wp\/v2\/comments?post=1462"}],"version-history":[{"count":0,"href":"https:\/\/predstavnistvorsbg.rs\/sr-Latn\/wp-json\/wp\/v2\/pages\/1462\/revisions"}],"up":[{"embeddable":true,"href":"https:\/\/predstavnistvorsbg.rs\/sr-Latn\/wp-json\/wp\/v2\/pages\/1458"}],"wp:attachment":[{"href":"https:\/\/predstavnistvorsbg.rs\/sr-Latn\/wp-json\/wp\/v2\/media?parent=1462"}],"curies":[{"name":"wp","href":"https:\/\/api.w.org\/{rel}","templated":true}]}}