{"id":1463,"date":"2021-11-01T21:44:08","date_gmt":"2021-11-01T20:44:08","guid":{"rendered":"https:\/\/prs2.profimediagroup.com\/?page_id=1463"},"modified":"2025-03-10T14:02:23","modified_gmt":"2025-03-10T13:02:23","slug":"sport","status":"publish","type":"page","link":"https:\/\/predstavnistvorsbg.rs\/sr-Latn\/republika-srpska-ltn\/sport\/","title":{"rendered":"Sport"},"content":{"rendered":"<section class=\"l-section wpb_row height_small\"><div class=\"l-section-h i-cf\"><div class=\"g-cols vc_row type_default valign_top\"><div class=\"vc_col-sm-12 wpb_column vc_column_container\"><div class=\"vc_column-inner\"><div class=\"wpb_wrapper\"><div class=\"wpb_text_column\" ><div class=\"wpb_wrapper\"><p>Sport Republike Srpske je organizovan u skladu sa Zakonom o sportu u Republici Srpskoj (\u201eSlu\u017ebeni glasnik RS\u201c, br. 79\/20).<br \/>\nU Republici Srpskoj registrovano je 37 sportskih saveza i 6 sportskih saveza lica sa invaliditetom Republike Srpske i oko 900 sportskih organizacija \u0161irom Republike Srpske.<br \/>\nPripreme i sportski kampovi organizuju se u nekim od centara u Republici Srpskoj kao \u0161to su Trebinje, Jahorina, Tjenti\u0161te, Tesli\u0107, Banja Luka i dr.<\/p>\n<div>\n<hr \/>\n<\/div>\n<div><\/div>\n<p><strong>Takmi\u010denja<\/strong><\/p>\n<div>Sportisti Republike Srpske koji su ostvarili zna\u010dajan rezultat za odlazak na balkanska, evropska, svjetska takmi\u010denja, te mediteranske i Olimpijske igre u olimpijskim sportovima, \u010dlanovi su reprezentacije Bosne i Hercegovine. Bosna i Hercegovina je imala pet olimpijaca na Zimskim olimpijskim igrama \u201eVankuver 2010\u201c, i svih pet su bili sportisti iz Republike Srpske. U 2012. godini na Olimpijskim igrama u Londonu Republika Srpska je imala dva u\u010desnika, a u 2016. godini na Olimpijskim igrama u Rio de \u017deneiru Republika Srpska je imala tri u\u010desnika. Devet sportista iz Republike Srpske je nastupilo na Olimpijskim igrama u Tokiju 2021. godine od kojih je osam nastupalo za Srbiju, a jedan za BiH.<\/div>\n<div><\/div>\n<div>\n<p>&nbsp;<\/p>\n<p>Kontinuirani projekti:<\/p>\n<ul>\n<li>Male olimpijske igre osnovnih i srednjih \u0161kola u Republici Srpskoj<\/li>\n<li>Ljetna \u0161kola sporta Republike Srpske<\/li>\n<li>Dodjela stipendija sportistima, sportistima sa invaliditetom i potencijalnim olimpijskim kandidatima<\/li>\n<li>Izbor 10 najperspektivnijih sportista Republike Srpske<\/li>\n<\/ul>\n<div>\n<hr \/>\n<\/div>\n<div>Vi\u0161e o sportu u Republici Srpskoj pogledajte na:<\/div>\n<ul>\n<li>portalu Javne uprave Republike Srpske u rubrici <strong><a title=\"eSrpska sport\" href=\"http:\/\/www.esrpska.com\/ContentPage.aspx?kat_id=d4916460-5d1d-4ea6-82c7-be73a265ecd7\" target=\"_blank\" rel=\"noopener\">SPORT<\/a><\/strong><\/li>\n<li>sajtu <strong><a title=\"Ministarstvo porodice, omladine i sporta\" href=\"https:\/\/vladars.rs\/sr-SP-Cyrl\/Vlada\/Ministarstva\/mpos\/Pages\/default.aspx\" target=\"_blank\" rel=\"noopener\">Ministarstva porodice, omladine i sporta<\/a><\/strong><\/li>\n<\/ul>\n<\/div>\n<\/div><\/div><\/div><\/div><\/div><\/div><\/div><\/section><section class=\"l-section wpb_row height_small\"><div class=\"l-section-h i-cf\"><div class=\"g-cols vc_row type_default valign_top\"><div class=\"vc_col-sm-12 wpb_column vc_column_container\"><div class=\"vc_column-inner\"><div class=\"wpb_wrapper\"><\/div><\/div><\/div><\/div><\/div><\/section><section class=\"l-section wpb_row us_custom_6217dcc9 height_small\"><div class=\"l-section-h i-cf\"><div class=\"g-cols vc_row type_default valign_top\"><div class=\"vc_col-sm-12 wpb_column vc_column_container\"><div class=\"vc_column-inner\"><div class=\"wpb_wrapper\"><div class=\"w-sharing type_solid align_left color_default\"><div class=\"w-sharing-list\" data-sharing-url=\"https:\/\/predstavnistvorsbg.rs\/sr-Latn\/wp-json\/wp\/v2\/pages\/1463\" data-sharing-image=\"\"><a class=\"w-sharing-item email\" href=\"javascript:void(0)\" title=\"Email this\" aria-label=\"Email this\"><span class=\"w-sharing-icon\"><\/span><\/a><a class=\"w-sharing-item facebook\" href=\"javascript:void(0)\" title=\"Share this\" aria-label=\"Share this\"><span class=\"w-sharing-icon\"><\/span><\/a><a class=\"w-sharing-item twitter\" href=\"javascript:void(0)\" title=\"Tweet this\" aria-label=\"Tweet this\"><span class=\"w-sharing-icon\"><\/span><\/a><a class=\"w-sharing-item linkedin\" href=\"javascript:void(0)\" title=\"Share this\" aria-label=\"Share this\"><span class=\"w-sharing-icon\"><\/span><\/a><a class=\"w-sharing-item pinterest\" href=\"javascript:void(0)\" title=\"Pin this\" aria-label=\"Pin this\"><span class=\"w-sharing-icon\"><\/span><\/a><\/div><\/div><\/div><\/div><\/div><\/div><\/div><\/section>\n","protected":false},"excerpt":{"rendered":"Sport Republike Srpske je organizovan u skladu sa Zakonom o sportu u Republici Srpskoj (\u201eSlu\u017ebeni glasnik RS\u201c, br. 79\/20). U Republici Srpskoj registrovano je 37 sportskih saveza i 6 sportskih saveza lica sa invaliditetom Republike Srpske i oko 900 sportskih organizacija \u0161irom Republike Srpske. Pripreme i sportski kampovi organizuju se u nekim od centara u...","protected":false},"author":1,"featured_media":0,"parent":1458,"menu_order":0,"comment_status":"closed","ping_status":"closed","template":"","meta":[],"_links":{"self":[{"href":"https:\/\/predstavnistvorsbg.rs\/sr-Latn\/wp-json\/wp\/v2\/pages\/1463"}],"collection":[{"href":"https:\/\/predstavnistvorsbg.rs\/sr-Latn\/wp-json\/wp\/v2\/pages"}],"about":[{"href":"https:\/\/predstavnistvorsbg.rs\/sr-Latn\/wp-json\/wp\/v2\/types\/page"}],"author":[{"embeddable":true,"href":"https:\/\/predstavnistvorsbg.rs\/sr-Latn\/wp-json\/wp\/v2\/users\/1"}],"replies":[{"embeddable":true,"href":"https:\/\/predstavnistvorsbg.rs\/sr-Latn\/wp-json\/wp\/v2\/comments?post=1463"}],"version-history":[{"count":1,"href":"https:\/\/predstavnistvorsbg.rs\/sr-Latn\/wp-json\/wp\/v2\/pages\/1463\/revisions"}],"predecessor-version":[{"id":16952,"href":"https:\/\/predstavnistvorsbg.rs\/sr-Latn\/wp-json\/wp\/v2\/pages\/1463\/revisions\/16952"}],"up":[{"embeddable":true,"href":"https:\/\/predstavnistvorsbg.rs\/sr-Latn\/wp-json\/wp\/v2\/pages\/1458"}],"wp:attachment":[{"href":"https:\/\/predstavnistvorsbg.rs\/sr-Latn\/wp-json\/wp\/v2\/media?parent=1463"}],"curies":[{"name":"wp","href":"https:\/\/api.w.org\/{rel}","templated":true}]}}