{"id":1473,"date":"2021-11-01T21:36:20","date_gmt":"2021-11-01T20:36:20","guid":{"rendered":"http:\/\/prs2.profimediagroup.com\/?page_id=1473"},"modified":"2023-11-27T14:29:44","modified_gmt":"2023-11-27T13:29:44","slug":"nauka-i-tehnologija","status":"publish","type":"page","link":"https:\/\/predstavnistvorsbg.rs\/sr-Latn\/republika-srpska-ltn\/nauka-i-tehnologija\/","title":{"rendered":"Nauka i tehnologija"},"content":{"rendered":"<section class=\"l-section wpb_row height_small\"><div class=\"l-section-h i-cf\"><div class=\"g-cols vc_row type_default valign_top\"><div class=\"vc_col-sm-12 wpb_column vc_column_container\"><div class=\"vc_column-inner\"><div class=\"wpb_wrapper\"><div class=\"wpb_text_column\" ><div class=\"wpb_wrapper\"><p>Nauka i tehnologija su oblasti koje su ugra\u0111ene u temelj svakog savremenog dru\u0161tva i razvoj i prosperitet svake ljudske zajednice po\u010diva upravo na njima. Nau\u010dno-tehni\u010dka dostignu\u0107a pro\u017eimaju sve aspekte ljudskog \u017eivota, posebno danas u eri globalizacije i sve br\u017eeg tehnolo\u0161kog napretka. Potpuno je jasno da nauka, tehnolo\u0161ki razvoj i inovacije imaju ulogu najva\u017enijeg generatora ekonomskog razvoja.<\/p>\n<p>Nau\u010dnotehnolo\u0161ki razvoj u Republici Srpskoj je danas fokusiran ka \u0161to br\u017eem uklju\u010divanju u Evropsku istra\u017eiva\u010dku oblast i regionalne istra\u017eiva\u010dke mre\u017ee i asocijacije. Najve\u0107i dio doma\u0107ih nau\u010dnoistra\u017eiva\u010dkih aktivnosti se odvija na nau\u010dnoistra\u017eiva\u010dkim institutima i visoko\u0161kolskim institucijama. Klju\u010dnu ulogu u ovoj oblasti ima resorno tijelo u Vladi Republike Srpske \u2013 Ministarstvo za nau\u010dnotehnolo\u0161ki razvoj i visoko obrazovanje.<\/p>\n<p><strong>Strategiju razvoja nauke i tehnologije, visokog obrazovanja i informacionog dru\u0161tva u Republici Srpskoj za period 2023 \u2013 2029. pogledajte<\/strong> <strong><a href=\"https:\/\/vladars.rs\/sr-SP-Cyrl\/Vlada\/Ministarstva\/mnk\/Documents\/%D0%A1%D1%82%D1%80%D0%B0%D1%82%D0%B5%D0%B3%D0%B8%D1%98%D0%B0_%D0%9C%D0%9D%D0%A0%D0%92%D0%9E%D0%98%D0%94_%D0%9A%D0%9E%D0%9D%D0%90%D0%A7%D0%90%D0%9D_270923_%D0%9D%D0%94.pdf\" target=\"_blank\" rel=\"noopener\">ovdje<\/a><\/strong>.<\/p>\n<hr \/>\n<p>Informacioni sistem o istra\u017eiva\u010dkoj djelatnosti u Republici Srpskoj <a href=\"https:\/\/cris.cobiss.net\/ecris\/rs\/sr\" target=\"_blank\" rel=\"noopener\"><strong>E-CRIS.RS<\/strong><\/a> uklju\u010duje baze podataka o istra\u017eiva\u010dkim organizacijama, istra\u017eiva\u010dima i istra\u017eiva\u010dkim projektima u RS.<\/p>\n<\/div><\/div><div class=\"w-image align_center\"><a target=\"_blank\" href=\"https:\/\/cris.cobiss.net\/ecris\/rs\/sr\" rel=\"noopener\" aria-label=\"\u0412\u0435\u0437\u0430\" class=\"w-image-h\"><img width=\"300\" height=\"75\" src=\"https:\/\/predstavnistvorsbg.rs\/wp-content\/uploads\/2023\/11\/e_cris_rs-1-300x75.jpg\" class=\"attachment-medium size-medium\" alt=\"\" loading=\"lazy\" srcset=\"https:\/\/predstavnistvorsbg.rs\/wp-content\/uploads\/2023\/11\/e_cris_rs-1-300x75.jpg 300w, https:\/\/predstavnistvorsbg.rs\/wp-content\/uploads\/2023\/11\/e_cris_rs-1.jpg 520w\" sizes=\"(max-width: 300px) 100vw, 300px\" \/><\/a><\/div><\/div><\/div><\/div><\/div><\/div><\/section><section class=\"l-section wpb_row height_small\"><div class=\"l-section-h i-cf\"><div class=\"g-cols vc_row type_default valign_top\"><div class=\"vc_col-sm-12 wpb_column vc_column_container\"><div class=\"vc_column-inner\"><div class=\"wpb_wrapper\"><div class=\"wpb_text_column\" ><div class=\"wpb_wrapper\"><hr \/>\n<p><a href=\"http:\/\/www.jusarnet.net\/\" target=\"_blank\" rel=\"noopener\"><strong>Akademska i istra\u017eiva\u010dka mre\u017ea Republike Srpske &#8211; SARNET<\/strong><\/a> je zadu\u017eena za izgradnju, razvoj, odr\u017eavanje i kori\u0161\u0107enje informaciono-komunikacione infrastrukture za potrebe visoko\u0161kolskih i nau\u010dno istra\u017eiva\u010dkih ustanova Republike Srpske. Uz to, radi na povezivanju sa srodnim institucijama u okru\u017eenju i svijetu. SARNET je osnovala Vlada Republike Srpske.<\/p>\n<\/div><\/div><\/div><\/div><\/div><\/div><\/div><\/section><section class=\"l-section wpb_row us_custom_6217dcc9 height_small\"><div class=\"l-section-h i-cf\"><div class=\"g-cols vc_row type_default valign_top\"><div class=\"vc_col-sm-12 wpb_column vc_column_container\"><div class=\"vc_column-inner\"><div class=\"wpb_wrapper\"><div class=\"w-sharing type_solid align_left color_default\"><div class=\"w-sharing-list\" data-sharing-url=\"https:\/\/predstavnistvorsbg.rs\/sr-Latn\/wp-json\/wp\/v2\/pages\/1473\" data-sharing-image=\"\"><a class=\"w-sharing-item email\" href=\"javascript:void(0)\" title=\"Email this\" aria-label=\"Email this\"><span class=\"w-sharing-icon\"><\/span><\/a><a class=\"w-sharing-item facebook\" href=\"javascript:void(0)\" title=\"Share this\" aria-label=\"Share this\"><span class=\"w-sharing-icon\"><\/span><\/a><a class=\"w-sharing-item twitter\" href=\"javascript:void(0)\" title=\"Tweet this\" aria-label=\"Tweet this\"><span class=\"w-sharing-icon\"><\/span><\/a><a class=\"w-sharing-item linkedin\" href=\"javascript:void(0)\" title=\"Share this\" aria-label=\"Share this\"><span class=\"w-sharing-icon\"><\/span><\/a><a class=\"w-sharing-item pinterest\" href=\"javascript:void(0)\" title=\"Pin this\" aria-label=\"Pin this\"><span class=\"w-sharing-icon\"><\/span><\/a><\/div><\/div><\/div><\/div><\/div><\/div><\/div><\/section>\n","protected":false},"excerpt":{"rendered":"Nauka i tehnologija su oblasti koje su ugra\u0111ene u temelj svakog savremenog dru\u0161tva i razvoj i prosperitet svake ljudske zajednice po\u010diva upravo na njima. Nau\u010dno-tehni\u010dka dostignu\u0107a pro\u017eimaju sve aspekte ljudskog \u017eivota, posebno danas u eri globalizacije i sve br\u017eeg tehnolo\u0161kog napretka. Potpuno je jasno da nauka, tehnolo\u0161ki razvoj i inovacije imaju ulogu najva\u017enijeg generatora ekonomskog...","protected":false},"author":1,"featured_media":0,"parent":1458,"menu_order":0,"comment_status":"closed","ping_status":"closed","template":"","meta":[],"_links":{"self":[{"href":"https:\/\/predstavnistvorsbg.rs\/sr-Latn\/wp-json\/wp\/v2\/pages\/1473"}],"collection":[{"href":"https:\/\/predstavnistvorsbg.rs\/sr-Latn\/wp-json\/wp\/v2\/pages"}],"about":[{"href":"https:\/\/predstavnistvorsbg.rs\/sr-Latn\/wp-json\/wp\/v2\/types\/page"}],"author":[{"embeddable":true,"href":"https:\/\/predstavnistvorsbg.rs\/sr-Latn\/wp-json\/wp\/v2\/users\/1"}],"replies":[{"embeddable":true,"href":"https:\/\/predstavnistvorsbg.rs\/sr-Latn\/wp-json\/wp\/v2\/comments?post=1473"}],"version-history":[{"count":0,"href":"https:\/\/predstavnistvorsbg.rs\/sr-Latn\/wp-json\/wp\/v2\/pages\/1473\/revisions"}],"up":[{"embeddable":true,"href":"https:\/\/predstavnistvorsbg.rs\/sr-Latn\/wp-json\/wp\/v2\/pages\/1458"}],"wp:attachment":[{"href":"https:\/\/predstavnistvorsbg.rs\/sr-Latn\/wp-json\/wp\/v2\/media?parent=1473"}],"curies":[{"name":"wp","href":"https:\/\/api.w.org\/{rel}","templated":true}]}}