{"id":1481,"date":"2021-11-01T21:38:14","date_gmt":"2021-11-01T20:38:14","guid":{"rendered":"http:\/\/prs2.profimediagroup.com\/?page_id=1481"},"modified":"2026-03-10T10:06:59","modified_gmt":"2026-03-10T09:06:59","slug":"obrazovanje","status":"publish","type":"page","link":"https:\/\/predstavnistvorsbg.rs\/sr-Latn\/republika-srpska-ltn\/obrazovanje\/","title":{"rendered":"Obrazovanje"},"content":{"rendered":"<section class=\"l-section wpb_row height_small\"><div class=\"l-section-h i-cf\"><div class=\"g-cols vc_row type_default valign_top\"><div class=\"vc_col-sm-12 wpb_column vc_column_container\"><div class=\"vc_column-inner\"><div class=\"wpb_wrapper\"><div class=\"wpb_text_column\" ><div class=\"wpb_wrapper\"><p>U svakom dru\u0161tvu jednu od najzana\u010dajnijih funkcija predstavlja obrazovanje.<\/p>\n<p>Pored kvalitetnog sticanja trajnog znanja, obrazovanje bi trebalo da omogu\u0107i i razvijanje sposobnosti za aktivno i kreativno kori\u0161\u0107enje ste\u010denog znanja i na taj na\u010din pripremi pojedinca za u\u010denje tokom cijelog \u017eivota koje je postalo neophodno u uslovima stalnih nau\u010dnotehnolo\u0161kih i dru\u0161tvenih promjena.<\/p>\n<p><strong>Strategiju razvoja pred\u0161kolskog, osnovnog i srednjeg vaspitanja i obrazovanja Republike Srpske za period 2022-2030<\/strong>. godine pogledajte <strong><a href=\"https:\/\/vladars.rs\/sr-SP-Cyrl\/Vlada\/Ministarstva\/mpk\/PAO\/PublishingImages\/Pages\/Srednje_obrazovanje\/%d0%a1%d1%82%d1%80%d0%b0%d1%82%d0%b5%d0%b3%d0%b8%d1%98%d0%b0%20%d1%80%d0%b0%d0%b7%d0%b2%d0%be%d1%98%d0%b0%20%d0%bf%d1%80%d0%b5%d0%b4%d1%88%d0%ba%d0%be%d0%bb%d1%81%d0%ba%d0%be%d0%b3%20%d0%be%d1%81%d0%bd%d0%be%d0%b2%d0%bd%d0%be%d0%b3%20%d0%b8%20%d1%81%d1%80%d0%b5%d0%b4%d1%9a%d0%b5%d0%b3%20%d0%be%d0%b1%d1%80%d0%b0%d0%b7%d0%be%d0%b2%d0%b0%d1%9a%d0%b0%20%d0%be%d0%b4%202022.%20%d0%b4%d0%be%202030.%d0%b3%d0%be%d0%b4%d0%b8%d0%bd%d0%b5.pdf\" target=\"_blank\" rel=\"noopener\">ovdje<\/a><\/strong>.<\/p>\n<p>Vi\u0161e o obrazovanju u Republici Srpskoj pogleajte na Portalu za obrazovanje Republike Srpske:<\/p>\n<\/div><\/div><div class=\"w-image us_custom_fb1528c0 align_center\"><a target=\"_blank\" href=\"http:\/\/www.eobrazovanje.com\" rel=\"noopener\" aria-label=\"\u0412\u0435\u0437\u0430\" class=\"w-image-h\"><img width=\"246\" height=\"62\" src=\"https:\/\/predstavnistvorsbg.rs\/wp-content\/uploads\/2021\/11\/logo.png\" class=\"attachment-full size-full\" alt=\"\" loading=\"lazy\" \/><\/a><\/div><div class=\"wpb_text_column\" ><div class=\"wpb_wrapper\"><h4>Priznavanje stranih diploma<\/h4>\n<p>Informacije o priznavanju stranih visoko\u0161kolskih diploma pogledajte <strong><a title=\"Priznavanje stranih visoko\u0161kolskih diploma\" href=\"https:\/\/avors.org\/index.php\/sr\/strane-visokoskolske-kvalifikacije\" target=\"_blank\" rel=\"noopener\">ovdje<\/a><\/strong><\/p>\n<p>Informacije o priznavanju dokumenata za srednju \u0161kolu pogledajte <strong><a title=\"Priznavanje dokumenata za srednju \u0161kolu\" href=\"https:\/\/vladars.rs\/sr-SP-Cyrl\/Vlada\/Ministarstva\/mpk\/srednje\/aktuelno\/Pages\/PocetnaStranica.aspx\" target=\"_blank\" rel=\"noopener\">ovdje<\/a><\/strong><\/p>\n<p>Informacije o priznavanju dokumenata za osnovnu \u0161kolu pogledajte <strong><a title=\"Priznavanje dokumenata za osnovnu \u0161kolu\" href=\"https:\/\/vladars.rs\/sr-SP-Cyrl\/Vlada\/Ministarstva\/mpk\/%D0%BEsnovno\/Pages\/Aktuelnosti.aspx\" target=\"_blank\" rel=\"noopener\">ovdje<\/a><\/strong><\/p>\n<\/div><\/div><\/div><\/div><\/div><\/div><\/div><\/section><section class=\"l-section wpb_row height_small\"><div class=\"l-section-h i-cf\"><div class=\"g-cols vc_row type_default valign_top\"><div class=\"vc_col-sm-12 wpb_column vc_column_container\"><div class=\"vc_column-inner\"><div class=\"wpb_wrapper\"><div class=\"wpb_text_column\" ><div class=\"wpb_wrapper\"><p><strong>Informacije o obrazovanju Republike Srpske mo\u017eete dobiti i na:<\/strong><\/p>\n<ul>\n<li>Portalu Javne uprave Republike Srpske u rubrici <strong><a title=\"eSrpska obrazovanje\" href=\"http:\/\/www.esrpska.com\/ContentPage.aspx?kat_id=e98fdad6-e9ed-4463-860e-6e1339a7706f\" target=\"_blank\" rel=\"noopener\">Obrazovanje<\/a><\/strong><\/li>\n<li>sajtu <strong><a title=\"Ministarstvo prosvjete i kulture\" href=\"https:\/\/vladars.rs\/sr-SP-Cyrl\/Vlada\/Ministarstva\/mpk\/Pages\/default.aspx\" target=\"_blank\" rel=\"noopener\">Ministarstva prosvjete i kulture<\/a><\/strong><\/li>\n<li>sajtu <strong><a title=\"Republi\u010dki pedago\u0161ki zavod\" href=\"http:\/\/www.rpz-rs.org\/\" target=\"_blank\" rel=\"noopener\">Republi\u010dkog pedago\u0161kog zavoda<\/a><\/strong><\/li>\n<li>sajtu <strong><a href=\"https:\/\/www.mpoo.org\/\" target=\"_blank\" rel=\"noopener\">Zavoda za obrazovanje odraslih<\/a><\/strong><\/li>\n<li>sajtu <a href=\"https:\/\/avors.org\/index.php\/sr\/\" target=\"_blank\" rel=\"noopener\"><strong>Agencije za visoko obrazovanje Republike Srpske<\/strong><\/a><\/li>\n<\/ul>\n<\/div><\/div><\/div><\/div><\/div><\/div><\/div><\/section><section class=\"l-section wpb_row us_custom_6217dcc9 height_small\"><div class=\"l-section-h i-cf\"><div class=\"g-cols vc_row type_default valign_top\"><div class=\"vc_col-sm-12 wpb_column vc_column_container\"><div class=\"vc_column-inner\"><div class=\"wpb_wrapper\"><div class=\"w-sharing type_solid align_left color_default\"><div class=\"w-sharing-list\" data-sharing-url=\"https:\/\/predstavnistvorsbg.rs\/sr-Latn\/wp-json\/wp\/v2\/pages\/1481\" data-sharing-image=\"\"><a class=\"w-sharing-item email\" href=\"javascript:void(0)\" title=\"Email this\" aria-label=\"Email this\"><span class=\"w-sharing-icon\"><\/span><\/a><a class=\"w-sharing-item facebook\" href=\"javascript:void(0)\" title=\"Share this\" aria-label=\"Share this\"><span class=\"w-sharing-icon\"><\/span><\/a><a class=\"w-sharing-item twitter\" href=\"javascript:void(0)\" title=\"Tweet this\" aria-label=\"Tweet this\"><span class=\"w-sharing-icon\"><\/span><\/a><a class=\"w-sharing-item linkedin\" href=\"javascript:void(0)\" title=\"Share this\" aria-label=\"Share this\"><span class=\"w-sharing-icon\"><\/span><\/a><a class=\"w-sharing-item pinterest\" href=\"javascript:void(0)\" title=\"Pin this\" aria-label=\"Pin this\"><span class=\"w-sharing-icon\"><\/span><\/a><\/div><\/div><\/div><\/div><\/div><\/div><\/div><\/section>\n","protected":false},"excerpt":{"rendered":"U svakom dru\u0161tvu jednu od najzana\u010dajnijih funkcija predstavlja obrazovanje. Pored kvalitetnog sticanja trajnog znanja, obrazovanje bi trebalo da omogu\u0107i i razvijanje sposobnosti za aktivno i kreativno kori\u0161\u0107enje ste\u010denog znanja i na taj na\u010din pripremi pojedinca za u\u010denje tokom cijelog \u017eivota koje je postalo neophodno u uslovima stalnih nau\u010dnotehnolo\u0161kih i dru\u0161tvenih promjena. Strategiju razvoja pred\u0161kolskog, osnovnog...","protected":false},"author":1,"featured_media":0,"parent":1458,"menu_order":0,"comment_status":"closed","ping_status":"closed","template":"","meta":[],"_links":{"self":[{"href":"https:\/\/predstavnistvorsbg.rs\/sr-Latn\/wp-json\/wp\/v2\/pages\/1481"}],"collection":[{"href":"https:\/\/predstavnistvorsbg.rs\/sr-Latn\/wp-json\/wp\/v2\/pages"}],"about":[{"href":"https:\/\/predstavnistvorsbg.rs\/sr-Latn\/wp-json\/wp\/v2\/types\/page"}],"author":[{"embeddable":true,"href":"https:\/\/predstavnistvorsbg.rs\/sr-Latn\/wp-json\/wp\/v2\/users\/1"}],"replies":[{"embeddable":true,"href":"https:\/\/predstavnistvorsbg.rs\/sr-Latn\/wp-json\/wp\/v2\/comments?post=1481"}],"version-history":[{"count":4,"href":"https:\/\/predstavnistvorsbg.rs\/sr-Latn\/wp-json\/wp\/v2\/pages\/1481\/revisions"}],"predecessor-version":[{"id":21549,"href":"https:\/\/predstavnistvorsbg.rs\/sr-Latn\/wp-json\/wp\/v2\/pages\/1481\/revisions\/21549"}],"up":[{"embeddable":true,"href":"https:\/\/predstavnistvorsbg.rs\/sr-Latn\/wp-json\/wp\/v2\/pages\/1458"}],"wp:attachment":[{"href":"https:\/\/predstavnistvorsbg.rs\/sr-Latn\/wp-json\/wp\/v2\/media?parent=1481"}],"curies":[{"name":"wp","href":"https:\/\/api.w.org\/{rel}","templated":true}]}}