{"id":1499,"date":"2021-11-24T21:56:38","date_gmt":"2021-11-24T20:56:38","guid":{"rendered":"http:\/\/prs2.profimediagroup.com\/?page_id=1499"},"modified":"2025-06-03T14:35:20","modified_gmt":"2025-06-03T12:35:20","slug":"gradovi-i-opstine-u-republici-srpskoj","status":"publish","type":"page","link":"https:\/\/predstavnistvorsbg.rs\/sr-Latn\/republika-srpska-ltn\/gradovi-i-opstine-u-republici-srpskoj\/","title":{"rendered":"Gradovi i op\u0161tine u Republici Srpskoj"},"content":{"rendered":"<section class=\"l-section wpb_row height_small\"><div class=\"l-section-h i-cf\"><div class=\"g-cols vc_row type_default valign_middle\"><div class=\"vc_col-sm-12 wpb_column vc_column_container animate_afb\"><div class=\"vc_column-inner\"><div class=\"wpb_wrapper\"><div class=\"wpb_text_column\" ><div class=\"wpb_wrapper\"><p>Zakonom o teritorijalnoj organizaciji Republike Srpske (&#8222;Slu\u017ebeni glasnik RS&#8220;, br. 69\/09, 70\/12, 83\/14, 106\/15, 26\/19, 15\/21, 37\/22, 32\/23 i 45\/25) ure\u0111uje se teritorijalna organizacija Republike Srpske, kao i uslovi i postupak za teritorijalnu promjenu.<\/p>\n<p>Teritoriju Republike Srpske \u010dine op\u0161tine i gradovi. Op\u0161tina je osnovna teritorijalna jedinica lokalne samouprave koja se formira za dio naseljenog mjesta, za jedno naseljeno mjesto ili za vi\u0161e naseljenih mjesta. Grad je teritorijalna jedinica koja predstavlja koherentnu geografsku, istorijsku, administrativnu, socijalnu, ekonomsku cjelinu sa odgovaraju\u0107im nivoom razvoja. Republika Srpska je teritorijalno organizovana u 12 gradova i 52 op\u0161tine.<br \/>\nGradovi u Republici Srpskoj su Banja Luka, Bijeljina, Gradi\u0161ka, Derventa, Doboj, Zvornik, Isto\u010dno Sarajevo, Lakta\u0161i, Prijedor, Prnjavor, Tesli\u0107 i Trebinje.<\/p>\n<p>Pregled gradova i op\u0161tina u Republici Srpskoj:<\/p>\n<table style=\"height: 552px; width: 49.9553%; border-collapse: collapse; background-color: #fcfafa;\">\n<tbody>\n<tr style=\"height: 24px;\">\n<td style=\"width: 17.514%; height: 24px;\"><a title=\"Grad Banja Luka\" href=\"http:\/\/www.banjaluka.rs.ba\/\" target=\"_blank\" rel=\"noopener\">Grad Banja Luka<\/a><\/td>\n<td style=\"width: 21.003%; height: 24px;\"><a title=\"Isto\u010dni Stari Grad\" href=\"http:\/\/opstinaisg.net\/\" target=\"_blank\" rel=\"noopener\">Isto\u010dni Stari Grad<\/a><\/td>\n<td style=\"width: 11.4382%; height: 24px;\"><a title=\"Petrovo\" href=\"http:\/\/www.petrovo.ba\/cir\/\" target=\"_blank\" rel=\"noopener\">Petrovo<\/a><\/td>\n<\/tr>\n<tr style=\"height: 24px;\">\n<td style=\"width: 17.514%; height: 24px;\"><a title=\"Grad Bijeljina\" href=\"https:\/\/www.gradbijeljina.org\/\" target=\"_blank\" rel=\"noopener\">Grad Bijeljina<\/a><\/td>\n<td style=\"width: 21.003%; height: 24px;\"><a title=\"Isto\u010dno Novo Sarajevo\" href=\"http:\/\/www.opstinains.net\/\" target=\"_blank\" rel=\"noopener\">Isto\u010dno Novo Sarajevo<\/a><\/td>\n<td style=\"width: 11.4382%; height: 24px;\"><a title=\"Ribnik\" href=\"http:\/\/opstinaribnik.org\/?lng=cir\" target=\"_blank\" rel=\"noopener\">Ribnik<\/a><\/td>\n<\/tr>\n<tr style=\"height: 24px;\">\n<td style=\"width: 17.514%; height: 24px;\"><a title=\"Grad Gradi\u0161ka\" href=\"http:\/\/www.gradgradiska.com\/\" target=\"_blank\" rel=\"noopener\">Grad Gradi\u0161ka<\/a><\/td>\n<td style=\"width: 21.003%; height: 24px;\"><a title=\"Jezero\" href=\"https:\/\/www.opstinajezero.org\/sr\" target=\"_blank\" rel=\"noopener\">Jezero<\/a><\/td>\n<td style=\"width: 11.4382%; height: 24px;\"><a href=\"http:\/\/www.rogatica.ba\/\" target=\"_blank\" rel=\"noopener\">Rogatica<\/a><\/td>\n<\/tr>\n<tr style=\"height: 24px;\">\n<td style=\"width: 17.514%; height: 24px;\"><a title=\"Grad Derventa\" href=\"http:\/\/www.derventa.ba\/\" target=\"_blank\" rel=\"noopener\">Grad Derventa<\/a><\/td>\n<td style=\"width: 21.003%; height: 24px;\"><a title=\"Kalinovik\" href=\"http:\/\/www.kalinovik.info\/\" target=\"_blank\" rel=\"noopener\">Kalinovik<\/a><\/td>\n<td style=\"width: 11.4382%; height: 24px;\"><a title=\"Rudo\" href=\"http:\/\/www.opstinarudo.com\/?lang=cir\" target=\"_blank\" rel=\"noopener\">Rudo<\/a><\/td>\n<\/tr>\n<tr style=\"height: 24px;\">\n<td style=\"width: 17.514%; height: 24px;\"><a title=\"Grad Doboj\" href=\"https:\/\/doboj.gov.ba\/\" target=\"_blank\" rel=\"noopener\">Grad Doboj<\/a><\/td>\n<td style=\"width: 21.003%; height: 24px;\"><a href=\"http:\/\/opstinaknezevo.org\/\" target=\"_blank\" rel=\"noopener\">Kne\u017eevo<\/a><\/td>\n<td style=\"width: 11.4382%; height: 24px;\"><a title=\"Sokolac\" href=\"http:\/\/www.opstinasokolac.net\/\" target=\"_blank\" rel=\"noopener\">Sokolac<\/a><\/td>\n<\/tr>\n<tr style=\"height: 24px;\">\n<td style=\"width: 17.514%; height: 24px;\"><a title=\"Grad Zvornik\" href=\"https:\/\/www.gradzvornik.org\/\" target=\"_blank\" rel=\"noopener\">Grad Zvornik<\/a><\/td>\n<td style=\"width: 21.003%; height: 24px;\"><a title=\"Kozarska Dubica\" href=\"http:\/\/www.kozarskadubica.org\/\" target=\"_blank\" rel=\"noopener\">Kozarska Dubica<\/a><\/td>\n<td style=\"width: 11.4382%; height: 24px;\"><a title=\"Srbac\" href=\"http:\/\/www.srbac-rs.com\/\" target=\"_blank\" rel=\"noopener\">Srbac<\/a><\/td>\n<\/tr>\n<tr style=\"height: 24px;\">\n<td style=\"width: 17.514%; height: 24px;\"><a title=\"Grad Isto\u010dno Sarajevo\" href=\"http:\/\/www.gradistocnosarajevo.net\/\" target=\"_blank\" rel=\"noopener\">Grad Isto\u010dno Sarajevo<\/a><\/td>\n<td style=\"width: 21.003%; height: 24px;\"><a title=\"Kostajnica\" href=\"http:\/\/www.opstina-kostajnica.com\/index.php?lang=sr\" target=\"_blank\" rel=\"noopener\">Kostajnica<\/a><\/td>\n<td style=\"width: 11.4382%; height: 24px;\"><a href=\"http:\/\/www.srebrenica.gov.ba\/\" target=\"_blank\" rel=\"noopener\">Srebrenica<\/a><\/td>\n<\/tr>\n<tr style=\"height: 24px;\">\n<td style=\"width: 17.514%; height: 24px;\"><a title=\"Grad Lakta\u0161i\" href=\"https:\/\/grad-laktasi.com\/cir\/pocetna\/\" target=\"_blank\" rel=\"noopener\">Grad Lakta\u0161i<\/a><\/td>\n<td style=\"width: 21.003%; height: 24px;\"><a title=\"Kotor Varo\u0161\" href=\"http:\/\/opstinakotorvaros.com\/?lng=cir\" target=\"_blank\" rel=\"noopener\">Kotor Varo\u0161<\/a><\/td>\n<td style=\"width: 11.4382%; height: 24px;\"><a title=\"Stanari\" href=\"https:\/\/www.opstinastanari.com\/\" target=\"_blank\" rel=\"noopener\">Stanari<\/a><\/td>\n<\/tr>\n<tr style=\"height: 24px;\">\n<td style=\"width: 17.514%; height: 24px;\"><a title=\"Grad Prijedor\" href=\"http:\/\/www.prijedorgrad.org\/sr-BA\/\" target=\"_blank\" rel=\"noopener\">Grad Prijedor<\/a><\/td>\n<td style=\"width: 21.003%; height: 24px;\"><a title=\"Krupa na Uni\" href=\"http:\/\/www.opstinakrupanauni.com\/\" target=\"_blank\" rel=\"noopener\">Krupa na Uni<\/a><\/td>\n<td style=\"width: 11.4382%; height: 24px;\"><a title=\"Tesli\u0107\" href=\"http:\/\/www.opstinateslic.com\/sr\/\" target=\"_blank\" rel=\"noopener\">Grad Tesli\u0107<\/a><\/td>\n<\/tr>\n<tr style=\"height: 24px;\">\n<td style=\"width: 17.514%; height: 24px;\"><a title=\"Grad Prijedor\" href=\"https:\/\/gradprnjavor.com\/\" target=\"_blank\" rel=\"noopener\">Grad Prnjavor<\/a><\/td>\n<td style=\"width: 21.003%; height: 24px;\">Kupres<\/td>\n<td style=\"width: 11.4382%; height: 24px;\"><a title=\"Trnovo\" href=\"http:\/\/www.trnovo-rs.com\/\" target=\"_blank\" rel=\"noopener\">Trnovo<\/a><\/td>\n<\/tr>\n<tr style=\"height: 24px;\">\n<td style=\"width: 17.514%; height: 24px;\"><a title=\"Grad Trebinje\" href=\"https:\/\/www.trebinje.rs.ba\/\" target=\"_blank\" rel=\"noopener\">Grad Trebinje<\/a><\/td>\n<td style=\"width: 21.003%; height: 24px;\"><a title=\"Lopare\" href=\"http:\/\/www.opstinalopare.com\/\" target=\"_blank\" rel=\"noopener\">Lopare<\/a><\/td>\n<td style=\"width: 11.4382%; height: 24px;\"><a title=\"Ugljevik\" href=\"http:\/\/www.opstinaugljevik.net\/\" target=\"_blank\" rel=\"noopener\">Ugljevik<\/a><\/td>\n<\/tr>\n<tr style=\"height: 24px;\">\n<td style=\"width: 17.514%; height: 24px;\"><a title=\"Berkovi\u0107i\" href=\"http:\/\/www.opstinaberkovici.com\/\" target=\"_blank\" rel=\"noopener\">Berkovi\u0107i<\/a><\/td>\n<td style=\"width: 21.003%; height: 24px;\"><a title=\"Ljubinje\" href=\"http:\/\/www.opstinaljubinje.org\/\" target=\"_blank\" rel=\"noopener\">Ljubinje<\/a><\/td>\n<td style=\"width: 11.4382%; height: 24px;\"><a title=\"Fo\u010da\" href=\"http:\/\/www.opstinafoca.rs.ba\/\" target=\"_blank\" rel=\"noopener\">Fo\u010da<\/a><\/td>\n<\/tr>\n<tr style=\"height: 24px;\">\n<td style=\"width: 17.514%; height: 24px;\"><a title=\"Op\u0161tina Bile\u0107a\" href=\"https:\/\/www.opstinabileca.ba\/\" target=\"_blank\" rel=\"noopener\">Bile\u0107a<\/a><\/td>\n<td style=\"width: 21.003%; height: 24px;\"><a title=\"Mili\u0107i\" href=\"http:\/\/www.opstinamilici.org\/\" target=\"_blank\" rel=\"noopener\">Mili\u0107i<\/a><\/td>\n<td style=\"width: 11.4382%; height: 24px;\"><a title=\"Han Pijesak\" href=\"http:\/\/www.hanpijesak.org\/\" target=\"_blank\" rel=\"noopener\">Han Pijesak<\/a><\/td>\n<\/tr>\n<tr style=\"height: 24px;\">\n<td style=\"width: 17.514%; height: 24px;\"><a title=\"Bratunac\" href=\"http:\/\/opstinabratunac.com\/\" target=\"_blank\" rel=\"noopener\">Bratunac<\/a><\/td>\n<td style=\"width: 21.003%; height: 24px;\"><a title=\"Modri\u010da\" href=\"http:\/\/www.modrica.ba\/index_c.html\" target=\"_blank\" rel=\"noopener\">Modri\u010da<\/a><\/td>\n<td style=\"width: 11.4382%; height: 24px;\"><a title=\"\u010cajni\u010de\" href=\"http:\/\/www.opstinacajnice.rs.ba\/pocetna.html\" target=\"_blank\" rel=\"noopener\">\u010cajni\u010de<\/a><\/td>\n<\/tr>\n<tr style=\"height: 24px;\">\n<td style=\"width: 17.514%; height: 24px;\"><a title=\"Brod\" href=\"https:\/\/www.opstina-brod.net\/\" target=\"_blank\" rel=\"noopener\">Brod<\/a><\/td>\n<td style=\"width: 21.003%; height: 24px;\"><a title=\"Mrkonji\u0107 Grad\" href=\"http:\/\/www.mrkonjic-grad.rs.ba\/\" target=\"_blank\" rel=\"noopener\">Mrkonji\u0107 Grad<\/a><\/td>\n<td style=\"width: 11.4382%; height: 24px;\"><a title=\"\u010celinac\" href=\"http:\/\/www.opstina-celinac.com\/index.php?lang=sr-cir\" target=\"_blank\" rel=\"noopener\">\u010celinac<\/a><\/td>\n<\/tr>\n<tr style=\"height: 24px;\">\n<td style=\"width: 17.514%; height: 24px;\"><a title=\"Vi\u0161egrad\" href=\"https:\/\/opstinavisegrad.com\/\" target=\"_blank\" rel=\"noopener\">Vi\u0161egrad<\/a><\/td>\n<td style=\"width: 21.003%; height: 24px;\"><a title=\"Nevesinje\" href=\"http:\/\/www.opstinanevesinje.rs.ba\/\" target=\"_blank\" rel=\"noopener\">Nevesinje<\/a><\/td>\n<td style=\"width: 11.4382%; height: 24px;\"><a title=\"\u0160amac\" href=\"http:\/\/www.opstinasamac.org\/index.php?lang=srcirilic\" target=\"_blank\" rel=\"noopener\">\u0160amac<\/a><\/td>\n<\/tr>\n<tr style=\"height: 24px;\">\n<td style=\"width: 17.514%; height: 24px;\"><a title=\"Vlasenica\" href=\"http:\/\/www.opstina-vlasenica.org\/\" target=\"_blank\" rel=\"noopener\">Vlasenica<\/a><\/td>\n<td style=\"width: 21.003%; height: 24px;\"><a title=\"Novi Grad\" href=\"http:\/\/www.opstina-novigrad.com\/\" target=\"_blank\" rel=\"noopener\">Novi Grad<\/a><\/td>\n<td style=\"width: 11.4382%; height: 24px;\"><a title=\"\u0160ekovi\u0107i\" href=\"http:\/\/sekovici.org\/\" target=\"_blank\" rel=\"noopener\">\u0160ekovi\u0107i<\/a><\/td>\n<\/tr>\n<tr style=\"height: 24px;\">\n<td style=\"width: 17.514%; height: 24px;\"><a href=\"http:\/\/vukosavlje.gov.ba\/\" target=\"_blank\" rel=\"noopener\">Vukosavlje<\/a><\/td>\n<td style=\"width: 21.003%; height: 24px;\"><a title=\"Novo Gora\u017ede\" href=\"http:\/\/www.novogorazde.rs.ba\/\" target=\"_blank\" rel=\"noopener\">Novo Gora\u017ede<\/a><\/td>\n<td style=\"width: 11.4382%; height: 24px;\"><a title=\"\u0160ipovo\" href=\"http:\/\/www.sipovo.net\/\" target=\"_blank\" rel=\"noopener\">\u0160ipovo<\/a><\/td>\n<\/tr>\n<tr style=\"height: 24px;\">\n<td style=\"width: 17.514%; height: 24px;\"><a title=\"Gacko\" href=\"http:\/\/www.gacko-rs.info\/\" target=\"_blank\" rel=\"noopener\">Gacko<\/a><\/td>\n<td style=\"width: 21.003%; height: 24px;\"><a title=\"Osmaci\" href=\"http:\/\/www.osmaci.org\/index.php?id_jezik=1&amp;pismo=sr\" target=\"_blank\" rel=\"noopener\">Osmaci<\/a><\/td>\n<td style=\"width: 11.4382%; height: 24px;\"><\/td>\n<\/tr>\n<tr style=\"height: 24px;\">\n<td style=\"width: 17.514%; height: 24px;\"><a title=\"Donji \u017dabar\" href=\"http:\/\/www.opstinadonjizabar.com\/\" target=\"_blank\" rel=\"noopener\">Donji \u017dabar<\/a><\/td>\n<td style=\"width: 21.003%; height: 24px;\"><a href=\"http:\/\/opstinaostraluka.org\/\" target=\"_blank\" rel=\"noopener\">O\u0161tra Luka<\/a><\/td>\n<td style=\"width: 11.4382%; height: 24px;\"><\/td>\n<\/tr>\n<tr style=\"height: 24px;\">\n<td style=\"width: 17.514%; height: 24px;\"><a title=\"Isto\u010dna Ilid\u017ea\" href=\"http:\/\/istocnailidza.net\/\" target=\"_blank\" rel=\"noopener\">Isto\u010dna Ilid\u017ea<\/a><\/td>\n<td style=\"width: 21.003%; height: 24px;\"><a title=\"Pale\" href=\"http:\/\/www.pale.rs.ba\/\" target=\"_blank\" rel=\"noopener\">Pale<\/a><\/td>\n<td style=\"width: 11.4382%; height: 24px;\"><\/td>\n<\/tr>\n<tr style=\"height: 24px;\">\n<td style=\"width: 17.514%; height: 24px;\">Isto\u010dni Drvar<\/td>\n<td style=\"width: 21.003%; height: 24px;\"><a title=\"Pelagi\u0107evo\" href=\"http:\/\/pelagicevo.gov.ba\/\" target=\"_blank\" rel=\"noopener\">Pelagi\u0107evo<\/a><\/td>\n<td style=\"width: 11.4382%; height: 24px;\"><\/td>\n<\/tr>\n<tr style=\"height: 24px;\">\n<td style=\"width: 17.514%; height: 24px;\">Isto\u010dni Mostar<\/td>\n<td style=\"width: 21.003%; height: 24px;\"><a title=\"Petrovac\" href=\"http:\/\/www.drinic.rs.ba\/cirilica\/index.htm\" target=\"_blank\" rel=\"noopener\">Petrovac<\/a><\/td>\n<td style=\"width: 11.4382%; height: 24px;\"><\/td>\n<\/tr>\n<\/tbody>\n<\/table>\n<\/div><\/div><\/div><\/div><\/div><\/div><\/div><\/section><section class=\"l-section wpb_row us_custom_6217dcc9 height_small\"><div class=\"l-section-h i-cf\"><div class=\"g-cols vc_row type_default valign_top\"><div class=\"vc_col-sm-12 wpb_column vc_column_container animate_afl\"><div class=\"vc_column-inner\"><div class=\"wpb_wrapper\"><div class=\"w-sharing type_solid align_left color_default\"><div class=\"w-sharing-list\" data-sharing-url=\"https:\/\/predstavnistvorsbg.rs\/sr-Latn\/wp-json\/wp\/v2\/pages\/1499\" data-sharing-image=\"\"><a class=\"w-sharing-item email\" href=\"javascript:void(0)\" title=\"Email this\" aria-label=\"Email this\"><span class=\"w-sharing-icon\"><\/span><\/a><a class=\"w-sharing-item facebook\" href=\"javascript:void(0)\" title=\"Share this\" aria-label=\"Share this\"><span class=\"w-sharing-icon\"><\/span><\/a><a class=\"w-sharing-item twitter\" href=\"javascript:void(0)\" title=\"Tweet this\" aria-label=\"Tweet this\"><span class=\"w-sharing-icon\"><\/span><\/a><a class=\"w-sharing-item linkedin\" href=\"javascript:void(0)\" title=\"Share this\" aria-label=\"Share this\"><span class=\"w-sharing-icon\"><\/span><\/a><a class=\"w-sharing-item pinterest\" href=\"javascript:void(0)\" title=\"Pin this\" aria-label=\"Pin this\"><span class=\"w-sharing-icon\"><\/span><\/a><\/div><\/div><\/div><\/div><\/div><\/div><\/div><\/section>\n","protected":false},"excerpt":{"rendered":"Zakonom o teritorijalnoj organizaciji Republike Srpske (&#8222;Slu\u017ebeni glasnik RS&#8220;, br. 69\/09, 70\/12, 83\/14, 106\/15, 26\/19, 15\/21, 37\/22, 32\/23 i 45\/25) ure\u0111uje se teritorijalna organizacija Republike Srpske, kao i uslovi i postupak za teritorijalnu promjenu. Teritoriju Republike Srpske \u010dine op\u0161tine i gradovi. Op\u0161tina je osnovna teritorijalna jedinica lokalne samouprave koja se formira za dio naseljenog mjesta,...","protected":false},"author":1,"featured_media":0,"parent":1458,"menu_order":0,"comment_status":"closed","ping_status":"closed","template":"","meta":[],"_links":{"self":[{"href":"https:\/\/predstavnistvorsbg.rs\/sr-Latn\/wp-json\/wp\/v2\/pages\/1499"}],"collection":[{"href":"https:\/\/predstavnistvorsbg.rs\/sr-Latn\/wp-json\/wp\/v2\/pages"}],"about":[{"href":"https:\/\/predstavnistvorsbg.rs\/sr-Latn\/wp-json\/wp\/v2\/types\/page"}],"author":[{"embeddable":true,"href":"https:\/\/predstavnistvorsbg.rs\/sr-Latn\/wp-json\/wp\/v2\/users\/1"}],"replies":[{"embeddable":true,"href":"https:\/\/predstavnistvorsbg.rs\/sr-Latn\/wp-json\/wp\/v2\/comments?post=1499"}],"version-history":[{"count":4,"href":"https:\/\/predstavnistvorsbg.rs\/sr-Latn\/wp-json\/wp\/v2\/pages\/1499\/revisions"}],"predecessor-version":[{"id":18195,"href":"https:\/\/predstavnistvorsbg.rs\/sr-Latn\/wp-json\/wp\/v2\/pages\/1499\/revisions\/18195"}],"up":[{"embeddable":true,"href":"https:\/\/predstavnistvorsbg.rs\/sr-Latn\/wp-json\/wp\/v2\/pages\/1458"}],"wp:attachment":[{"href":"https:\/\/predstavnistvorsbg.rs\/sr-Latn\/wp-json\/wp\/v2\/media?parent=1499"}],"curies":[{"name":"wp","href":"https:\/\/api.w.org\/{rel}","templated":true}]}}