{"id":1503,"date":"2022-03-02T16:07:49","date_gmt":"2022-03-02T15:07:49","guid":{"rendered":"http:\/\/prs2.profimediagroup.com\/?page_id=1503"},"modified":"2022-03-08T22:57:06","modified_gmt":"2022-03-08T21:57:06","slug":"aktivnosti-ltn","status":"publish","type":"page","link":"https:\/\/predstavnistvorsbg.rs\/sr-Latn\/aktivnosti-ltn\/","title":{"rendered":"Aktivnosti"},"content":{"rendered":"<section class=\"l-section wpb_row height_small\"><div class=\"l-section-h i-cf\"><div class=\"g-cols vc_row type_default valign_top\"><div class=\"vc_col-sm-12 wpb_column vc_column_container\"><div class=\"vc_column-inner\"><div class=\"wpb_wrapper\"><div class=\"g-cols wpb_row  type_default valign_top vc_inner\"><div class=\"vc_col-sm-4 wpb_column vc_column_container animate_aft\"><div class=\"vc_column-inner\"><div class=\"wpb_wrapper\"><div class=\"w-iconbox iconpos_top style_circle color_primary align_center\"><a title=\"Institucionalna saradnja\" href=\"\/sr-Latn\/aktivnosti-ltn\/institucionalna-saradnja-ltn\/\" class=\"w-iconbox-link\" aria-label=\"Institucionalna saradnja\"><div class=\"w-iconbox-icon\"><i class=\"far fa-handshake\"><\/i><\/div><\/a><div class=\"w-iconbox-meta\"><a title=\"Institucionalna saradnja\" href=\"\/sr-Latn\/aktivnosti-ltn\/institucionalna-saradnja-ltn\/\" class=\"w-iconbox-link\" aria-label=\"Institucionalna saradnja\"><h4 class=\"w-iconbox-title\">Institucionalna saradnja<\/h4><\/a><div class=\"w-iconbox-text\"><p>Predstavni\u0161tvo podsti\u010de i razvija saradnju izme\u0111u organa, organizacija i institucija Republike Srpske i Republike Srbije, uspostavlja saradnju na regionalnom i lokalnom nivou.<\/p>\n<\/div><\/div><\/div><\/div><\/div><\/div><div class=\"vc_col-sm-4 wpb_column vc_column_container animate_aft\" style=\"animation-delay:0.5s\"><div class=\"vc_column-inner\"><div class=\"wpb_wrapper\"><div class=\"w-iconbox iconpos_top style_circle color_primary align_center\"><a title=\"Privredna i ekonomska saradnja\" href=\"\/sr-Latn\/aktivnosti-ltn\/privredna-i-ekonomska-saradnja-ltn\/\" class=\"w-iconbox-link\" aria-label=\"Privredna i ekonomska saradnja\"><div class=\"w-iconbox-icon\"><i class=\"far fa-industry\"><\/i><\/div><\/a><div class=\"w-iconbox-meta\"><a title=\"Privredna i ekonomska saradnja\" href=\"\/sr-Latn\/aktivnosti-ltn\/privredna-i-ekonomska-saradnja-ltn\/\" class=\"w-iconbox-link\" aria-label=\"Privredna i ekonomska saradnja\"><h4 class=\"w-iconbox-title\">Privredna i ekonomska saradnja<\/h4><\/a><div class=\"w-iconbox-text\"><p>Jedan od na\u0161ih osnovnih zadataka je podsticanje i razvoj saradnje u oblasti privrede i kori\u0161\u0107enja prirodnih resursa, tj. unapre\u0111enja ekonomske saradnje u svim segmentima.<\/p>\n<\/div><\/div><\/div><\/div><\/div><\/div><div class=\"vc_col-sm-4 wpb_column vc_column_container animate_aft\" style=\"animation-delay:1s\"><div class=\"vc_column-inner\"><div class=\"wpb_wrapper\"><div class=\"w-iconbox iconpos_top style_circle color_primary align_center\"><a title=\"Nau\u010dno-tehni\u010dka saradnja\" href=\"\/sr-Latn\/aktivnosti-ltn\/naucno-tehnicka-saradnja-ltn\/\" class=\"w-iconbox-link\" aria-label=\"Nau\u010dno-tehni\u010dka saradnja\"><div class=\"w-iconbox-icon\"><i class=\"far fa-atom\"><\/i><\/div><\/a><div class=\"w-iconbox-meta\"><a title=\"Nau\u010dno-tehni\u010dka saradnja\" href=\"\/sr-Latn\/aktivnosti-ltn\/naucno-tehnicka-saradnja-ltn\/\" class=\"w-iconbox-link\" aria-label=\"Nau\u010dno-tehni\u010dka saradnja\"><h4 class=\"w-iconbox-title\">Nau\u010dno-tehni\u010dka saradnja<\/h4><\/a><div class=\"w-iconbox-text\"><p>Saradnja u nau\u010dno-tehni\u010dkoj oblasti proizilazi prvenstveno iz primjene protokola i memoranduma potpisanih izme\u0111u resornih ministarstava, instituta, fakulteta&#8230;<\/p>\n<\/div><\/div><\/div><\/div><\/div><\/div><\/div><div class=\"w-separator size_medium\"><\/div><div class=\"g-cols wpb_row  type_default valign_top vc_inner\"><div class=\"vc_col-sm-4 wpb_column vc_column_container animate_aft\" style=\"animation-delay:1.5s\"><div class=\"vc_column-inner\"><div class=\"wpb_wrapper\"><div class=\"w-iconbox iconpos_top style_circle color_primary align_center\"><a title=\"Kulturna saradnja i saradnja sa zavi\u010dajnim udru\u017eenjima\" href=\"\/sr-Latn\/aktivnosti-ltn\/kulturna-saradnja-i-saradnja-sa-zavicajnim-udruzenjima-ltn\/\" class=\"w-iconbox-link\" aria-label=\"Kulturna saradnja\"><div class=\"w-iconbox-icon\"><i class=\"far fa-university\"><\/i><\/div><\/a><div class=\"w-iconbox-meta\"><a title=\"Kulturna saradnja i saradnja sa zavi\u010dajnim udru\u017eenjima\" href=\"\/sr-Latn\/aktivnosti-ltn\/kulturna-saradnja-i-saradnja-sa-zavicajnim-udruzenjima-ltn\/\" class=\"w-iconbox-link\" aria-label=\"Kulturna saradnja\"><h4 class=\"w-iconbox-title\">Kulturna saradnja<\/h4><\/a><div class=\"w-iconbox-text\"><p>Bliske veze i dugogodi\u0161nja saradnja stvaralaca iz Republike Srpske i Srbije dobra je osnova, ne samo za dalji rad, nego i kao mogu\u0107nost pro\u0161irenja saradnje i njenog oboga\u0107ivanja.<\/p>\n<\/div><\/div><\/div><\/div><\/div><\/div><div class=\"vc_col-sm-4 wpb_column vc_column_container animate_aft\" style=\"animation-delay:2s\"><div class=\"vc_column-inner\"><div class=\"wpb_wrapper\"><div class=\"w-iconbox iconpos_top style_circle color_primary align_center\"><a title=\"Prosvjetna saradnja i saradnja sa mladima\" href=\"\/sr-Latn\/aktivnosti-ltn\/prosvjetna-saradnja-i-saradnja-sa-mladima-ltn\/\" class=\"w-iconbox-link\" aria-label=\"Prosvjetna saradnja\"><div class=\"w-iconbox-icon\"><i class=\"far fa-book-open\"><\/i><\/div><\/a><div class=\"w-iconbox-meta\"><a title=\"Prosvjetna saradnja i saradnja sa mladima\" href=\"\/sr-Latn\/aktivnosti-ltn\/prosvjetna-saradnja-i-saradnja-sa-mladima-ltn\/\" class=\"w-iconbox-link\" aria-label=\"Prosvjetna saradnja\"><h4 class=\"w-iconbox-title\">Prosvjetna saradnja<\/h4><\/a><div class=\"w-iconbox-text\"><p>U cilju unapre\u0111enja prosvjetne saradnje, Predstavni\u0161tvo radi na podsticanju saradnje izme\u0111u \u0161kola i fakulteta i drugih obrazovnih institucija iz Republike Srpske i Srbije.<\/p>\n<\/div><\/div><\/div><\/div><\/div><\/div><div class=\"vc_col-sm-4 wpb_column vc_column_container animate_aft\" style=\"animation-delay:2.5s\"><div class=\"vc_column-inner\"><div class=\"wpb_wrapper\"><div class=\"w-iconbox iconpos_top style_circle color_primary align_center\"><a title=\"Sportska saradnja\" href=\"\/sr-Latn\/aktivnosti-ltn\/sportska-saradnja-ltn\/\" class=\"w-iconbox-link\" aria-label=\"Sportska saradnja\"><div class=\"w-iconbox-icon\"><i class=\"far fa-volleyball-ball\"><\/i><\/div><\/a><div class=\"w-iconbox-meta\"><a title=\"Sportska saradnja\" href=\"\/sr-Latn\/aktivnosti-ltn\/sportska-saradnja-ltn\/\" class=\"w-iconbox-link\" aria-label=\"Sportska saradnja\"><h4 class=\"w-iconbox-title\">Sportska saradnja<\/h4><\/a><div class=\"w-iconbox-text\"><p>Predstavni\u0161tvo radi na uspostavljanju i razvijanju saradnje izme\u0111u sportskih organizacija i sportskih saveza Republike Srpske i Srbije.<\/p>\n<\/div><\/div><\/div><\/div><\/div><\/div><\/div><div class=\"w-separator size_medium\"><\/div><div class=\"g-cols wpb_row  type_default valign_top vc_inner\"><div class=\"vc_col-sm-4 wpb_column vc_column_container animate_aft\"><div class=\"vc_column-inner\"><div class=\"wpb_wrapper\"><div class=\"w-iconbox iconpos_top style_circle color_primary align_center\"><a title=\"Informativna saradnja\" href=\"\/sr-Latn\/aktivnosti-ltn\/informativna-saradnja-ltn\/\" class=\"w-iconbox-link\" aria-label=\"Informativna saradnja\"><div class=\"w-iconbox-icon\"><i class=\"far fa-info-circle\"><\/i><\/div><\/a><div class=\"w-iconbox-meta\"><a title=\"Informativna saradnja\" href=\"\/sr-Latn\/aktivnosti-ltn\/informativna-saradnja-ltn\/\" class=\"w-iconbox-link\" aria-label=\"Informativna saradnja\"><h4 class=\"w-iconbox-title\">Informativna saradnja<\/h4><\/a><div class=\"w-iconbox-text\"><p>Predstavni\u0161tvo radi na podsticanju saradnje izme\u0111u medija iz Republike Srpske i Srbije u cilju stvaranja uslova i ambijenta za objektivno informisanje.<\/p>\n<\/div><\/div><\/div><\/div><\/div><\/div><div class=\"vc_col-sm-4 wpb_column vc_column_container animate_aft\" style=\"animation-delay:0.5s\"><div class=\"vc_column-inner\"><div class=\"wpb_wrapper\"><div class=\"w-iconbox iconpos_top style_circle color_primary align_center\"><a title=\"Saradnja u oblasti socijalne i zdravstvene za\u0161tite\" href=\"\/sr-Latn\/aktivnosti-ltn\/saradnja-u-oblasti-socijalne-i-zdravstvene-zastite-ltn\/\" class=\"w-iconbox-link\" aria-label=\"Socijalna i zdravstvena za\u0161tita\"><div class=\"w-iconbox-icon\"><i class=\"far fa-file-medical\"><\/i><\/div><\/a><div class=\"w-iconbox-meta\"><a title=\"Saradnja u oblasti socijalne i zdravstvene za\u0161tite\" href=\"\/sr-Latn\/aktivnosti-ltn\/saradnja-u-oblasti-socijalne-i-zdravstvene-zastite-ltn\/\" class=\"w-iconbox-link\" aria-label=\"Socijalna i zdravstvena za\u0161tita\"><h4 class=\"w-iconbox-title\">Socijalna i zdravstvena za\u0161tita<\/h4><\/a><div class=\"w-iconbox-text\"><p>Predstavni\u0161tvo obavlja poslove i zadatke koji se odnose na unapre\u0111enje i razvoj saradnje u oblasti socijalne i zdravstvene za\u0161tite izme\u0111u Republike Srpske i Srbije.<\/p>\n<\/div><\/div><\/div><\/div><\/div><\/div><div class=\"vc_col-sm-4 wpb_column vc_column_container\"><div class=\"vc_column-inner\"><div class=\"wpb_wrapper\"><\/div><\/div><\/div><\/div><\/div><\/div><\/div><\/div><\/div><\/section><section class=\"l-section wpb_row us_custom_6217dcc9 height_small\"><div class=\"l-section-h i-cf\"><div class=\"g-cols vc_row type_default valign_top\"><div class=\"vc_col-sm-12 wpb_column vc_column_container animate_afl\"><div class=\"vc_column-inner\"><div class=\"wpb_wrapper\"><div class=\"w-sharing type_solid align_left color_default\"><div class=\"w-sharing-list\" data-sharing-url=\"https:\/\/predstavnistvorsbg.rs\/sr-Latn\/wp-json\/wp\/v2\/pages\/1503\" data-sharing-image=\"\"><a class=\"w-sharing-item email\" href=\"javascript:void(0)\" title=\"Email this\" aria-label=\"Email this\"><span class=\"w-sharing-icon\"><\/span><\/a><a class=\"w-sharing-item facebook\" href=\"javascript:void(0)\" title=\"Share this\" aria-label=\"Share this\"><span class=\"w-sharing-icon\"><\/span><\/a><a class=\"w-sharing-item twitter\" href=\"javascript:void(0)\" title=\"Tweet this\" aria-label=\"Tweet this\"><span class=\"w-sharing-icon\"><\/span><\/a><a class=\"w-sharing-item linkedin\" href=\"javascript:void(0)\" title=\"Share this\" aria-label=\"Share this\"><span class=\"w-sharing-icon\"><\/span><\/a><a class=\"w-sharing-item pinterest\" href=\"javascript:void(0)\" title=\"Pin this\" aria-label=\"Pin this\"><span class=\"w-sharing-icon\"><\/span><\/a><\/div><\/div><\/div><\/div><\/div><\/div><\/div><\/section>\n","protected":false},"excerpt":{"rendered":"Institucionalna saradnjaPredstavni\u0161tvo podsti\u010de i razvija saradnju izme\u0111u organa, organizacija i institucija Republike Srpske i Republike Srbije, uspostavlja saradnju na regionalnom i lokalnom nivou. Privredna i ekonomska saradnjaJedan od na\u0161ih osnovnih zadataka je podsticanje i razvoj saradnje u oblasti privrede i kori\u0161\u0107enja prirodnih resursa, tj. unapre\u0111enja ekonomske saradnje u svim segmentima. Nau\u010dno-tehni\u010dka saradnjaSaradnja u nau\u010dno-tehni\u010dkoj oblasti...","protected":false},"author":1,"featured_media":0,"parent":0,"menu_order":0,"comment_status":"closed","ping_status":"closed","template":"","meta":[],"_links":{"self":[{"href":"https:\/\/predstavnistvorsbg.rs\/sr-Latn\/wp-json\/wp\/v2\/pages\/1503"}],"collection":[{"href":"https:\/\/predstavnistvorsbg.rs\/sr-Latn\/wp-json\/wp\/v2\/pages"}],"about":[{"href":"https:\/\/predstavnistvorsbg.rs\/sr-Latn\/wp-json\/wp\/v2\/types\/page"}],"author":[{"embeddable":true,"href":"https:\/\/predstavnistvorsbg.rs\/sr-Latn\/wp-json\/wp\/v2\/users\/1"}],"replies":[{"embeddable":true,"href":"https:\/\/predstavnistvorsbg.rs\/sr-Latn\/wp-json\/wp\/v2\/comments?post=1503"}],"version-history":[{"count":0,"href":"https:\/\/predstavnistvorsbg.rs\/sr-Latn\/wp-json\/wp\/v2\/pages\/1503\/revisions"}],"wp:attachment":[{"href":"https:\/\/predstavnistvorsbg.rs\/sr-Latn\/wp-json\/wp\/v2\/media?parent=1503"}],"curies":[{"name":"wp","href":"https:\/\/api.w.org\/{rel}","templated":true}]}}