{"id":1514,"date":"2022-03-08T21:08:36","date_gmt":"2022-03-08T20:08:36","guid":{"rendered":"https:\/\/prs2.profimediagroup.com\/?page_id=1514"},"modified":"2026-03-10T12:37:56","modified_gmt":"2026-03-10T11:37:56","slug":"institucionalna-saradnja-ltn","status":"publish","type":"page","link":"https:\/\/predstavnistvorsbg.rs\/sr-Latn\/aktivnosti-ltn\/institucionalna-saradnja-ltn\/","title":{"rendered":"Institucionalna saradnja"},"content":{"rendered":"<section class=\"l-section wpb_row height_small\"><div class=\"l-section-h i-cf\"><div class=\"g-cols vc_row type_default valign_top\"><div class=\"vc_col-sm-12 wpb_column vc_column_container\"><div class=\"vc_column-inner\"><div class=\"wpb_wrapper\"><div class=\"wpb_text_column\" ><div class=\"wpb_wrapper\"><p>U okviru ja\u010danja i unapre\u0111ivanja institucionalne saradnje izme\u0111u Republike Srpske i Srbije, a u skladu sa Sporazumom o uspostavljanju specijalnih paralelnih odnosa izme\u0111u Republike Srpske i Republike Srbije, Predstavni\u0161tvo podsti\u010de i razvija saradnju izme\u0111u organa, organizacija i institucija Republike Srpske i Republike Srbije i uspostavlja saradnju na regionalnom i lokalnom nivou. Tako\u0111e, sara\u0111ujemo sa diplomatskim i konzularnim predstavni\u0161tvima i drugim organizacijama, sa vjerskim zajednicama i humanitarnim organizacijama u Republici Srbiji.<\/p>\n<hr \/>\n<h3>Aktivnosti Predstavni\u0161tva na polju institucionalne<\/h3>\n<h5>Obilje\u017eavanje Dana Republike Srpske i dana progla\u0161enja prvog Ustava Republike Srpske<\/h5>\n<p>Predstavni\u0161tvo \u0107e \u0161esti put organizovati sve\u010dani prijem povodom obilje\u017eavanja Dana Republike Srpske i dana progla\u0161enja prvog Ustava Republike Srpske, koji \u0107e se odr\u017eati u Skup\u0161tini grada Beograda 28. februara, na dan progla\u0161enja prvog Ustava Republike Srpske. Na prijem \u0107emo, kao i raniji godina, pozvati najvi\u0161e predstavnike Republike Srbije i Republike Srpske, Srpske pravoslavne crkve, pripadnike diplomatskog kora, ministre i narodne poslanike skup\u0161tina Srbije i Srpske, istaknute li\u010dnosti iz svijeta nauke, kulture i umjetnosti Republike Srpske i Srbije, predstavnike vjerskih zajednica, privrednike i druge javne li\u010dnosti Beograda i Srbije. Pored medijske promocije Republike Srpske, obilje\u017eavanje Dana Republike predstavlja dobru priliku za neposrednije razgovore o unapre\u0111enju saradnje i njegovanje dobrih odnosa sa predstavnicima organa i institucija Republike Srbije, najuspje\u0161nijim privrednicima i predstavnicima iz ustanova kulture i drugih oblasti. Ovim povodom \u0107e biti pripremljen prigodan umjetni\u010dki program i koktel.<\/p>\n<h5>Razvijanje i unapre\u0111enje institucionalne saradnje<\/h5>\n<p>U skladu sa Sporazumom o uspostavljanju specijalnih paralelnih odnosa izme\u0111u Republike Srpske i Republike Srbije Predstavni\u0161tvo podsti\u010de i razvija saradnju izme\u0111u organa, organizacija i institucija Republike Srpske i Republike Srbije, te nastoji da uspostavlja saradnju na regionalnom i lokalnom nivou. U ostvarivanju ovih ciljeva aktivnosti Predstavni\u0161tva \u0107e biti usmjerene na:<\/p>\n<p><strong>a) podr\u0161ku u implementaciji sporazuma, protokola i memoranduma o saradnji koje su potpisali organi i institucije Republike Srpske i Srbije<\/strong><\/p>\n<p>Predstavni\u0161tvo \u0107e nastaviti aktivnosti u cilju pru\u017eanja podr\u0161ke realizaciji potpisanih sporazuma, memoranduma i protokola o saradnji u skladu sa zahtjevima potpisnika pojedinih dokumenata. Nastoja\u0107emo da iniciramo i koordiniramo potpisivanje novih dokumenata u cilju u\u010dvr\u0161\u0107ivanja institucionalnih veza Republike Srpske i Srbije.<\/p>\n<p><strong>b) poslove za potrebe Koordinacionog tijela<\/strong><\/p>\n<p>Predstavni\u0161tvo je zadu\u017eeno da obavlja stru\u010dne i administrativno-tehni\u010dke poslove za potrebe Koordinacionog tijela za usmjeravanje aktivnosti u sprovo\u0111enju Sporazuma o uspostavljanju specijalnih paralelnih odnosa izme\u0111u Republike Srpske i Republike Srbije, u skladu sa Odlukom o obrazovanju ovog tijela od sedam \u010dlanova (me\u0111u kojima je i direktor Predstavni\u0161tva), a koja je usvojena 7.11.2008. godine na sjednici Vije\u0107a za saradnju. U ove poslove uklju\u010diva\u0107emo se u skladu sa zahtjevima Koordinacionog tijela.<\/p>\n<p><strong>v) Organizovanje radionica za zaposlene iz resornih ministarstava Republike Srpske i Srbije<\/strong><\/p>\n<p>Kao \u0161to smo i ranije isticali, smatramo da bi organizovanje radionica za zaposlene u resornim ministarstvima Republike Srpske i Srbije bio dobar i koristan vid saradnje u okviru kojih bi se razmjenjivala znanja i ste\u010dena iskustva na istim i sli\u010dnim poslovima. Ukoliko se ne uspije posti\u0107i dogovor o organizovanju posjeta zaposlenih, inicira\u0107emo organizovanje vebinara &#8211; onlajn sastanaka koji se odr\u017eavaju preko interneta kao dobru alternativu koja ujedno smanjuje tro\u0161kove organizovanja radionica. Naravno, sprovo\u0111enje ovih aktivnosti zavisi od spremnosti resornih ministarstava Republike Srpske i Srbije da se u njih uklju\u010de.<\/p>\n<p><strong>g) Saradnja sa diplomatskim i konzularnim predstavni\u0161tvima i drugim <\/strong><strong>organizacijama<\/strong><\/p>\n<div>Kao i do sada, sara\u0111iva\u0107emo sa diplomatskim i konzularnim predstavni\u0161tvima koja imaju sjedi\u0161te u Beogradu, odnosno Srbiji, kada se uka\u017ee potreba za tim. Nastavi\u0107emo dobru saradnju sa Ambasadom Bosne i Hercegovine u Beogradu. Po potrebi ostvariva\u0107emo saradnju sa humanitarnim, nevladinim i drugim organizacijama.<\/div>\n<h5>Poslovi za potrebe Kabineta predsjednika Republike Srpske i Senata RS<\/h5>\n<p>Predstavni\u0161tvo \u0107e i u 2020. godini obavljati odre\u0111ene administrativno-tehni\u010dke poslove za potrebe predsjednika Republike Srpske, odnosno njegovog Kabineta, u skladu sa postavljenim zahtjevima, a u okviru ostvarivanja saradnje sa institucijama Republike Srbije. Za potrebe Senata Republike Srpske i dalje \u0107emo vr\u0161iti organizaciono-tehni\u010dke poslove (odlazak na sjednice Senata i drugo) za \u010dlanove ovog tijela koji \u017eive u Srbiji.<\/p>\n<h5>Organizacija posjeta i u\u010de\u0161\u0107a na\u0161ih predstavnika na skupovima u Srbiji, kao i posjeta iz Srbije Republici Srpskoj<\/h5>\n<p>Kao i prethodnih godina, Predstavni\u0161tvo \u0107e organizovati posjete predstavnika Vlade, ministarstava i drugih subjekata iz Republike Srpske organima i institucijama, poslovnim zajednicama i privrednim subjektima u Republici Srbiji, te koordinirati pripreme za u\u010de\u0161\u0107e na\u0161ih predstvanika na zna\u010dajnim sastancima i susretima, nau\u010dnim simpozijumima, regionalnim konferencijama i skupovima koji se odr\u017eavaju u Beogradu, odnosno Srbiji.<br \/>\nTako\u0111e, nastoja\u0107emo da iniciramo i organizujemo dolazak privrednika, predstavnika poslovnih asocijacija i drugih subjekata iz Srbije u Republiku Srpsku, kao i predstavnika stranih kompanija i predstavni\u0161tava drugih zemalja koji poka\u017eu interes za uspostavljanje saradnje sa subjektima u Republici Srpskoj.<\/p>\n<p><strong>Realizaciju i informacije o ovim aktivnostima mo\u017eete pratiti u rubrici Aktuelnosti.<\/strong><\/p>\n<\/div><\/div><\/div><\/div><\/div><\/div><\/div><\/section><section class=\"l-section wpb_row us_custom_6217dcc9 height_small\"><div class=\"l-section-h i-cf\"><div class=\"g-cols vc_row type_default valign_top\"><div class=\"vc_col-sm-12 wpb_column vc_column_container animate_afl\"><div class=\"vc_column-inner\"><div class=\"wpb_wrapper\"><div class=\"w-sharing type_solid align_left color_default\"><div class=\"w-sharing-list\" data-sharing-url=\"https:\/\/predstavnistvorsbg.rs\/sr-Latn\/wp-json\/wp\/v2\/pages\/1514\" data-sharing-image=\"\"><a class=\"w-sharing-item email\" href=\"javascript:void(0)\" title=\"Email this\" aria-label=\"Email this\"><span class=\"w-sharing-icon\"><\/span><\/a><a class=\"w-sharing-item facebook\" href=\"javascript:void(0)\" title=\"Share this\" aria-label=\"Share this\"><span class=\"w-sharing-icon\"><\/span><\/a><a class=\"w-sharing-item twitter\" href=\"javascript:void(0)\" title=\"Tweet this\" aria-label=\"Tweet this\"><span class=\"w-sharing-icon\"><\/span><\/a><a class=\"w-sharing-item linkedin\" href=\"javascript:void(0)\" title=\"Share this\" aria-label=\"Share this\"><span class=\"w-sharing-icon\"><\/span><\/a><a class=\"w-sharing-item pinterest\" href=\"javascript:void(0)\" title=\"Pin this\" aria-label=\"Pin this\"><span class=\"w-sharing-icon\"><\/span><\/a><\/div><\/div><\/div><\/div><\/div><\/div><\/div><\/section>\n","protected":false},"excerpt":{"rendered":"U okviru ja\u010danja i unapre\u0111ivanja institucionalne saradnje izme\u0111u Republike Srpske i Srbije, a u skladu sa Sporazumom o uspostavljanju specijalnih paralelnih odnosa izme\u0111u Republike Srpske i Republike Srbije, Predstavni\u0161tvo podsti\u010de i razvija saradnju izme\u0111u organa, organizacija i institucija Republike Srpske i Republike Srbije i uspostavlja saradnju na regionalnom i lokalnom nivou. Tako\u0111e, sara\u0111ujemo sa diplomatskim...","protected":false},"author":1,"featured_media":0,"parent":1503,"menu_order":0,"comment_status":"closed","ping_status":"closed","template":"","meta":[],"_links":{"self":[{"href":"https:\/\/predstavnistvorsbg.rs\/sr-Latn\/wp-json\/wp\/v2\/pages\/1514"}],"collection":[{"href":"https:\/\/predstavnistvorsbg.rs\/sr-Latn\/wp-json\/wp\/v2\/pages"}],"about":[{"href":"https:\/\/predstavnistvorsbg.rs\/sr-Latn\/wp-json\/wp\/v2\/types\/page"}],"author":[{"embeddable":true,"href":"https:\/\/predstavnistvorsbg.rs\/sr-Latn\/wp-json\/wp\/v2\/users\/1"}],"replies":[{"embeddable":true,"href":"https:\/\/predstavnistvorsbg.rs\/sr-Latn\/wp-json\/wp\/v2\/comments?post=1514"}],"version-history":[{"count":2,"href":"https:\/\/predstavnistvorsbg.rs\/sr-Latn\/wp-json\/wp\/v2\/pages\/1514\/revisions"}],"predecessor-version":[{"id":21567,"href":"https:\/\/predstavnistvorsbg.rs\/sr-Latn\/wp-json\/wp\/v2\/pages\/1514\/revisions\/21567"}],"up":[{"embeddable":true,"href":"https:\/\/predstavnistvorsbg.rs\/sr-Latn\/wp-json\/wp\/v2\/pages\/1503"}],"wp:attachment":[{"href":"https:\/\/predstavnistvorsbg.rs\/sr-Latn\/wp-json\/wp\/v2\/media?parent=1514"}],"curies":[{"name":"wp","href":"https:\/\/api.w.org\/{rel}","templated":true}]}}