{"id":1516,"date":"2022-03-08T21:11:18","date_gmt":"2022-03-08T20:11:18","guid":{"rendered":"https:\/\/prs2.profimediagroup.com\/?page_id=1516"},"modified":"2023-11-20T13:03:20","modified_gmt":"2023-11-20T12:03:20","slug":"informativna-saradnja-ltn","status":"publish","type":"page","link":"https:\/\/predstavnistvorsbg.rs\/sr-Latn\/aktivnosti-ltn\/informativna-saradnja-ltn\/","title":{"rendered":"Informativna saradnja"},"content":{"rendered":"<section class=\"l-section wpb_row height_small\"><div class=\"l-section-h i-cf\"><div class=\"g-cols vc_row type_default valign_top\"><div class=\"vc_col-sm-12 wpb_column vc_column_container\"><div class=\"vc_column-inner\"><div class=\"wpb_wrapper\"><div class=\"wpb_text_column\" ><div class=\"wpb_wrapper\"><p>Predstavni\u0161tvo radi na podsticanju saradnje izme\u0111u medija iz Republike Srpske i Srbije u cilju stvaranja uslova i ambijenta za objektivno informisanje.<\/p>\n<h3>Aktivnosti Predstavni\u0161tva na polju informativne saradnje<\/h3>\n<h5>Saradnja sa medijima i najave aktuelnih aktivnosti i doga\u0111aja<\/h5>\n<p>Predstavni\u0161tvo uspje\u0161no sara\u0111uje sa medijima iz Republike Srpske i Srbije i redovno informi\u0161e javnost o svim zna\u010dajnim aktivnostima Predstavni\u0161tva. Redovno najavljujemo i obavje\u0161tavamo medije o svim va\u017enim posjetama i aktivnostima predstavnika iz Republike Srpske u Srbiji i pru\u017eamo informacije o na\u0161em radu u skladu sa zahtjevima novinara i medijskih ku\u0107a. Prema potrebi organizujemo konferencije za medije povodom zna\u010dajnih manifestacija i doga\u0111aja koji se odr\u017eavaju u Republici Srpskoj ili u Srbiji, a ti\u010du se Republike Srpske ili saradnje izme\u0111u Republike Srpske i Srbije.<\/p>\n<p>Pozivamo sve medije iz Republike Srpske i Srbije koji su zainteresovani da prate na\u0161 rad i izvje\u0161tavaju o na\u0161im aktivnostima da nam se obrate.<\/p>\n<h5>Odr\u017eavanje i a\u017euriranje veb-sajta Predstavni\u0161tva Republike Srpske u Srbiji<\/h5>\n<p>Predstavni\u0161tvo uspje\u0161no odr\u017eava i a\u017eurira vebsajt od 2010. godine. S obzirom da je u me\u0111uvremenu do\u0161lo do intenzivnog razvoja i uspostavljanja novih veb-standarda, Predstavni\u0161tvo je u 2023. godini kreiralo novi vebsajt uskla\u0111en sa novonastalim promjenama u tehni\u010dkom smislu. Redovnim a\u017euriranjem i pro\u0161irivanjem sadr\u017eaja nastoja\u0107emo da i dalje, na jo\u0161 pregledniji i transparentniji na\u010din, prikazujemo na\u0161e aktivnosti i prezentujemo sve potencijale Republike Srpske.<\/p>\n<h5>Prisustvo na dru\u0161tvenim mre\u017eama<\/h5>\n<p>Predstavni\u0161tvo \u0107e nastaviti da odr\u017eava i a\u017eurira svoj Fejsbuk i Instagram profil, kao i da objavljuje sadr\u017eaje na Jutjub kanalu. I dalje \u0107emo redovno informisati pratioce o svim aktuelnostima objavljuju\u0107i tekstove, fotografije i video materijale.<\/p>\n<h5>Bilten<\/h5>\n<p>Predstavni\u0161tvo priprema i ure\u0111uje Bilten koji od 2010. godine jednom mjese\u010dno objavljujemo na na\u0161em vebsajtu. Bilten obra\u0111uje teme iz dru\u0161tveno-politi\u010dkog, ekonomskog, kulturnog, vjerskog i sportskog \u017eivota Republike Srpske, a poseban akcenat stavlja se na sve ono \u0161to se odnosi na saradnju izme\u0111u Republike Srpske i Srbije, kao i na aktivnosti Predstavni\u0161tva.<\/p>\n<h5>Dnevni internet pres-kliping<\/h5>\n<p>U okviru informativne aktivnosti, a za interne potrebe, Predstavni\u0161tvo svakodnevno prati i analizira medijske priloge na internetu. Radi se prvenstveno o klju\u010dnim doga\u0111ajima i akterima iz politi\u010dkog, privrednog, nau\u010dnog, kulturnog i vjerskog \u017eivota u Republici Srpskoj i BiH, kao i o aktivnostima samog Predstavni\u0161tva Republike Srpske u Srbiji.<\/p>\n<h5>Saradnja sa poslovnim portalom \u201eeKapija\u201c<\/h5>\n<p>Predstavni\u0161tvo sa poslovnim portalom \u201eeKapija\u201c ostvaruje dugogodi\u0161nju saradnju u cilju pru\u017eanja informacija i vijesti koje predstavljaju investicije, poslovno okru\u017eenje, izvozno i investiciono orijentisane kompanije, kao i dobre ideje i poslovne prakse. U okviru projekta \u201eSkeniranje op\u0161tina i gradova u Republici Srpskoj\u201c nastavi\u0107emo sa prezentovanjem informacija o privrednim i investicionim mogu\u0107nostima op\u0161tina i gradova iz Republike Srpske koji se sistematizuju i objavljuju na sajtu Predstavni\u0161tva i portalu \u201eeKapija\u201c.<\/p>\n<\/div><\/div><\/div><\/div><\/div><\/div><\/div><\/section><section class=\"l-section wpb_row us_custom_6217dcc9 height_small\"><div class=\"l-section-h i-cf\"><div class=\"g-cols vc_row type_default valign_top\"><div class=\"vc_col-sm-12 wpb_column vc_column_container animate_afl\"><div class=\"vc_column-inner\"><div class=\"wpb_wrapper\"><div class=\"w-sharing type_solid align_left color_default\"><div class=\"w-sharing-list\" data-sharing-url=\"https:\/\/predstavnistvorsbg.rs\/sr-Latn\/wp-json\/wp\/v2\/pages\/1516\" data-sharing-image=\"\"><a class=\"w-sharing-item email\" href=\"javascript:void(0)\" title=\"Email this\" aria-label=\"Email this\"><span class=\"w-sharing-icon\"><\/span><\/a><a class=\"w-sharing-item facebook\" href=\"javascript:void(0)\" title=\"Share this\" aria-label=\"Share this\"><span class=\"w-sharing-icon\"><\/span><\/a><a class=\"w-sharing-item twitter\" href=\"javascript:void(0)\" title=\"Tweet this\" aria-label=\"Tweet this\"><span class=\"w-sharing-icon\"><\/span><\/a><a class=\"w-sharing-item linkedin\" href=\"javascript:void(0)\" title=\"Share this\" aria-label=\"Share this\"><span class=\"w-sharing-icon\"><\/span><\/a><a class=\"w-sharing-item pinterest\" href=\"javascript:void(0)\" title=\"Pin this\" aria-label=\"Pin this\"><span class=\"w-sharing-icon\"><\/span><\/a><\/div><\/div><\/div><\/div><\/div><\/div><\/div><\/section>\n","protected":false},"excerpt":{"rendered":"Predstavni\u0161tvo radi na podsticanju saradnje izme\u0111u medija iz Republike Srpske i Srbije u cilju stvaranja uslova i ambijenta za objektivno informisanje. Aktivnosti Predstavni\u0161tva na polju informativne saradnje Saradnja sa medijima i najave aktuelnih aktivnosti i doga\u0111aja Predstavni\u0161tvo uspje\u0161no sara\u0111uje sa medijima iz Republike Srpske i Srbije i redovno informi\u0161e javnost o svim zna\u010dajnim aktivnostima Predstavni\u0161tva....","protected":false},"author":1,"featured_media":0,"parent":1503,"menu_order":0,"comment_status":"closed","ping_status":"closed","template":"","meta":[],"_links":{"self":[{"href":"https:\/\/predstavnistvorsbg.rs\/sr-Latn\/wp-json\/wp\/v2\/pages\/1516"}],"collection":[{"href":"https:\/\/predstavnistvorsbg.rs\/sr-Latn\/wp-json\/wp\/v2\/pages"}],"about":[{"href":"https:\/\/predstavnistvorsbg.rs\/sr-Latn\/wp-json\/wp\/v2\/types\/page"}],"author":[{"embeddable":true,"href":"https:\/\/predstavnistvorsbg.rs\/sr-Latn\/wp-json\/wp\/v2\/users\/1"}],"replies":[{"embeddable":true,"href":"https:\/\/predstavnistvorsbg.rs\/sr-Latn\/wp-json\/wp\/v2\/comments?post=1516"}],"version-history":[{"count":0,"href":"https:\/\/predstavnistvorsbg.rs\/sr-Latn\/wp-json\/wp\/v2\/pages\/1516\/revisions"}],"up":[{"embeddable":true,"href":"https:\/\/predstavnistvorsbg.rs\/sr-Latn\/wp-json\/wp\/v2\/pages\/1503"}],"wp:attachment":[{"href":"https:\/\/predstavnistvorsbg.rs\/sr-Latn\/wp-json\/wp\/v2\/media?parent=1516"}],"curies":[{"name":"wp","href":"https:\/\/api.w.org\/{rel}","templated":true}]}}