{"id":1517,"date":"2021-11-10T23:17:40","date_gmt":"2021-11-10T22:17:40","guid":{"rendered":"https:\/\/prs2.profimediagroup.com\/?page_id=1517"},"modified":"2025-03-07T14:03:13","modified_gmt":"2025-03-07T13:03:13","slug":"kulturna-saradnja-i-saradnja-sa-zavicajnim-udruzenjima","status":"publish","type":"page","link":"https:\/\/predstavnistvorsbg.rs\/sr-Latn\/aktivnosti-ltn\/kulturna-saradnja-i-saradnja-sa-zavicajnim-udruzenjima\/","title":{"rendered":"Kulturna saradnja i saradnja sa zavi\u010dajnim udru\u017eenjima"},"content":{"rendered":"<section class=\"l-section wpb_row height_small\"><div class=\"l-section-h i-cf\"><div class=\"g-cols vc_row type_default valign_top\"><div class=\"vc_col-sm-12 wpb_column vc_column_container\"><div class=\"vc_column-inner\"><div class=\"wpb_wrapper\"><div class=\"wpb_text_column\" ><div class=\"wpb_wrapper\"><p>Saradnja Republike Srpske i Srbije na polju kulture i umjetnosti va\u017ean je dio ukupnog djelovanja Predstavni\u0161tva Republike Srpske u Srbiji, ne zato \u0161to se najlak\u0161e vidi i najbr\u017ee poka\u017ee blagotvornost uspjeha, nego prije svega zato \u0161to zbli\u017eava ljude na najplemenitiji na\u010din, duhovno ih oboga\u0107uje i uzdi\u017ee, a pri tom im pru\u017ea mogu\u0107nost i za bolju saradnju na drugim poljima: ekonomskom, nau\u010dno-tehni\u010dkom, sportskom&#8230; Bliske veze i dugogodi\u0161nja saradnja stvaralaca iz Republike Srpske i Srbije dobra je osnova, ne samo za dalji rad, nego i kao mogu\u0107nost pro\u0161irenja saradnje i njenog oboga\u0107ivanja, kako sadr\u017eajima, tako i novim u\u010desnicima.<\/p>\n<p>Posebnu pa\u017enju i podr\u0161ku Predstavni\u0161tvo pru\u017ea zavi\u010dajnim udru\u017eenjima koji njeguju na\u0161u kulturu, tradiciju i obi\u010daje.<\/p>\n<hr \/>\n<h3>Aktivnosti Predstavni\u0161tva na polju kulturne saradnje i saradnje sa zavi\u010dajnim udru\u017eenjima<\/h3>\n<h5>Manifestacija \u201eDani Srpske u Srbiji\u201c<\/h5>\n<p>Manifestacija \u201eDani Srpske u Srbiji\u201c je postala najve\u0107a tradicionalna manifestacija kojom Predstavni\u0161tvo Republike Srpske gra\u0111anima Srbije sveobuhvatno predstavlja Republiku Srpsku kroz razli\u010dite programe iz oblasti kulture, umjetnosti i stvarala\u0161tva, nauke, prosvjete, privrede i dr. Svake godine podizali smo ovu manifestaciju na jo\u0161 vi\u0161i nivo i \u0161irili kako broj gradova i op\u0161tina u kojima je realizovana tako i broj realizovanih programa. Nastoja\u0107emo da svake godine organizujemo i realizujemo ovu manifestaciju sa jo\u0161 kvalitetnijim raznovrsnim programom u kojem \u0107e biti zastupljeni predstavnici iz svih dijelova Republike Srpske.<\/p>\n<h5>Me\u0111unarodni beogradski sajam knjiga<\/h5>\n<p>Uz podr\u0161ku Ministarstva prosvjete i kulture, a u saradnji sa Narodnom i univerzitetskom bibliotekom Republike Srpske i Udru\u017eenjem izdava\u010da Republike Srpske Predstavni\u0161tvo svake godine organizuje jedinstven nastup Republike Srpske na Me\u0111unarodnom beogradskom sajmu knjiga koji se u oktobru odr\u017eava u Beogradu. Predstavni\u0161tvo \u0107e, kao i prethodnih godina, organizovati predstavljanje nauke i knji\u017eevnosti, kulture i umjetnosti Republike Srpske u saradnji sa svima koji budu zainteresovani da njihove knjige budu predstavljene na pa\u017eljivo osmi\u0161ljenom reprezentativnom \u0161tandu Republike Srpske.<\/p>\n<h5>U\u010de\u0161\u0107e u kulturnim doga\u0111ajima i manifestacijama koje se odr\u017eavaju u Srbiji<\/h5>\n<p>Predstavni\u0161tvo u materijalnom i organizacionom pogledu podr\u017eava sljede\u0107e kulturne manifestacije i doga\u0111aje koji se odr\u017evaju u Srbiji:<\/p>\n<p><strong>a)<\/strong> <strong>Me\u0111unarodni dje\u010diji festival folklora \u201eLicidersko srce\u201c<\/strong> koji se odr\u017eava sa obje strane Drine i u kojem nastupaju dje\u010diji folklorni ansambli iz vi\u0161e zemalja. Festival se odr\u017eava pod pokroviteljstvom predsjednika Republike Srbije, a organizator festivala je Udru\u017eenje gra\u0111ana \u201eEra\u201c uz podr\u0161ku, izme\u0111u ostalih, i Predstavni\u0161tva Republike Srpske u Srbiji. Ova manifestacije se ve\u0107 godinama odr\u017eava i u Andri\u0107gradu i Vi\u0161egradu. Svake godine pove\u0107ava se broj u\u010desnika i pro\u0161iruje sadr\u017eaj festivala u okviru kojeg se organizuje i humanitarna akcija;<\/p>\n<p><strong>b)<\/strong> <strong>\u201eDan<\/strong><strong>i<\/strong><strong> \u0106irila i Metodija\u201c<\/strong> u Srbiji i Republici Srpskoj je manifestacija u kojoj u\u010destvuju knji\u017eevnici iz slovenskih zemalja, a Predstavni\u0161tvo ovu manifestaciju podr\u017eava u u sklopu aktivnosti koje su definisane Memorandumom o saradnji koji je Predstavni\u0161tvo potpisalo sa Udru\u017eenjem knji\u017eevnika Srbije.<\/p>\n<p><strong>v)<\/strong> <strong>Ko\u010di\u0107ev dan <\/strong><strong>u Beogradu<\/strong> je dio velike manifestacije u Republici Srpskoj \u201eKo\u010di\u0107ev zbor\u201c koja se svake godine odr\u017eava u Banjoj Luci, u Beogradu i u Stri\u010di\u0107ima, na Zmijanju. \u201eKo\u010di\u0107ev dan u Beogradu\u201c Predstavni\u0161tvo realizuje u saradnji sa Udru\u017eenjem knji\u017eevnika Srbije &#8211; pola\u017ee se cvije\u0107e na grob Petra Ko\u010di\u0107a u Aleji velikana na Novom groblju, odr\u017eava knji\u017eevno podne kod spomenika Ko\u010di\u0107u u \u010cuburskom parku i knji\u017eevno ve\u010de u sve\u010danoj sali Udru\u017eenja knji\u017eevnika Srbije.<\/p>\n<p><strong>g) Festival poezije beogradskih osnovaca \u201cMali pobednik\u201c<\/strong> koji organizuje Udru\u017eenje \u201eKultart\u201d kao izborno takmi\u010denje za me\u0111unarodni festival dje\u010dije poezije \u201eDje\u010dije carstvo\u201c koje se odr\u017eava u Banjoj Luci;<\/p>\n<p><strong>d) sprovo\u0111enje konkursa<\/strong> <strong>koji raspisuju Predstavni\u0161tvo i Fondacija &#8222;Radost&#8220; za<\/strong> <strong>knji\u017eevnu nagradu \u201eIzvor\u201c<\/strong> za najljep\u0161e pjesme i najljep\u0161e pri\u010de o zavi\u010daju koje sti\u017eu od autora iz Srbije, Republike Srpske, Crne Gore i rasijanja, kao i podr\u0161ka za izdavanje \u010dasopisa za kulturu, nauku i umetnost \u201e\u017drnov\u201c;<\/p>\n<p><strong>\u0111) Me\u0111unarodn<\/strong><strong>a<\/strong><strong> umjetni\u010dk<\/strong><strong>a<\/strong><strong> kolonij<\/strong><strong>a<\/strong><strong> u Kr\u010dedinu <\/strong>koja se odr\u017eava pod pokroviteljstvom op\u0161tine In\u0111ija, a u organizaciji udru\u017eenja \u201eMoj Srem\u201c iz Kr\u010dedina i umjetni\u010dke grupe \u201eArte\u201c. Kolonija se odr\u017eava u domu porodice Jak\u0161i\u0107, a ve\u0107 dugi niz godina okuplja slikare iz cijelog svijeta i knji\u017eevnike srpskog jezi\u010dkog prostora;<\/p>\n<p><strong>e)<\/strong> <strong>Beogradsk<\/strong><strong>i festival harmonike<\/strong> koji organizuje Udru\u017eenje ljubitelja muzike \u201eAkordeon\u201c iz Beograda koji popularizuje harmoniku. U ovoj manifestaciji u\u010destvuju i u\u010denici muzi\u010dkih \u0161kola iz Republike Srpske, kao i profesori muzike iz Republike Srpske u radu \u017eirija.<\/p>\n<\/div><\/div><div class=\"w-separator size_medium\"><\/div><div class=\"wpb_text_column\" ><div class=\"wpb_wrapper\"><h5>Podr\u0161ka izdava\u0161tvu i stvarala\u0161tvu u vezi sa Republikom Srpskom<\/h5>\n<p>Predstavni\u0161tvo u skladu sa raspolo\u017eivim sredstvima, podr\u017eava projekate u izdava\u0161tvu i u drugim oblastima sa ciljem prezentacije srpske kulturne ba\u0161tine i savremenog stvarala\u0161tva \u010dije objavljivanje doprinosi promociji Republike Srpske.<\/p>\n<h5>Doniranje knjiga autora i izdava\u010da iz Republike Srpske<\/h5>\n<p>Predstavni\u0161tvo \u0107e i dalje nastaviti sa dosada\u0161njom praksom da bibliotekama u gradovima i op\u0161tinama u Srbiji donira knjige koje su bile izlo\u017eene na \u0161tandu Republike Srpske na Me\u0111unarodnom sajmu knjiga u Beogradu kako bi izdanja iz Republike Srpske bila dostupna \u0161to \u0161iroj publici i u Srbiji.<\/p>\n<h5>Podr\u0161ka zavi\u010dajnim udru\u017eenjima<\/h5>\n<p>Predstavni\u0161tvo podr\u017eava zavi\u010dajna udru\u017eenja u njihovim aktivnostima u cilju o\u010duvanja tradicije i njegovanja obi\u010daja, a u skladu sa raspolo\u017eivim sredstvima.<\/p>\n<\/div><\/div><\/div><\/div><\/div><\/div><\/div><\/section><section class=\"l-section wpb_row us_custom_6217dcc9 height_small\"><div class=\"l-section-h i-cf\"><div class=\"g-cols vc_row type_default valign_top\"><div class=\"vc_col-sm-12 wpb_column vc_column_container animate_afl\"><div class=\"vc_column-inner\"><div class=\"wpb_wrapper\"><div class=\"w-sharing type_solid align_left color_default\"><div class=\"w-sharing-list\" data-sharing-url=\"https:\/\/predstavnistvorsbg.rs\/sr-Latn\/wp-json\/wp\/v2\/pages\/1517\" data-sharing-image=\"\"><a class=\"w-sharing-item email\" href=\"javascript:void(0)\" title=\"Email this\" aria-label=\"Email this\"><span class=\"w-sharing-icon\"><\/span><\/a><a class=\"w-sharing-item facebook\" href=\"javascript:void(0)\" title=\"Share this\" aria-label=\"Share this\"><span class=\"w-sharing-icon\"><\/span><\/a><a class=\"w-sharing-item twitter\" href=\"javascript:void(0)\" title=\"Tweet this\" aria-label=\"Tweet this\"><span class=\"w-sharing-icon\"><\/span><\/a><a class=\"w-sharing-item linkedin\" href=\"javascript:void(0)\" title=\"Share this\" aria-label=\"Share this\"><span class=\"w-sharing-icon\"><\/span><\/a><a class=\"w-sharing-item pinterest\" href=\"javascript:void(0)\" title=\"Pin this\" aria-label=\"Pin this\"><span class=\"w-sharing-icon\"><\/span><\/a><\/div><\/div><\/div><\/div><\/div><\/div><\/div><\/section>\n","protected":false},"excerpt":{"rendered":"Saradnja Republike Srpske i Srbije na polju kulture i umjetnosti va\u017ean je dio ukupnog djelovanja Predstavni\u0161tva Republike Srpske u Srbiji, ne zato \u0161to se najlak\u0161e vidi i najbr\u017ee poka\u017ee blagotvornost uspjeha, nego prije svega zato \u0161to zbli\u017eava ljude na najplemenitiji na\u010din, duhovno ih oboga\u0107uje i uzdi\u017ee, a pri tom im pru\u017ea mogu\u0107nost i za bolju...","protected":false},"author":1,"featured_media":0,"parent":1503,"menu_order":0,"comment_status":"closed","ping_status":"closed","template":"","meta":[],"_links":{"self":[{"href":"https:\/\/predstavnistvorsbg.rs\/sr-Latn\/wp-json\/wp\/v2\/pages\/1517"}],"collection":[{"href":"https:\/\/predstavnistvorsbg.rs\/sr-Latn\/wp-json\/wp\/v2\/pages"}],"about":[{"href":"https:\/\/predstavnistvorsbg.rs\/sr-Latn\/wp-json\/wp\/v2\/types\/page"}],"author":[{"embeddable":true,"href":"https:\/\/predstavnistvorsbg.rs\/sr-Latn\/wp-json\/wp\/v2\/users\/1"}],"replies":[{"embeddable":true,"href":"https:\/\/predstavnistvorsbg.rs\/sr-Latn\/wp-json\/wp\/v2\/comments?post=1517"}],"version-history":[{"count":2,"href":"https:\/\/predstavnistvorsbg.rs\/sr-Latn\/wp-json\/wp\/v2\/pages\/1517\/revisions"}],"predecessor-version":[{"id":16906,"href":"https:\/\/predstavnistvorsbg.rs\/sr-Latn\/wp-json\/wp\/v2\/pages\/1517\/revisions\/16906"}],"up":[{"embeddable":true,"href":"https:\/\/predstavnistvorsbg.rs\/sr-Latn\/wp-json\/wp\/v2\/pages\/1503"}],"wp:attachment":[{"href":"https:\/\/predstavnistvorsbg.rs\/sr-Latn\/wp-json\/wp\/v2\/media?parent=1517"}],"curies":[{"name":"wp","href":"https:\/\/api.w.org\/{rel}","templated":true}]}}