{"id":1518,"date":"2021-11-10T22:45:14","date_gmt":"2021-11-10T21:45:14","guid":{"rendered":"https:\/\/prs2.profimediagroup.com\/?page_id=1518"},"modified":"2023-11-20T12:03:43","modified_gmt":"2023-11-20T11:03:43","slug":"naucno-tehnicka-saradnja","status":"publish","type":"page","link":"https:\/\/predstavnistvorsbg.rs\/sr-Latn\/aktivnosti-ltn\/naucno-tehnicka-saradnja\/","title":{"rendered":"Nau\u010dno-tehni\u010dka saradnja"},"content":{"rendered":"<section class=\"l-section wpb_row height_small\"><div class=\"l-section-h i-cf\"><div class=\"g-cols vc_row type_default valign_top\"><div class=\"vc_col-sm-12 wpb_column vc_column_container\"><div class=\"vc_column-inner\"><div class=\"wpb_wrapper\"><div class=\"wpb_text_column\" ><div class=\"wpb_wrapper\"><p>Saradnja u nau\u010dno-tehni\u010dkoj oblasti proizilazi prvenstveno iz primjene protokola i memoranduma potpisanih izme\u0111u resornih ministarstava, instituta, fakulteta i drugih institucija u ovoj oblasti, a posebno Protokola o saradnji u oblasti nauke i tehnologije izme\u0111u Ministarstva prosvjete, nauke i tehnolo\u0161kog razvoja Republike Srbije i Ministarstva nauke i tehnologije Republike Srpske, odnosno Ministarstva za nau\u010dnotehnolo\u0161ki razvoj, visoko obrazovanje i informaciono dru\u0161tvo Republike Srpske i Sporazuma o bilateralnoj nau\u010dnoj saradnji koje su potpisale Akademija nauka i umjetnosti Republike Srpske i Srpska akademija nauka i umetnosti.<\/p>\n<hr \/>\n<h3>Aktivnosti Predstavni\u0161tva na polju nau\u010dno-tehni\u010dke saradnje<\/h3>\n<h5>Pra\u0107enje primjene potpisanih dokumenata iz nau\u010dno-tehni\u010dke oblasti i podr\u0161ka nau\u010dnim radnicima<\/h5>\n<p>Predstavni\u0161tvo prati primjenu potpisanih dokumenata u ovoj oblasti. Isto tako, Predstavni\u0161tvo \u0107e i dalje nastaviti rad na iniciranju potpisivanja novih dokumenata kao i pru\u017eanju podr\u0161ke za u\u010de\u0161\u0107e nau\u010dnih radnika i intelektualaca iz Republike Srpske na nau\u010dnim konferencijama, skupovima, tribinama i sli\u010dnim manifestacijma koje budu organizovane u Republici Srbiji.<\/p>\n<h5>Organizovanje tribina i tematskih skupova<\/h5>\n<p>U saradnji sa portalima \u201eSve o Srpskoj\u201c i \u201eFakti\u201c, kao i drugim relevantnim nau\u010dnim institucijama, Predstavni\u0161tvo ve\u0107 vi\u0161e godina organizuje tribine i tematske skupove na kojima u\u010destvuju univerzitetski profesori, nau\u010dni istra\u017eiva\u010di, analiti\u010dari, kulturni i javni radnici iz Republike Srpske i Srbije. I u narednom periodu planiramo da se odr\u017ee tematski skupovi na aktuelne teme koje se ti\u010du politi\u010dkog, dru\u0161tvenog, ekonomskog, kulturnog i vjerskog \u017eivota Republike Srpske\/BiH koje \u0107e biti usagla\u0161ene sa kabinetima predsjednika i premijera Republike Srpske, kao i ministra za evropske integracije i me\u0111unarodnu saradnju u Vladi Republike Srpske.<\/p>\n<\/div><\/div><div class=\"w-separator size_medium\"><\/div><div class=\"wpb_text_column\" ><div class=\"wpb_wrapper\"><h5>Objavljivanje zbornika radova<\/h5>\n<p>Predstavni\u0161tvo periodi\u010dno objavljuje zbornike radova sa svih tematskih skupova odr\u017eanih u na\u0161oj organizaciji, odnosno uz podr\u0161ku Predstavni\u0161tva Republike Srpske u Srbiji.<\/p>\n<h5>\u201eTesla global forum\u201c<\/h5>\n<p>Predstavni\u0161tvo podr\u017eava u\u010de\u0161\u0107e \u0111aka i studenata iz Republike Srpske na manifestaciji \u201eTesla global forum\u201c u \u010dast velikog srpskog nau\u010dnika i pronalaza\u010da Nikole Tesle. Prethodnih godina grupe studenata iz Srbije, Republike Srpske i inostranstva kroz kreativne radionice i okrugle stolove, zajedno sa eminentnim nau\u010dnicima, umjetnicima i javnim li\u010dnostima, razmjenjivali su ideje i promi\u0161ljali o izazovima modernog svijeta nadahnuti svestranim stvarala\u0161tvom genijalnog Nikole Tesle.<\/p>\n<h5>Ljudski resursi Republike Srpske u Srbiji<\/h5>\n<p>Predstavni\u0161tvo od ranije radi na ideji da kreira bazu podataka o ljudskim resursima Republike Srpske u Srbiji. U okviru vebsajta Predstavni\u0161tva u rubrici Zavi\u010dajni klub kroz dobrovoljno popunjavanje upitnika, svi zainteresovani gra\u0111ani \u0107e mo\u0107i da postanu \u010dlanovi Zavi\u010dajnog kluba. Na taj na\u010din bi se prikupljali podaci o ljudima koji su ro\u0111enjem ili porodi\u010dnim porijeklom vezani za prostor Republike srpske ili ostalih dijelova BiH, a \u017eive ii rade u Srbiji. Smatramo da je identifikovanje i prikupljanje podataka o ljudskim potencijalima Republike Srpske u Srbiji veoma zna\u010dajno i da oni predstavljaju dragocjen kadrovski potencijal o kojem ne postoji evidencija ni u Srbiji ni u Republici Srpskoj.<\/p>\n<\/div><\/div><\/div><\/div><\/div><\/div><\/div><\/section><section class=\"l-section wpb_row us_custom_6217dcc9 height_small\"><div class=\"l-section-h i-cf\"><div class=\"g-cols vc_row type_default valign_top\"><div class=\"vc_col-sm-12 wpb_column vc_column_container animate_afl\"><div class=\"vc_column-inner\"><div class=\"wpb_wrapper\"><div class=\"w-sharing type_solid align_left color_default\"><div class=\"w-sharing-list\" data-sharing-url=\"https:\/\/predstavnistvorsbg.rs\/sr-Latn\/wp-json\/wp\/v2\/pages\/1518\" data-sharing-image=\"\"><a class=\"w-sharing-item email\" href=\"javascript:void(0)\" title=\"Email this\" aria-label=\"Email this\"><span class=\"w-sharing-icon\"><\/span><\/a><a class=\"w-sharing-item facebook\" href=\"javascript:void(0)\" title=\"Share this\" aria-label=\"Share this\"><span class=\"w-sharing-icon\"><\/span><\/a><a class=\"w-sharing-item twitter\" href=\"javascript:void(0)\" title=\"Tweet this\" aria-label=\"Tweet this\"><span class=\"w-sharing-icon\"><\/span><\/a><a class=\"w-sharing-item linkedin\" href=\"javascript:void(0)\" title=\"Share this\" aria-label=\"Share this\"><span class=\"w-sharing-icon\"><\/span><\/a><a class=\"w-sharing-item pinterest\" href=\"javascript:void(0)\" title=\"Pin this\" aria-label=\"Pin this\"><span class=\"w-sharing-icon\"><\/span><\/a><\/div><\/div><\/div><\/div><\/div><\/div><\/div><\/section>\n","protected":false},"excerpt":{"rendered":"Saradnja u nau\u010dno-tehni\u010dkoj oblasti proizilazi prvenstveno iz primjene protokola i memoranduma potpisanih izme\u0111u resornih ministarstava, instituta, fakulteta i drugih institucija u ovoj oblasti, a posebno Protokola o saradnji u oblasti nauke i tehnologije izme\u0111u Ministarstva prosvjete, nauke i tehnolo\u0161kog razvoja Republike Srbije i Ministarstva nauke i tehnologije Republike Srpske, odnosno Ministarstva za nau\u010dnotehnolo\u0161ki razvoj, visoko...","protected":false},"author":1,"featured_media":0,"parent":1503,"menu_order":0,"comment_status":"closed","ping_status":"closed","template":"","meta":[],"_links":{"self":[{"href":"https:\/\/predstavnistvorsbg.rs\/sr-Latn\/wp-json\/wp\/v2\/pages\/1518"}],"collection":[{"href":"https:\/\/predstavnistvorsbg.rs\/sr-Latn\/wp-json\/wp\/v2\/pages"}],"about":[{"href":"https:\/\/predstavnistvorsbg.rs\/sr-Latn\/wp-json\/wp\/v2\/types\/page"}],"author":[{"embeddable":true,"href":"https:\/\/predstavnistvorsbg.rs\/sr-Latn\/wp-json\/wp\/v2\/users\/1"}],"replies":[{"embeddable":true,"href":"https:\/\/predstavnistvorsbg.rs\/sr-Latn\/wp-json\/wp\/v2\/comments?post=1518"}],"version-history":[{"count":0,"href":"https:\/\/predstavnistvorsbg.rs\/sr-Latn\/wp-json\/wp\/v2\/pages\/1518\/revisions"}],"up":[{"embeddable":true,"href":"https:\/\/predstavnistvorsbg.rs\/sr-Latn\/wp-json\/wp\/v2\/pages\/1503"}],"wp:attachment":[{"href":"https:\/\/predstavnistvorsbg.rs\/sr-Latn\/wp-json\/wp\/v2\/media?parent=1518"}],"curies":[{"name":"wp","href":"https:\/\/api.w.org\/{rel}","templated":true}]}}