{"id":1522,"date":"2021-11-10T22:35:58","date_gmt":"2021-11-10T21:35:58","guid":{"rendered":"https:\/\/prs2.profimediagroup.com\/?page_id=1522"},"modified":"2025-03-10T13:48:33","modified_gmt":"2025-03-10T12:48:33","slug":"privredna-i-ekonomska-saradnja","status":"publish","type":"page","link":"https:\/\/predstavnistvorsbg.rs\/sr-Latn\/aktivnosti-ltn\/privredna-i-ekonomska-saradnja\/","title":{"rendered":"Privredna i ekonomska saradnja"},"content":{"rendered":"<section class=\"l-section wpb_row height_small\"><div class=\"l-section-h i-cf\"><div class=\"g-cols vc_row type_default valign_top\"><div class=\"vc_col-sm-12 wpb_column vc_column_container\"><div class=\"vc_column-inner\"><div class=\"wpb_wrapper\"><div class=\"wpb_text_column\" ><div class=\"wpb_wrapper\"><p>Jedan od na\u0161ih osnovnih zadataka je podsticanje i razvoj saradnje u oblasti privrede i kori\u0161\u0107enja prirodnih resursa, tj. unapre\u0111enja ekonomske saradnje u svim segmentima. U tom cilju Predstavni\u0161tvo radi na: stalnom podsticanju neposredne saradnje izme\u0111u privrednih subjekata iz Republike Srpske i Srbije, promociji privrednih potencijala Republike Srpske, podsticanju direktnih ulaganja u Republiku Srpsku i podsticanju izvoza iz Republike Srpske.<\/p>\n<hr \/>\n<h3>Aktivnosti Predstavni\u0161tva na polju privredne i ekonomske saradnje<\/h3>\n<h5>Projekat \u201eSkeniranje op\u0161tina i gradova u Republici Srpskoj&#8220;<\/h5>\n<p>Predstavni\u0161tvo od 2020. godine realizuje projekat \u201eSkeniranje op\u0161tina i gradova u Republici Srpskoj\u201c u saradnji sa portalom \u201eeKapija\u201c. Ovim projektom se skenira stanje u op\u0161tinama i gradovima u Republici Srpskoj sa svih aspekata: privrednih, kulturnih, turisti\u010dkih i svih drugih koji \u0107e na najbolji na\u010din predstaviti potencijale i mogu\u0107nosti za saradnju. Regionalna prisutnost i \u010ditanost \u201eeKapije\u201c pru\u017ea mogu\u0107nosti u prezentaciji potencijala na\u0161ih op\u0161tina i gradova kao sredina interesantnih za ulaganja ili za saradnju. Istovremeno, informacije o gradovima i op\u0161tinama do kojih \u201eeKapija\u201c do\u0111e su od pomo\u0107i Predstavni\u0161tvu Republike Srpske u stalnom poslu promovisanja Republike Srpske u Srbiji i privrednog, kulturnog i turisti\u010dkog povezivanja Srbije i Srpske. Rezultati skeniranja op\u0161tina i gradova u Republici Srpskoj predstavljaju se u posebnim elektronskim biltenima u okviru \u201eeKapije\u201c koje objavljujemo i na na\u0161em sajtu.<\/p>\n<h5>Promocija prirodnih i privrednih potencijala i podr\u0161ka preduze\u0107ima<\/h5>\n<p>U okviru ovog zadatka obavljamo slijede\u0107e aktivnosti:<\/p>\n<p>a) Na incijativu i prijedlog op\u0161tine i\/ili privrednog subjekta promovi\u0161emo razvojne projekte i organizujemo pojedina\u010dne promocije preduze\u0107a u cilju privla\u010denja stranih investitora i upoznavanja sa ponudom roba i usluga iz Republike Srpske.<\/p>\n<p>b) Posebnu pa\u017enju posve\u0107ujemo promociji prirodnih i privrednih potencijala Republike Srpske na veb-sajtu Predstavni\u0161tva u okviru kojeg objavljujemo javne pozive i druge materijale koje nam dostave op\u0161tine ili drugi subjekti iz Republike Srpske.<\/p>\n<p>v) U zavisnosti od ispoljenih interesa i potreba, pru\u017eamo podr\u0161ku na\u0161im preduze\u0107ima prilikom uspostavljanja saradnje sa privrednim subjektima u Srbiji, tako\u0111e dajemo informativnu i tehni\u010dko-organizacionu pomo\u0107 u vezi sa njihovim u\u010de\u0161\u0107em na poslovnim forumima, promotivnim skupovima, konferncijama i sli\u010dnim doga\u0111ajima. U ovim aktivnostima naro\u010dito podsti\u010demo neposrednu saradnju malih i srednjih preduze\u0107a, prije svega onih koji bi kandidovali zajedni\u010dke projekate za finansijsku podr\u0161ku iz fondova Evropske unije ili nekih drugih fondova.<\/p>\n<h5>Podsticanje proizvo\u0111a\u010da iz Srbije za ulaganja u Republiku Srpsku<\/h5>\n<p>Predstavni\u0161tvo kroz razgovore i direktne kontakte sa proizvo\u0111a\u010dima u Srbiji, sugeri\u0161e i podsti\u010de da u proizvodnim pogonima u Republici Srpskoj organizuju proizvodnju svojih robnih marki. Na ovakav na\u010din doprinijelo bi se zapo\u0161ljavanju radnika i razvoju privrede Republike Srpske, a proizvo\u0111a\u010di iz Srbije bi obezbijedili bolji plasman svojih proizvoda i na tr\u017ei\u0161tu Federacije BiH, prije nego otvaranjem predstavni\u0161tava svojih firmi u Federaciji BiH \u0161to je do sada bila \u010desta praksa.<\/p>\n<h5>Pra\u0107enje i rje\u0161avanje problema sa kojima se susre\u0107u privrednici iz Srbije prilikom poslovanja u Republici Srpskoj<\/h5>\n<p>Predstavni\u0161tvo \u0107e i dalje nastojati da inicira rje\u0161avanje problema koje imaju privrednici iz Srbije prilikom poslovanja u Republici Srpskoj i o tome obavje\u0161tavati resorna ministarstva i privredne komore Republike Srpske i Srbije i pru\u017eati podr\u0161ku subjektima koji nam se direktno obrate za pomo\u0107 u rje\u0161avanju konkretnih problema.<\/p>\n<\/div><\/div><div class=\"w-separator size_medium\"><\/div><div class=\"wpb_text_column\" ><div class=\"wpb_wrapper\"><h5>Susreti privrednika Srbije i Srpske u okviru manifestacije\u00a0\u201eDani Srpske u Srbiji&#8220;<\/h5>\n<p>Predstavni\u0161tvo organizuje promocije privrednih potencijala Republike Srpske u okviru\u00a0 tradicionalne manifestacije \u201eDani Srpske u Srbiji\u201c. U okviru programa manifestacije organizujemo privredne susrete u gradovima u Srbiji kako bi privrednici Srbije i Srpske uspostvljali i pro\u0161irivali saradnju. Tako\u0111e, u okviru manifestacije nastojimo da organizujemo promociju investicionih potencijala Republike Srpske u funkciji podsticanja i animiranja investitora iz Srbije za ulaganja u Republiku Srpsku.<\/p>\n<h5>Podr\u0161ka organizovanju nastupa predstavnika iz Republike Srpske na sajmovima u Srbiji<\/h5>\n<p>Predstavni\u0161tvo je zajedno sa Turisti\u010dkom organizacijom Republike Srpske suorganizator zajedni\u010dkog nastupa predstavnika iz Republike Srpske na Me\u0111unarodnom sajmu turizma (ITTFA) na kojem se predstavlja objedinjena turisti\u010dka ponuda Republike Srpske (turisti\u010dke agencije, savezi i organizacije, hoteli, turisti\u010dki centri, tur-operatori i dr.)<\/p>\n<p>Predstavni\u0161tvo pru\u017ea tehni\u010dku i logisti\u010dku podr\u0161ku Privrednoj komori Republike Srpske i izlaga\u010dima iz Republike Srpske prilikom njihovog u\u010de\u0161\u0107a na sajmovima: Me\u0111unarodnom sajmu gra\u0111evinarstva u Beogradu, Me\u0111unarodnom sajmu tehnike i tehni\u010dkih dostignu\u0107a u Beogradu, Me\u0111unarodnom poljoprivrednom sajmu u Novom Sadu i dr.<\/p>\n<h5>Festival destinacija i manifestacija &#8222;Beogradski manifest&#8220;<\/h5>\n<p>Predstavni\u0161tvo, u saradnji sa Turisti\u010dkom organizacijom Republike Srpske, pru\u017ea podr\u0161ku predstavljanju turisti\u010dke ponude Republike Srpske na Festivalu destinacija i manifestacija \u201eBeogradski manifest\u201c. Ovaj Festival je najve\u0107i regionalni porodi\u010dni festival manifestacija i destinacija, koji se u maju odr\u017eava na Beogradskoj tvr\u0111avi i u parku Kalemegdan. Koncept festivala omogu\u0107ava posjetiocima da se kroz zabavan i kvalitetno proveden porodi\u010dni dan, upoznaju sa mogu\u0107nostima koje nudi regionalna turisti\u010dka ponuda.<\/p>\n<h5>Promocija turisti\u010dke ponude Olimpijskog centra &#8222;Jahorina&#8220;<\/h5>\n<p>Predstavni\u0161tvo ve\u0107 nekoliko godina aktivno podr\u017eava Olimpijski centar \u201eJahorina\u201c u promotivnim aktivnostima predstavljanja turisti\u010dke ponude Jahorine i najavljivanju novih projekata, kako u zimskoj, tako i u ljetnoj sezoni u cilju \u0161to boljeg predstavljanja i promovisanja turisti\u010dke ponude ove planine u Srbiji, prvenstveno u Beogradu i Novom Sadu.<\/p>\n<\/div><\/div><\/div><\/div><\/div><\/div><\/div><\/section><section class=\"l-section wpb_row us_custom_6217dcc9 height_small\"><div class=\"l-section-h i-cf\"><div class=\"g-cols vc_row type_default valign_top\"><div class=\"vc_col-sm-12 wpb_column vc_column_container animate_afl\"><div class=\"vc_column-inner\"><div class=\"wpb_wrapper\"><div class=\"w-sharing type_solid align_left color_default\"><div class=\"w-sharing-list\" data-sharing-url=\"https:\/\/predstavnistvorsbg.rs\/sr-Latn\/wp-json\/wp\/v2\/pages\/1522\" data-sharing-image=\"\"><a class=\"w-sharing-item email\" href=\"javascript:void(0)\" title=\"Email this\" aria-label=\"Email this\"><span class=\"w-sharing-icon\"><\/span><\/a><a class=\"w-sharing-item facebook\" href=\"javascript:void(0)\" title=\"Share this\" aria-label=\"Share this\"><span class=\"w-sharing-icon\"><\/span><\/a><a class=\"w-sharing-item twitter\" href=\"javascript:void(0)\" title=\"Tweet this\" aria-label=\"Tweet this\"><span class=\"w-sharing-icon\"><\/span><\/a><a class=\"w-sharing-item linkedin\" href=\"javascript:void(0)\" title=\"Share this\" aria-label=\"Share this\"><span class=\"w-sharing-icon\"><\/span><\/a><a class=\"w-sharing-item pinterest\" href=\"javascript:void(0)\" title=\"Pin this\" aria-label=\"Pin this\"><span class=\"w-sharing-icon\"><\/span><\/a><\/div><\/div><\/div><\/div><\/div><\/div><\/div><\/section>\n","protected":false},"excerpt":{"rendered":"Jedan od na\u0161ih osnovnih zadataka je podsticanje i razvoj saradnje u oblasti privrede i kori\u0161\u0107enja prirodnih resursa, tj. unapre\u0111enja ekonomske saradnje u svim segmentima. U tom cilju Predstavni\u0161tvo radi na: stalnom podsticanju neposredne saradnje izme\u0111u privrednih subjekata iz Republike Srpske i Srbije, promociji privrednih potencijala Republike Srpske, podsticanju direktnih ulaganja u Republiku Srpsku i podsticanju...","protected":false},"author":1,"featured_media":0,"parent":1503,"menu_order":0,"comment_status":"closed","ping_status":"closed","template":"","meta":[],"_links":{"self":[{"href":"https:\/\/predstavnistvorsbg.rs\/sr-Latn\/wp-json\/wp\/v2\/pages\/1522"}],"collection":[{"href":"https:\/\/predstavnistvorsbg.rs\/sr-Latn\/wp-json\/wp\/v2\/pages"}],"about":[{"href":"https:\/\/predstavnistvorsbg.rs\/sr-Latn\/wp-json\/wp\/v2\/types\/page"}],"author":[{"embeddable":true,"href":"https:\/\/predstavnistvorsbg.rs\/sr-Latn\/wp-json\/wp\/v2\/users\/1"}],"replies":[{"embeddable":true,"href":"https:\/\/predstavnistvorsbg.rs\/sr-Latn\/wp-json\/wp\/v2\/comments?post=1522"}],"version-history":[{"count":4,"href":"https:\/\/predstavnistvorsbg.rs\/sr-Latn\/wp-json\/wp\/v2\/pages\/1522\/revisions"}],"predecessor-version":[{"id":16948,"href":"https:\/\/predstavnistvorsbg.rs\/sr-Latn\/wp-json\/wp\/v2\/pages\/1522\/revisions\/16948"}],"up":[{"embeddable":true,"href":"https:\/\/predstavnistvorsbg.rs\/sr-Latn\/wp-json\/wp\/v2\/pages\/1503"}],"wp:attachment":[{"href":"https:\/\/predstavnistvorsbg.rs\/sr-Latn\/wp-json\/wp\/v2\/media?parent=1522"}],"curies":[{"name":"wp","href":"https:\/\/api.w.org\/{rel}","templated":true}]}}