{"id":1523,"date":"2022-03-08T21:34:20","date_gmt":"2022-03-08T20:34:20","guid":{"rendered":"https:\/\/prs2.profimediagroup.com\/?page_id=1523"},"modified":"2022-03-08T21:34:20","modified_gmt":"2022-03-08T20:34:20","slug":"prosvjetna-saradnja-i-saradnja-sa-mladima-ltn","status":"publish","type":"page","link":"https:\/\/predstavnistvorsbg.rs\/sr-Latn\/aktivnosti-ltn\/prosvjetna-saradnja-i-saradnja-sa-mladima-ltn\/","title":{"rendered":"Prosvjetna saradnja i saradnja sa mladima"},"content":{"rendered":"<section class=\"l-section wpb_row height_small\"><div class=\"l-section-h i-cf\"><div class=\"g-cols vc_row type_default valign_top\"><div class=\"vc_col-sm-12 wpb_column vc_column_container\"><div class=\"vc_column-inner\"><div class=\"wpb_wrapper\"><div class=\"wpb_text_column\" ><div class=\"wpb_wrapper\"><p>U cilju unapre\u0111enja prosvjetne saradnje, Predstavni\u0161tvo radi na podsticanju saradnje izme\u0111u \u0161kola i fakulteta i drugih obrazovnih institucija iz Republike Srpske i Srbije, kao i na povezivanju mladih iz Republike Srpske i Srbije.<\/p>\n<hr \/>\n<h3>Aktivnosti Predstavni\u0161tva na polju prosvjetne saradnje i saradnje sa mladima za 2020. godinu<\/h3>\n<h5>Projekat &#8222;Stru\u010dna praksa i usavr\u0161avanje studenata&#8220;<\/h5>\n<p>Predstavni\u0161tvo je i ranijih godina uspje\u0161no realizovalo projekat \u201eStru\u010dna praksa i usavr\u0161avanje studenata\u201c u okviru kojeg smo za studente iz Republike Srpske organizovali uspje\u0161nu stru\u010dnu praksu u institucijama i kompanijama u Srbiji. Predstavni\u0161tvo \u0107e u 2020. godini organizovati stru\u010dnu praksu za drugu grupu studenata farmacije Medicinskog fakulteta iz Banjaluke na Institutu \u201eDr Josif Pan\u010di\u0107\u201c u Beogradu. To \u0107e ujedno biti i deveta grupa studenata koja \u0107e u okviru dugoro\u010dnog projekta Predstavni\u0161tva \u201eStru\u010dna praksa i usavr\u0161avanje studenata\u201c  obaviti praksu u Srbiji.<\/p>\n<h5>Svetosavski knji\u017eevni konkurs i Svetosavski likovni konkurs<\/h5>\n<p>Predstavni\u0161tvo od 2003. godine podr\u017eava i u\u010destvuje u sprovo\u0111enju ve\u0107 tradicionalnih Svetosavskog knji\u017eevnog i likovnog konkursa koji svake godine raspisuje Dru\u0161tvo \u201eSveti Sava\u201c za sve u\u010denike osnovnih i srednjih \u0161kola iz Srbije, Republike Srpske i dijaspore. Svake godine \u0111aci iz Republike Srpske osvajaju nagrade na ovim konkursima. Predstavni\u0161tvo \u0107e i u 2020. godini podr\u017eati i u\u010destvovati u organizovanju sve\u010danog uru\u010divanja nagrada na ova dva konkursa.<\/p>\n<h5>Internacionalna muzi\u010dka manifestacija \u201eBeogradski \u0160open fest\u201c<\/h5>\n<p>\u201eBeogradski \u0160open fest\u201c (B\u0160F) je internacionalna kulturno-obrazovna manifestacija, koju od 2012. godine organizuje umetni\u010dko udru\u017eenje \u201eKreartiva\u201c, sa Muzi\u010dkom \u0161kolom \u201eStankovi\u0107\u201c kao doma\u0107inom, i Ambasadom Republike Poljske u Beogradu kao generalnim sponzorom, uz podr\u0161ku Sekretarijata za kulturu grada Beograda, gradske op\u0161tine Vra\u010dar, RC Beograd \u2013 Stari grad i Predstavni\u0161tvom Republike Srpske u Srbiji. Ova manifestacija (ranije \u0160openijada) populari\u0161e klasi\u010dnu muziku, predstavljaju\u0107i stvarala\u0161tvo jednog od najve\u0107ih kompozitora Frederika \u0160opena. Kao internacionalna profesionalno \u2013 stru\u010dna manifestacija, B\u0160F okuplja prevashodno muzi\u010dku omladinu i predstavnike struke, stru\u010dnu muzi\u010dku javnost, eminentne goste iz Srbije, regiona  i inostranstva, ali i sve ljubitelje muzi\u010dke umjetnosti. Predstavni\u0161tvo \u0107e i u 2020. godini podr\u017eati organizovanje ove manifestacije u kojoj u\u010destvuju i u\u010denici, studenati i profesori muzi\u010dkih \u0161kola i akademija iz Republike Srpske.<\/p>\n<h5>Prijem za najbolje maturante srednjih \u0161kola u Srbiji i Republici Srpskoj<\/h5>\n<p>Fondacija Prestolonasljednika Aleksandra II za obrazovanje svake godine organizuje prijem za najbolje u\u010denike na kojem dodjeljuje pohvalnice i poklone \u0111acima generacije svih srednjih \u0161kola u Srbiji. Uz  podr\u0161ku i pomo\u0107 Predstavni\u0161tva Republike Srpske u Srbiji, ve\u0107 petu godinu za redom na ovom doga\u0111aju u\u010destvuju i najuspje\u0161niji u\u010denici iz Republike Srpske. Predstavni\u0161tvo \u0107e, u saradnji sa Ministarstvom prosvjete i kulture Republike Srpske, organizovati da, i u 2020. godini, ovom doga\u0111aju prisustvuju najbolji u\u010denici zavr\u0161nih razreda srednjih \u0161kola iz Republike Srpske.<\/p>\n<h5>Saradnja sa studentskim organizacijama Republike Srpske i Srbije<\/h5>\n<p>Predstavni\u0161tvo \u0107e i u 2020. godini podsticati saradnju i povezivanje studentskih organizacija Republike Srpske i Srbije i pru\u017eati podr\u0161ku zajedni\u010dkim projektima koji nastanu kao rezultat takve saradnje, a koji su u cilju afirmacije vrijednosti iz Republike Srpske i Srbije. Tako\u0111e, Predstavni\u0161tvo \u0107e pru\u017eati podr\u0161ku studentskim organizacijama iz Republike Srpske prilikom njihovih organizovanih posjeta Me\u0111unarodnom sajmu knjiga i\/ili drugim obrazovnim i kulturnim institucijama u Beogradu i Srbiji sa ciljem uspostavljanja i u\u010dvr\u0161\u0107ivanja saradnje mladih iz Republike Srpske i Srbije.<\/p>\n<p><strong>Realizaciju i informacije o ovim aktivnostima mo\u017eete pratiti u rubrici Aktuelnosti<\/strong>.<\/p>\n<\/div><\/div><\/div><\/div><\/div><\/div><\/div><\/section><section class=\"l-section wpb_row us_custom_6217dcc9 height_small\"><div class=\"l-section-h i-cf\"><div class=\"g-cols vc_row type_default valign_top\"><div class=\"vc_col-sm-12 wpb_column vc_column_container animate_afl\"><div class=\"vc_column-inner\"><div class=\"wpb_wrapper\"><div class=\"w-sharing type_solid align_left color_default\"><div class=\"w-sharing-list\" data-sharing-url=\"https:\/\/predstavnistvorsbg.rs\/sr-Latn\/wp-json\/wp\/v2\/pages\/1523\" data-sharing-image=\"\"><a class=\"w-sharing-item email\" href=\"javascript:void(0)\" title=\"Email this\" aria-label=\"Email this\"><span class=\"w-sharing-icon\"><\/span><\/a><a class=\"w-sharing-item facebook\" href=\"javascript:void(0)\" title=\"Share this\" aria-label=\"Share this\"><span class=\"w-sharing-icon\"><\/span><\/a><a class=\"w-sharing-item twitter\" href=\"javascript:void(0)\" title=\"Tweet this\" aria-label=\"Tweet this\"><span class=\"w-sharing-icon\"><\/span><\/a><a class=\"w-sharing-item linkedin\" href=\"javascript:void(0)\" title=\"Share this\" aria-label=\"Share this\"><span class=\"w-sharing-icon\"><\/span><\/a><a class=\"w-sharing-item pinterest\" href=\"javascript:void(0)\" title=\"Pin this\" aria-label=\"Pin this\"><span class=\"w-sharing-icon\"><\/span><\/a><\/div><\/div><\/div><\/div><\/div><\/div><\/div><\/section>\n","protected":false},"excerpt":{"rendered":"U cilju unapre\u0111enja prosvjetne saradnje, Predstavni\u0161tvo radi na podsticanju saradnje izme\u0111u \u0161kola i fakulteta i drugih obrazovnih institucija iz Republike Srpske i Srbije, kao i na povezivanju mladih iz Republike Srpske i Srbije. Aktivnosti Predstavni\u0161tva na polju prosvjetne saradnje i saradnje sa mladima za 2020. godinu Projekat &#8222;Stru\u010dna praksa i usavr\u0161avanje studenata&#8220; Predstavni\u0161tvo je i...","protected":false},"author":1,"featured_media":0,"parent":1503,"menu_order":0,"comment_status":"closed","ping_status":"closed","template":"","meta":[],"_links":{"self":[{"href":"https:\/\/predstavnistvorsbg.rs\/sr-Latn\/wp-json\/wp\/v2\/pages\/1523"}],"collection":[{"href":"https:\/\/predstavnistvorsbg.rs\/sr-Latn\/wp-json\/wp\/v2\/pages"}],"about":[{"href":"https:\/\/predstavnistvorsbg.rs\/sr-Latn\/wp-json\/wp\/v2\/types\/page"}],"author":[{"embeddable":true,"href":"https:\/\/predstavnistvorsbg.rs\/sr-Latn\/wp-json\/wp\/v2\/users\/1"}],"replies":[{"embeddable":true,"href":"https:\/\/predstavnistvorsbg.rs\/sr-Latn\/wp-json\/wp\/v2\/comments?post=1523"}],"version-history":[{"count":0,"href":"https:\/\/predstavnistvorsbg.rs\/sr-Latn\/wp-json\/wp\/v2\/pages\/1523\/revisions"}],"up":[{"embeddable":true,"href":"https:\/\/predstavnistvorsbg.rs\/sr-Latn\/wp-json\/wp\/v2\/pages\/1503"}],"wp:attachment":[{"href":"https:\/\/predstavnistvorsbg.rs\/sr-Latn\/wp-json\/wp\/v2\/media?parent=1523"}],"curies":[{"name":"wp","href":"https:\/\/api.w.org\/{rel}","templated":true}]}}