{"id":1524,"date":"2022-03-08T21:35:21","date_gmt":"2022-03-08T20:35:21","guid":{"rendered":"https:\/\/prs2.profimediagroup.com\/?page_id=1524"},"modified":"2023-11-20T13:07:29","modified_gmt":"2023-11-20T12:07:29","slug":"saradnja-u-oblasti-socijalne-i-zdravstvene-zastite-ltn","status":"publish","type":"page","link":"https:\/\/predstavnistvorsbg.rs\/sr-Latn\/aktivnosti-ltn\/saradnja-u-oblasti-socijalne-i-zdravstvene-zastite-ltn\/","title":{"rendered":"Saradnja u oblasti socijalne i zdravstvene za\u0161tite"},"content":{"rendered":"<section class=\"l-section wpb_row height_small\"><div class=\"l-section-h i-cf\"><div class=\"g-cols vc_row type_default valign_top\"><div class=\"vc_col-sm-12 wpb_column vc_column_container\"><div class=\"vc_column-inner\"><div class=\"wpb_wrapper\"><div class=\"wpb_text_column\" ><div class=\"wpb_wrapper\"><p>Predstavni\u0161tvo obavlja poslove i zadatke koji se odnose na unapre\u0111enje i razvoj saradnje u oblasti bora\u010dko-invalidske za\u0161tite i zdravstva i socijalne za\u0161tite izme\u0111u Republike Srpske i Srbije. U tom smislu, Predstavni\u0161tvo obavlja poslove koji se odnose na:<\/p>\n<ul>\n<li>ostvarivanje prava lica koja se zdravstveno i socijalno zbrinjavaju u Srbiji i<\/li>\n<li>u oblasti bora\u010dko-invalidske za\u0161tite dio poslova koji se odnosi na korisnike li\u010dnih i porodi\u010dnih prava koji \u017eive u Srbiji, uz koordinaciju rada i saradnju sa nadle\u017enim ministarstvima, op\u0161tinskim organima uprave i drugim institucijama Republike Srpske i Srbije.<\/li>\n<\/ul>\n<hr \/>\n<h3>Aktivnosti Predstavni\u0161tva u oblasti bora\u010dko-invalidske za\u0161tite i zdravstva i socijalne za\u0161tite<\/h3>\n<h5>Saradnja u oblasti bora\u010dko-invalidske za\u0161tite<\/h5>\n<p>Predstavni\u0161tvo mjese\u010dno dostavlja podatake za obra\u010dun Ministarstvu rada i bora\u010dko-invalidske za\u0161tite Republike Srpske. Navedeni podaci se odnose na korisnike koji svoja prava u oblasti bora\u010dko-invalidske za\u0161tite ostvaruju preko Predstavni\u0161tva, a u Predstavni\u0161tvo iz op\u0161tina u Republici Srpskoj redovno pristi\u017eu i novi spisi na obradu.<\/p>\n<p>Predstavni\u0161tvo svakog mjeseca preuzima obra\u010dun iz informacionog sistema Ministarstva rada i bora\u010dko-invalidske za\u0161tite Republike Srpske, priprema i a\u017eurira spiskove korisnika li\u010dne i porodi\u010dne invalidnine, vr\u0161i prera\u010dunavanje iznosa obra\u010dunatih u KM u odgovaraju\u0107e iznose u evrima u kojima se vr\u0161i isplata i podatke dostavlja u banku. Predstavni\u0161tvo vodi evidenciju i o novim korisnicima i priprema svu neophodnu dokumentaciju koja je potrebna da bi korisnici ostavrili svoja prava, i u redovnom je kontaktu sa Ministarstvom rada i bora\u010dko-invalidske za\u0161tite i op\u0161tinskim organima bora\u010dko-invalidske za\u0161tite Republike Srpske, i prema potrebi sa odgovaraju\u0107im institucijama Republike Srbije.<\/p>\n<h5>Saradnja u oblasti zdravstva i socijalne za\u0161tite<\/h5>\n<p>Predstavni\u0161tvo \u0107e nastaviti sa zalaganjem da se u oblasti zdravstva i socijalne za\u0161tite rije\u0161e problemi ostavrivanja prava na zdravstvenu za\u0161titu sa kojim se suo\u010davaju dr\u017eavljani Republike Srpske koji ve\u0107i dio godine \u017eive u Srbiji, prvenstveno studenti koji studiraju u Srbiji. Tako\u0111e, nastoja\u0107emo i dalje da poku\u0161amo rije\u0161iti problem penzionera koji su imali izbjegli\u010dki status, a sada imaju dvojno dr\u017eavljanstvo i li\u010dnu kartu Srbije i ne \u017eele da odjave prebivali\u0161te iz BiH, jer imaju imovinska potra\u017eivanja u Federaciji. Pravo na zdravstvenu za\u0161titu za ove kategorije korisnika regulisano je \u010dlanom 13 Sporazuma izme\u0111u Savezne Republike Jugoslavije i Bosne i Hercegovine o socijalnom osiguranju. Prijedlog za rje\u0161avanje ovih problema mogao bi biti razmatran na satanku na kojem bi prisustvovali predstavnici Ministarstva zdravlja Republike Srbije, Zavoda za zdravstveno osiguranje Republike Srbije, Zavoda za socijalno osiguranje Srbije, Ministarstva zdravlja i socijalne za\u0161tite Republike Srpske i Fonda za zdravstveno osiguranje Republike Srpske. Za realizaciju ove aktivnosti, neophodna je podr\u0161ka navedenih institucija.<\/p>\n<\/div><\/div><\/div><\/div><\/div><\/div><\/div><\/section><section class=\"l-section wpb_row us_custom_6217dcc9 height_small\"><div class=\"l-section-h i-cf\"><div class=\"g-cols vc_row type_default valign_top\"><div class=\"vc_col-sm-12 wpb_column vc_column_container animate_afl\"><div class=\"vc_column-inner\"><div class=\"wpb_wrapper\"><div class=\"w-sharing type_solid align_left color_default\"><div class=\"w-sharing-list\" data-sharing-url=\"https:\/\/predstavnistvorsbg.rs\/sr-Latn\/wp-json\/wp\/v2\/pages\/1524\" data-sharing-image=\"\"><a class=\"w-sharing-item email\" href=\"javascript:void(0)\" title=\"Email this\" aria-label=\"Email this\"><span class=\"w-sharing-icon\"><\/span><\/a><a class=\"w-sharing-item facebook\" href=\"javascript:void(0)\" title=\"Share this\" aria-label=\"Share this\"><span class=\"w-sharing-icon\"><\/span><\/a><a class=\"w-sharing-item twitter\" href=\"javascript:void(0)\" title=\"Tweet this\" aria-label=\"Tweet this\"><span class=\"w-sharing-icon\"><\/span><\/a><a class=\"w-sharing-item linkedin\" href=\"javascript:void(0)\" title=\"Share this\" aria-label=\"Share this\"><span class=\"w-sharing-icon\"><\/span><\/a><a class=\"w-sharing-item pinterest\" href=\"javascript:void(0)\" title=\"Pin this\" aria-label=\"Pin this\"><span class=\"w-sharing-icon\"><\/span><\/a><\/div><\/div><\/div><\/div><\/div><\/div><\/div><\/section>\n","protected":false},"excerpt":{"rendered":"Predstavni\u0161tvo obavlja poslove i zadatke koji se odnose na unapre\u0111enje i razvoj saradnje u oblasti bora\u010dko-invalidske za\u0161tite i zdravstva i socijalne za\u0161tite izme\u0111u Republike Srpske i Srbije. U tom smislu, Predstavni\u0161tvo obavlja poslove koji se odnose na: ostvarivanje prava lica koja se zdravstveno i socijalno zbrinjavaju u Srbiji i u oblasti bora\u010dko-invalidske za\u0161tite dio poslova...","protected":false},"author":1,"featured_media":0,"parent":1503,"menu_order":0,"comment_status":"closed","ping_status":"closed","template":"","meta":[],"_links":{"self":[{"href":"https:\/\/predstavnistvorsbg.rs\/sr-Latn\/wp-json\/wp\/v2\/pages\/1524"}],"collection":[{"href":"https:\/\/predstavnistvorsbg.rs\/sr-Latn\/wp-json\/wp\/v2\/pages"}],"about":[{"href":"https:\/\/predstavnistvorsbg.rs\/sr-Latn\/wp-json\/wp\/v2\/types\/page"}],"author":[{"embeddable":true,"href":"https:\/\/predstavnistvorsbg.rs\/sr-Latn\/wp-json\/wp\/v2\/users\/1"}],"replies":[{"embeddable":true,"href":"https:\/\/predstavnistvorsbg.rs\/sr-Latn\/wp-json\/wp\/v2\/comments?post=1524"}],"version-history":[{"count":0,"href":"https:\/\/predstavnistvorsbg.rs\/sr-Latn\/wp-json\/wp\/v2\/pages\/1524\/revisions"}],"up":[{"embeddable":true,"href":"https:\/\/predstavnistvorsbg.rs\/sr-Latn\/wp-json\/wp\/v2\/pages\/1503"}],"wp:attachment":[{"href":"https:\/\/predstavnistvorsbg.rs\/sr-Latn\/wp-json\/wp\/v2\/media?parent=1524"}],"curies":[{"name":"wp","href":"https:\/\/api.w.org\/{rel}","templated":true}]}}