{"id":1525,"date":"2022-03-08T21:36:07","date_gmt":"2022-03-08T20:36:07","guid":{"rendered":"https:\/\/prs2.profimediagroup.com\/?page_id=1525"},"modified":"2023-11-20T12:13:21","modified_gmt":"2023-11-20T11:13:21","slug":"sportska-saradnja-ltn","status":"publish","type":"page","link":"https:\/\/predstavnistvorsbg.rs\/sr-Latn\/aktivnosti-ltn\/sportska-saradnja-ltn\/","title":{"rendered":"Sportska saradnja"},"content":{"rendered":"<section class=\"l-section wpb_row height_small\"><div class=\"l-section-h i-cf\"><div class=\"g-cols vc_row type_default valign_top\"><div class=\"vc_col-sm-12 wpb_column vc_column_container\"><div class=\"vc_column-inner\"><div class=\"wpb_wrapper\"><div class=\"wpb_text_column\" ><div class=\"wpb_wrapper\"><p>Predstavni\u0161tvo radi na uspostavljanju i razvijanju saradnje izme\u0111u sportskih organizacija i sportskih saveza Republike Srpske i Srbije. S obzirom da je do sada potpisano nekoliko protokola o saradnji sportskih saveza Republike Srpske i Srbije, Predstavni\u0161tvo se po potrebi uklju\u010duje u realizaciju dogovorenih aktivnosti.<\/p>\n<hr \/>\n<h3>Aktivnosti Predstavni\u0161tva na polju sportske saradnje<\/h3>\n<h5>Podr\u0161ka sportistima iz Republike Srpske prilikom njihovih nastupa u Srbiji<\/h5>\n<p>Predstavni\u0161tvo \u0107e, po potrebi kao i do sada, sportistima i sportskim radnicima iz Republike Srpske pru\u017eati informativnu i tehni\u010dku podr\u0161ku prilikom njihovog u\u010de\u0161\u0107a na sportskim manifestacijama i takmi\u010denjima u Srbiji.<\/p>\n<h5>Me\u0111unarodna biciklisti\u010dka trka Beograd \u2013 Banja Luka<\/h5>\n<p>Predstavni\u0161tvo pru\u017ea podr\u0161ku u organizovanju i realizaciji Me\u0111unarodne biciklisti\u010dke trke Beograd &#8211; Banja Luka. Ova trka je prvi put startovala 2007. godine, te se iste godine na\u0161la u kalendaru Svjetske biciklisti\u010dke unije <em>UCI<\/em>, a trka je od tada postala jedan od najve\u0107ih sportskih doga\u0111aja u Srbiji i Republici Srpskoj.<\/p>\n<h5>Sportski susreti invalida Trebinja i Beograda<\/h5>\n<p>Predstavni\u0161tvo podr\u017eava odr\u017eavnje tradicionalne manifestacije \u201eSportski susreti ratnih-vojnih invalida iz Trebinja i Beograda\u201c. Sportisti ratni vojni invalidi iz Trebinja i Beograda takmi\u010de se u nekoliko sportskih disciplina: strelja\u0161tvo, sportski ribolov i \u0161ah. Cilj ovog programa je da se podsti\u010de human odnos okru\u017eenja prema korisnicima programskih sportsko-rekreativnih aktivnosti i u saradnji sa organima socijalne za\u0161tite pomogne njihova afirmacija i aktivno u\u010de\u0161\u0107e u dru\u0161tvenom \u017eivotu.<\/p>\n<\/div><\/div><div class=\"w-separator size_medium\"><\/div><\/div><\/div><\/div><\/div><\/div><\/section><section class=\"l-section wpb_row us_custom_6217dcc9 height_small\"><div class=\"l-section-h i-cf\"><div class=\"g-cols vc_row type_default valign_top\"><div class=\"vc_col-sm-12 wpb_column vc_column_container animate_afl\"><div class=\"vc_column-inner\"><div class=\"wpb_wrapper\"><div class=\"w-sharing type_solid align_left color_default\"><div class=\"w-sharing-list\" data-sharing-url=\"https:\/\/predstavnistvorsbg.rs\/sr-Latn\/wp-json\/wp\/v2\/pages\/1525\" data-sharing-image=\"\"><a class=\"w-sharing-item email\" href=\"javascript:void(0)\" title=\"Email this\" aria-label=\"Email this\"><span class=\"w-sharing-icon\"><\/span><\/a><a class=\"w-sharing-item facebook\" href=\"javascript:void(0)\" title=\"Share this\" aria-label=\"Share this\"><span class=\"w-sharing-icon\"><\/span><\/a><a class=\"w-sharing-item twitter\" href=\"javascript:void(0)\" title=\"Tweet this\" aria-label=\"Tweet this\"><span class=\"w-sharing-icon\"><\/span><\/a><a class=\"w-sharing-item linkedin\" href=\"javascript:void(0)\" title=\"Share this\" aria-label=\"Share this\"><span class=\"w-sharing-icon\"><\/span><\/a><a class=\"w-sharing-item pinterest\" href=\"javascript:void(0)\" title=\"Pin this\" aria-label=\"Pin this\"><span class=\"w-sharing-icon\"><\/span><\/a><\/div><\/div><\/div><\/div><\/div><\/div><\/div><\/section>\n","protected":false},"excerpt":{"rendered":"Predstavni\u0161tvo radi na uspostavljanju i razvijanju saradnje izme\u0111u sportskih organizacija i sportskih saveza Republike Srpske i Srbije. S obzirom da je do sada potpisano nekoliko protokola o saradnji sportskih saveza Republike Srpske i Srbije, Predstavni\u0161tvo se po potrebi uklju\u010duje u realizaciju dogovorenih aktivnosti. Aktivnosti Predstavni\u0161tva na polju sportske saradnje Podr\u0161ka sportistima iz Republike Srpske prilikom...","protected":false},"author":1,"featured_media":0,"parent":1503,"menu_order":0,"comment_status":"closed","ping_status":"closed","template":"","meta":[],"_links":{"self":[{"href":"https:\/\/predstavnistvorsbg.rs\/sr-Latn\/wp-json\/wp\/v2\/pages\/1525"}],"collection":[{"href":"https:\/\/predstavnistvorsbg.rs\/sr-Latn\/wp-json\/wp\/v2\/pages"}],"about":[{"href":"https:\/\/predstavnistvorsbg.rs\/sr-Latn\/wp-json\/wp\/v2\/types\/page"}],"author":[{"embeddable":true,"href":"https:\/\/predstavnistvorsbg.rs\/sr-Latn\/wp-json\/wp\/v2\/users\/1"}],"replies":[{"embeddable":true,"href":"https:\/\/predstavnistvorsbg.rs\/sr-Latn\/wp-json\/wp\/v2\/comments?post=1525"}],"version-history":[{"count":0,"href":"https:\/\/predstavnistvorsbg.rs\/sr-Latn\/wp-json\/wp\/v2\/pages\/1525\/revisions"}],"up":[{"embeddable":true,"href":"https:\/\/predstavnistvorsbg.rs\/sr-Latn\/wp-json\/wp\/v2\/pages\/1503"}],"wp:attachment":[{"href":"https:\/\/predstavnistvorsbg.rs\/sr-Latn\/wp-json\/wp\/v2\/media?parent=1525"}],"curies":[{"name":"wp","href":"https:\/\/api.w.org\/{rel}","templated":true}]}}