{"id":1540,"date":"2022-03-08T21:59:24","date_gmt":"2022-03-08T20:59:24","guid":{"rendered":"https:\/\/prs2.profimediagroup.com\/?page_id=1540"},"modified":"2024-01-12T13:07:33","modified_gmt":"2024-01-12T12:07:33","slug":"pomoc-ltn","status":"publish","type":"page","link":"https:\/\/predstavnistvorsbg.rs\/sr-Latn\/pomoc-ltn\/","title":{"rendered":"Pomo\u0107"},"content":{"rendered":"<section class=\"l-section wpb_row height_small\"><div class=\"l-section-h i-cf\"><div class=\"g-cols vc_row type_default valign_top\"><div class=\"vc_col-sm-12 wpb_column vc_column_container\"><div class=\"vc_column-inner\"><div class=\"wpb_wrapper\"><div class=\"wpb_text_column\" ><div class=\"wpb_wrapper\"><p>Internet-prezentacija Predstavni\u0161tva Republike Srpske u Srbiji\u00a0omogu\u0107ava brzo i op\u0161irno informisanje o radu, projektima i aktivnostima\u00a0Predstavni\u0161tva, kao i pregled osnovnih informacija o Republici Srpskoj.<\/p>\n<h5>Jezi\u010dke opcije<\/h5>\n<p>Sadr\u017eaj se mo\u017ee pregledati, pretra\u017eivati i \u0161tampati na \u0107irili\u010dnom i latini\u010dnom pismu. Izbor \u017eeljenog prikaza vr\u0161i se pomo\u0107u linkova na vrhu stranice.<\/p>\n<h5>Navigacija<\/h5>\n<p>Na svakoj stranici se prikazuje glavni meni:<\/p>\n<table style=\"border-collapse: collapse; width: 100%;\">\n<tbody>\n<tr>\n<td style=\"width: 16.6667%;\">PO\u010cETNA<\/td>\n<td style=\"width: 16.6667%;\">PREDSTAVNI\u0160TVO<\/td>\n<td style=\"width: 16.6667%;\">REPUBLIKA SRPSKA<\/td>\n<td style=\"width: 16.6667%;\">AKTIVNOSTI<\/td>\n<td style=\"width: 16.6667%;\">GALERIJA SLIKA<\/td>\n<td style=\"width: 16.6667%;\">KONTAKT<\/td>\n<\/tr>\n<\/tbody>\n<\/table>\n<p>Kada se pokaziva\u010dem mi\u0161a pri\u0111e nekoj od rubrika otvara se padaju\u0107i meni iz kojeg je mogu\u0107e odabrati neku od ponu\u0111enih stranica.\u00a0Stranica se otvara\u00a0kada se klikne lijevim tasterom mi\u0161a na naslov stranice.<br \/>\nSiva polja sa naslovima predstavljaju linkove ka drugim stranicama. Do sadr\u017eaja se dolazi kada se lijevim tasterom mi\u0161a klikne na polje\/naslov.<\/p>\n<p>Na svakoj stranici se nalazi obezbije\u0111ena informacija o trenutnoj lokaciji i kompletna putanja od po\u010detne stranice. U desnom uglu na dnu stranice se nalazi strelica prema gore koja omogu\u0107ava povratak na vrh strane.<\/p>\n<h5>Pomo\u0107 za slabovide<\/h5>\n<p>Svim posjetiocima omogu\u0107eno je da pode\u0161avaju izgled stranica kroz\u00a0dvije opcije: da pove\u0107aju ili smanje veli\u010dinu slova kojima se prikazuje sadr\u017eaj. Na\u00a0ovaj na\u010din osobama o\u0161te\u0107enog vida omogu\u0107eno je da nesmetano koriste na\u0161u internet-prezentaciju.<\/p>\n<h5>Pretra\u017eivanje sadr\u017eaja<\/h5>\n<p>Pomo\u0107u ugra\u0111enog pretra\u017eiva\u010da na internet-prezentaciji Predstavni\u0161tva mogu se prona\u0107i dokumenti i pojmovi koji su kori\u0161\u0107eni u tekstu.<br \/>\nDa bi se prona\u0161ao tra\u017eeni pojam, potrebno je kliknuti lijevim tasterom mi\u0161a na znak za pretragu i u polje koje se nalazi u gornjem desnom uglu, unijeti rije\u010d\/dio rije\u010di ili frazu, a zatim pritisnuti Enter. Nakon toga otvara se stranica sa rezultatima pretrage. Klikom na naslov otvara se tekst koji sadr\u017ei tra\u017eenu klju\u010dnu rije\u010d\/frazu.<\/p>\n<\/div><\/div><\/div><\/div><\/div><\/div><\/div><\/section><section class=\"l-section wpb_row us_custom_6217dcc9 height_small\"><div class=\"l-section-h i-cf\"><div class=\"g-cols vc_row type_default valign_top\"><div class=\"vc_col-sm-12 wpb_column vc_column_container\"><div class=\"vc_column-inner\"><div class=\"wpb_wrapper\"><div class=\"w-sharing type_solid align_left color_default\"><div class=\"w-sharing-list\" data-sharing-url=\"https:\/\/predstavnistvorsbg.rs\/sr-Latn\/wp-json\/wp\/v2\/pages\/1540\" data-sharing-image=\"\"><a class=\"w-sharing-item email\" href=\"javascript:void(0)\" title=\"Email this\" aria-label=\"Email this\"><span class=\"w-sharing-icon\"><\/span><\/a><a class=\"w-sharing-item facebook\" href=\"javascript:void(0)\" title=\"Share this\" aria-label=\"Share this\"><span class=\"w-sharing-icon\"><\/span><\/a><a class=\"w-sharing-item twitter\" href=\"javascript:void(0)\" title=\"Tweet this\" aria-label=\"Tweet this\"><span class=\"w-sharing-icon\"><\/span><\/a><a class=\"w-sharing-item linkedin\" href=\"javascript:void(0)\" title=\"Share this\" aria-label=\"Share this\"><span class=\"w-sharing-icon\"><\/span><\/a><a class=\"w-sharing-item pinterest\" href=\"javascript:void(0)\" title=\"Pin this\" aria-label=\"Pin this\"><span class=\"w-sharing-icon\"><\/span><\/a><\/div><\/div><\/div><\/div><\/div><\/div><\/div><\/section>\n","protected":false},"excerpt":{"rendered":"Internet-prezentacija Predstavni\u0161tva Republike Srpske u Srbiji\u00a0omogu\u0107ava brzo i op\u0161irno informisanje o radu, projektima i aktivnostima\u00a0Predstavni\u0161tva, kao i pregled osnovnih informacija o Republici Srpskoj. Jezi\u010dke opcije Sadr\u017eaj se mo\u017ee pregledati, pretra\u017eivati i \u0161tampati na \u0107irili\u010dnom i latini\u010dnom pismu. Izbor \u017eeljenog prikaza vr\u0161i se pomo\u0107u linkova na vrhu stranice. Navigacija Na svakoj stranici se prikazuje glavni meni:...","protected":false},"author":1,"featured_media":0,"parent":0,"menu_order":0,"comment_status":"closed","ping_status":"closed","template":"","meta":[],"_links":{"self":[{"href":"https:\/\/predstavnistvorsbg.rs\/sr-Latn\/wp-json\/wp\/v2\/pages\/1540"}],"collection":[{"href":"https:\/\/predstavnistvorsbg.rs\/sr-Latn\/wp-json\/wp\/v2\/pages"}],"about":[{"href":"https:\/\/predstavnistvorsbg.rs\/sr-Latn\/wp-json\/wp\/v2\/types\/page"}],"author":[{"embeddable":true,"href":"https:\/\/predstavnistvorsbg.rs\/sr-Latn\/wp-json\/wp\/v2\/users\/1"}],"replies":[{"embeddable":true,"href":"https:\/\/predstavnistvorsbg.rs\/sr-Latn\/wp-json\/wp\/v2\/comments?post=1540"}],"version-history":[{"count":0,"href":"https:\/\/predstavnistvorsbg.rs\/sr-Latn\/wp-json\/wp\/v2\/pages\/1540\/revisions"}],"wp:attachment":[{"href":"https:\/\/predstavnistvorsbg.rs\/sr-Latn\/wp-json\/wp\/v2\/media?parent=1540"}],"curies":[{"name":"wp","href":"https:\/\/api.w.org\/{rel}","templated":true}]}}