{"id":1546,"date":"2022-03-08T22:30:24","date_gmt":"2022-03-08T21:30:24","guid":{"rendered":"https:\/\/prs2.profimediagroup.com\/?page_id=1546"},"modified":"2023-11-23T10:18:47","modified_gmt":"2023-11-23T09:18:47","slug":"korisni-linkovi-ltn","status":"publish","type":"page","link":"https:\/\/predstavnistvorsbg.rs\/sr-Latn\/korisni-linkovi-ltn\/","title":{"rendered":"Korisni linkovi"},"content":{"rendered":"<section class=\"l-section wpb_row height_small\"><div class=\"l-section-h i-cf\"><div class=\"g-cols vc_row type_default valign_top\"><div class=\"vc_col-sm-12 wpb_column vc_column_container\"><div class=\"vc_column-inner\"><div class=\"wpb_wrapper\"><div class=\"wpb_text_column\" ><div class=\"wpb_wrapper\"><h3>Institucije u Republici Srpskoj<\/h3>\n<p><a title=\"Vlada Republike Srpske\" href=\"https:\/\/vladars.rs\/sr-SP-Cyrl\/Pages\/default.aspx\" target=\"_blank\" rel=\"noopener\"><strong>Vlada Republike Srpske<\/strong><\/a><\/p>\n<p><strong><a title=\"Narodna skup\u0161tina RS\" href=\"http:\/\/www.narodnaskupstinars.net\/\" target=\"_blank\" rel=\"noopener\">Narodna skup\u0161tina Republike Srpske<\/a><\/strong><\/p>\n<p><strong><a title=\"Predsjednik RS\" href=\"https:\/\/www.predsjednikrs.rs\/sr\/\" target=\"_blank\" rel=\"noopener\">Predsjednik Republike Srpske<\/a><\/strong><\/p>\n<p><strong><a title=\"Vije\u0107e naroda RS\" href=\"http:\/\/www.vijecenarodars.net\/\" target=\"_blank\" rel=\"noopener\">Vije\u0107e naroda Republike Srpske<\/a><\/strong><\/p>\n<p><strong><a title=\"Ustavni sud RS\" href=\"http:\/\/www.ustavnisud.org\/\" target=\"_blank\" rel=\"noopener\">Ustavni sud Republike Srpske<\/a><\/strong><\/p>\n<p><strong><a title=\"Investiciono-razvojna banka RS\" href=\"http:\/\/www.irbrs.net\/Default.aspx?lang=cir\" target=\"_blank\" rel=\"noopener\">Investiciono-razvojna banka Republike Srpske<\/a><\/strong><\/p>\n<p><strong><a title=\"Republi\u010dka agencija za razvoj MSP\" href=\"http:\/\/www.rars-msp.org\/\" target=\"_blank\" rel=\"noopener\">Republi\u010dka agencija za razvoj malih i srednjih preduze\u0107a<\/a><\/strong><\/p>\n<p><strong><a title=\"Privredna komora RS\" href=\"http:\/\/www.komorars.ba\/\" target=\"_blank\" rel=\"noopener\">Privredna komora Republike Srpske<\/a><\/strong><\/p>\n<p><strong><a title=\"Komisija za koncesije RS\" href=\"https:\/\/koncesije-rs.org\/\" target=\"_blank\" rel=\"noopener\">Komisija za koncesije Republike Srpske<\/a><\/strong><\/p>\n<p><strong><a title=\"Poreska uprava RS\" href=\"https:\/\/www.poreskaupravars.org\/SiteCir\/Default.aspx\" target=\"_blank\" rel=\"noopener\">Poreska uprava Republike Srpske<\/a><\/strong><\/p>\n<p><strong><a title=\"Agencija za bankarstvo RS\" href=\"http:\/\/www.abrs.ba\/index.htm\" target=\"_blank\" rel=\"noopener\">Agencija za bankarstvo Republike Srpske<\/a><\/strong><\/p>\n<p><strong><a title=\"Agencija za posredni\u010dke, informati\u010dke i finansijske usluge\" href=\"http:\/\/www.apif.net\/index.php\/bs\/\" target=\"_blank\" rel=\"noopener\">Agencija za posredni\u010dke, informati\u010dke i finansijske usluge<\/a><\/strong><\/p>\n<p><strong><a title=\"Banjalu\u010dka berza\" href=\"http:\/\/www.blberza.com\/\" target=\"_blank\" rel=\"noopener\">Banjalu\u010dka berza<\/a><\/strong><\/p>\n<p><strong><a title=\"Akademija nauka i umjetnosti RS\" href=\"http:\/\/www.anurs.org\/index.php\" target=\"_blank\" rel=\"noopener\">Akademija nauka i umjetnosti Republike Srpske<\/a><\/strong><\/p>\n<p><strong><a title=\"Univerzitet u Banjoj Luci\" href=\"http:\/\/unibl.org\/\" target=\"_blank\" rel=\"noopener\">Univerzitet u Banjoj Luci<\/a><\/strong><\/p>\n<p><strong><a title=\"Univerzitet u Isto\u010dnom Sarajevu\" href=\"http:\/\/www.unssa.rs.ba\/\" target=\"_blank\" rel=\"noopener\">Univerzitet u Isto\u010dnom Sarajevu<\/a><\/strong><\/p>\n<p><strong><a title=\"Turisti\u010dka organizacija RS\" href=\"http:\/\/www.turizamrs.org\/index.php\" target=\"_blank\" rel=\"noopener\">Turisti\u010dka organizacija Republike Srpske<\/a><\/strong><\/p>\n<p><strong><a title=\"Republi\u010dki zavod za statistiku\" href=\"http:\/\/www.rzs.rs.ba\/\" target=\"_blank\" rel=\"noopener\">Republi\u010dki zavod za statistiku<\/a><\/strong><\/p>\n<p><strong><a title=\"Slu\u017ebeni glasnik Republike Srpske\" href=\"http:\/\/www.slglasnik.org\/\" target=\"_blank\" rel=\"noopener\">Slu\u017ebeni glasnik Republike Srpske<\/a><\/strong><\/p>\n<h5>Institucije na nivou Bosne i Hercegovine<\/h5>\n<p><a title=\"Predsjedni\u0161tvo BiH\" href=\"http:\/\/predsjednistvobih.ba\/Default.aspx?langTag=sr-SP-Cyrl&amp;pageIndex=1\" target=\"_blank\" rel=\"noopener\"><strong>Predsjedni\u0161tvo Bosne i Hercegovine<\/strong><\/a><\/p>\n<p><strong><a title=\"Parlamentarna skup\u0161tina BiH\" href=\"https:\/\/www.parlament.ba\/?lang=sr\" target=\"_blank\" rel=\"noopener\">Parlamentarna skup\u0161tina Bosne i Hercegovine<\/a><\/strong><\/p>\n<p><strong><a title=\"Savjet ministara BiH\" href=\"http:\/\/www.vijeceministara.gov.ba\/Default.aspx?langTag=sr-SP-Cyrl&amp;template_id=91&amp;pageIndex=1\" target=\"_blank\" rel=\"noopener\">Savjet ministara Bosne i Hercegovine<\/a><\/strong><\/p>\n<p><strong><a title=\"Ministarstvo spoljne trgovine i ekonomskih odnosa BiH\" href=\"http:\/\/www.mvteo.gov.ba\/Error\/Index?aspxerrorpath=\/Default.aspx&amp;lang=sr\" target=\"_blank\" rel=\"noopener\">Ministarstvo spoljne trgovine i ekonomskih odnosa BiH<\/a><\/strong><\/p>\n<p><strong><a title=\"Ministarstvo inostranih poslova BiH\" href=\"http:\/\/www.mvp.gov.ba\/default.aspx?pageIndex=1\" target=\"_blank\" rel=\"noopener\">Ministarstvo inostranih poslova BiH<\/a><\/strong><\/p>\n<p><strong><a title=\"Spoljnotrgovinska komora BiH\" href=\"http:\/\/komorabih.ba\/\" target=\"_blank\" rel=\"noopener\">Spoljnotrgovinska komora BiH<\/a><\/strong><\/p>\n<p><strong><a title=\"Uprava za indirektno oporezivanje BiH\" href=\"http:\/\/www.new.uino.gov.ba\/sr\" target=\"_blank\" rel=\"noopener\">Uprava za indirektno oporezivanje BiH<\/a><\/strong><\/p>\n<p><strong><a title=\"Centralna banka BiH\" href=\"http:\/\/www.cbbh.ba\/?id=1&amp;lang=sr\" target=\"_blank\" rel=\"noopener\">Centralna banka Bosne i Hercegovine<\/a><\/strong><\/p>\n<h5>Me\u0111unarodne institucije<\/h5>\n<p><strong><a title=\"Delegacija EU u BiH\" href=\"http:\/\/europa.ba\/?page_id=5503\" target=\"_blank\" rel=\"noopener\">Delegacija Evropske unije u Bosni i Hercegovini<\/a><\/strong><\/p>\n<p><strong><a title=\"Misija MMF-a u BiH\" href=\"http:\/\/www.imf.org\/external\/country\/bih\/\" target=\"_blank\" rel=\"noopener\">Misija MMF-a u Bosni i Hercegovini<\/a><\/strong><\/p>\n<p><strong><a title=\"Misija Svjetske banke u BiH\" href=\"http:\/\/www.worldbank.org\/en\/country\/bosniaandherzegovina\" target=\"_blank\" rel=\"noopener\">Misija Svjetske banke u Bosni i Hercegovini<\/a><\/strong><\/p>\n<p><strong><a title=\"IPA fondovi\" href=\"https:\/\/neighbourhood-enlargement.ec.europa.eu\/enlargement-policy\/enhanced-eu-engagement-western-balkans_en\" target=\"_blank\" rel=\"noopener\">Evropska komisija<\/a><\/strong><\/p>\n<h5>Drugi korisni linkovi<\/h5>\n<p><strong><a title=\"Invest Srpska\" href=\"http:\/\/investsrpska.vladars.net\/\" target=\"_blank\" rel=\"noopener\">Invest Srpska<\/a><\/strong><\/p>\n<p><strong><a title=\"Biznis Srpska\" href=\"https:\/\/businessrpska.com\/\" target=\"_blank\" rel=\"noopener\">Biznis Srpska<\/a><\/strong><\/p>\n<p><strong><a title=\"eSrpska\" href=\"http:\/\/www.esrpska.com\/\" target=\"_blank\" rel=\"noopener\">Portal Javne uprave Republike Srpske<\/a><\/strong><\/p>\n<p><strong><a title=\"Jedinstvena kontakt ta\u010dka za poslovanje\" href=\"https:\/\/pscsrpska.vladars.net\/sr\" target=\"_blank\" rel=\"noopener\">Jedinstvena kontakt ta\u010dka za poslovanje<\/a><\/strong><\/p>\n<p><strong><a title=\"Jedinstveni informacioni sistem za registraciju poslovnih subjekata RS\" href=\"http:\/\/bizreg.esrpska.com\/\" target=\"_blank\" rel=\"noopener\">Jedinstveni informacioni sistem za registraciju poslovnih subjekata Republike Srpske<\/a><\/strong><\/p>\n<p><strong><a title=\"Preduzetni\u010dki portal Republike Srpske\" href=\"http:\/\/www.preduzetnickiportalsrpske.net\/\" target=\"_blank\" rel=\"noopener\">Preduzetni\u010dki portal Republike Srpske<\/a><\/strong><\/p>\n<p><strong><a title=\"Elektronsko zemlji\u0161na knjiga Republike Srpske\" href=\"http:\/\/www.ezkrs.net\/\" target=\"_blank\" rel=\"noopener\">Elektronska zemlji\u0161na knjiga Republike Srpske<\/a><\/strong><\/p>\n<p><strong><a title=\"Portal za obrazovanje Republike Srpske\" href=\"http:\/\/www.eobrazovanje.com\/\" target=\"_blank\" rel=\"noopener\">Portal za obrazovanje Republike Srpske<\/a><\/strong><\/p>\n<p><strong><a title=\"Predstavni\u0161tvo Republike Srpske u Briselu\" href=\"http:\/\/www.rep-srpska.eu\/\" target=\"_blank\" rel=\"noopener\">Predstavni\u0161tvo Republike Srpske u Belgiji<\/a><\/strong><\/p>\n<p><strong><a title=\"Predstavni\u0161tvo Republike Srpske u Ruskoj Federaciji\" href=\"http:\/\/www.rsmoscowoffice.ru\/\" target=\"_blank\" rel=\"noopener\">Predstavni\u0161tvo Republike Srpske u Ruskoj Federaciji<\/a><\/strong><\/p>\n<p><strong><a title=\"Predstavni\u0161tvo Republike Srpske u Izraelu\" href=\"http:\/\/www.israel-srpska.com\/\" target=\"_blank\" rel=\"noopener\">Predstavni\u0161tvo Republike Srpske u Izraelu<\/a><\/strong><\/p>\n<p><strong><a href=\"http:\/\/www.rep-srpska.at\/\" target=\"_blank\" rel=\"noopener\">Predstavni\u0161tvo Republike Srpske u Austriji<\/a><\/strong><\/p>\n<p><a href=\"https:\/\/srpskaingreece.com\/?lang=sr\" target=\"_blank\" rel=\"noopener\"><strong>Predstavni\u0161tvo Republike Srpske u Gr\u010dkoj<\/strong><\/a><\/p>\n<\/div><\/div><\/div><\/div><\/div><\/div><\/div><\/section><section class=\"l-section wpb_row us_custom_6217dcc9 height_small\"><div class=\"l-section-h i-cf\"><div class=\"g-cols vc_row type_default valign_top\"><div class=\"vc_col-sm-12 wpb_column vc_column_container\"><div class=\"vc_column-inner\"><div class=\"wpb_wrapper\"><div class=\"w-sharing type_solid align_left color_default\"><div class=\"w-sharing-list\" data-sharing-url=\"https:\/\/predstavnistvorsbg.rs\/sr-Latn\/wp-json\/wp\/v2\/pages\/1546\" data-sharing-image=\"\"><a class=\"w-sharing-item email\" href=\"javascript:void(0)\" title=\"Email this\" aria-label=\"Email this\"><span class=\"w-sharing-icon\"><\/span><\/a><a class=\"w-sharing-item facebook\" href=\"javascript:void(0)\" title=\"Share this\" aria-label=\"Share this\"><span class=\"w-sharing-icon\"><\/span><\/a><a class=\"w-sharing-item twitter\" href=\"javascript:void(0)\" title=\"Tweet this\" aria-label=\"Tweet this\"><span class=\"w-sharing-icon\"><\/span><\/a><a class=\"w-sharing-item linkedin\" href=\"javascript:void(0)\" title=\"Share this\" aria-label=\"Share this\"><span class=\"w-sharing-icon\"><\/span><\/a><a class=\"w-sharing-item pinterest\" href=\"javascript:void(0)\" title=\"Pin this\" aria-label=\"Pin this\"><span class=\"w-sharing-icon\"><\/span><\/a><\/div><\/div><\/div><\/div><\/div><\/div><\/div><\/section>\n","protected":false},"excerpt":{"rendered":"Institucije u Republici Srpskoj Vlada Republike Srpske Narodna skup\u0161tina Republike Srpske Predsjednik Republike Srpske Vije\u0107e naroda Republike Srpske Ustavni sud Republike Srpske Investiciono-razvojna banka Republike Srpske Republi\u010dka agencija za razvoj malih i srednjih preduze\u0107a Privredna komora Republike Srpske Komisija za koncesije Republike Srpske Poreska uprava Republike Srpske Agencija za bankarstvo Republike Srpske Agencija za posredni\u010dke,...","protected":false},"author":1,"featured_media":0,"parent":0,"menu_order":0,"comment_status":"closed","ping_status":"closed","template":"","meta":[],"_links":{"self":[{"href":"https:\/\/predstavnistvorsbg.rs\/sr-Latn\/wp-json\/wp\/v2\/pages\/1546"}],"collection":[{"href":"https:\/\/predstavnistvorsbg.rs\/sr-Latn\/wp-json\/wp\/v2\/pages"}],"about":[{"href":"https:\/\/predstavnistvorsbg.rs\/sr-Latn\/wp-json\/wp\/v2\/types\/page"}],"author":[{"embeddable":true,"href":"https:\/\/predstavnistvorsbg.rs\/sr-Latn\/wp-json\/wp\/v2\/users\/1"}],"replies":[{"embeddable":true,"href":"https:\/\/predstavnistvorsbg.rs\/sr-Latn\/wp-json\/wp\/v2\/comments?post=1546"}],"version-history":[{"count":0,"href":"https:\/\/predstavnistvorsbg.rs\/sr-Latn\/wp-json\/wp\/v2\/pages\/1546\/revisions"}],"wp:attachment":[{"href":"https:\/\/predstavnistvorsbg.rs\/sr-Latn\/wp-json\/wp\/v2\/media?parent=1546"}],"curies":[{"name":"wp","href":"https:\/\/api.w.org\/{rel}","templated":true}]}}