{"id":1582,"date":"2022-03-23T15:58:41","date_gmt":"2022-03-23T14:58:41","guid":{"rendered":"http:\/\/prs2.profimediagroup.com\/?page_id=1582"},"modified":"2022-03-23T15:58:41","modified_gmt":"2022-03-23T14:58:41","slug":"podrinje-ltn","status":"publish","type":"page","link":"https:\/\/predstavnistvorsbg.rs\/sr-Latn\/podrinje-ltn\/","title":{"rendered":"Podrinje"},"content":{"rendered":"<section class=\"l-section wpb_row height_small\"><div class=\"l-section-h i-cf\"><div class=\"g-cols vc_row type_default valign_top\"><div class=\"vc_col-sm-8 wpb_column vc_column_container animate_afl\"><div class=\"vc_column-inner\"><div class=\"wpb_wrapper\"><div class=\"wpb_text_column\" ><div class=\"wpb_wrapper\"><p>Veliki potencijal rijeke Drine i nedovoljno iskori\u0161tene mogu\u0107nosti za saradnju u \u0161iroj regiji Podrinja, podstakli su ideju da se zapo\u010dne sa realizacijom projekta koji \u0107e doprinijeti boljem \u017eivotu i razvoju op\u0161tina s obje strane Drine.<\/p>\n<p>Projekat \u201ePodrinje&#8220; podrazumijeva ja\u010danje i unapre\u0111enje saradnje izme\u0111u op\u0161tina u Republici Srpskoj i Republici Srbiji koje se nalaze u \u0161irem podru\u010dju sliva rijeke Drine.<\/p>\n<p>Osnovni cilj Projekta je preduzimanje zajedni\u010dkih aktivnosti za unapre\u0111enje privrednog i dru\u0161tvenog \u017eivota u Podrinju, prije svega u oblasti poljoprivrede, prirodnih resursa, proizvodno-prera\u0111iva\u010dke djelatnosti i turizma, kroz uspostavljanje i razvijanje saradnje i partnerstva na lokalnom, regionalnom i me\u0111uvladinom nivou.<\/p>\n<h5>Nosioci projekta<\/h5>\n<p>Ministarstvo privrede i preduzetni\u0161tva Republike Srpske i Ministarstvo privrede Republike Srbije<\/p>\n<h5>Koordinator projekta<\/h5>\n<p>Predstavni\u0161tvo Republike Srpske u Srbiji<\/p>\n<h5>U\u010desnici u projektu<\/h5>\n<ul>\n<li>15 op\u0161tina iz Republike Srpske (Bijeljina, Lopare, Ugljevik, Zvornik, Bratunac, Vlasenica, Han Pijesak, Mili\u0107i, Srebrenica, Vi\u0161egrad, Rogatica, Rudo, Fo\u010da, \u0160ekovi\u0107i i Novo Gora\u017ede)<\/li>\n<li>16 op\u0161tina iz Srbije (\u0160id, Sremska Mitrovica, Bogati\u0107, Loznica, \u0160abac, Mali Zvornik, Ljubovija, Valjevo, Bajina Ba\u0161ta, U\u017eice, \u010cajetina, Priboj, Kosjeri\u0107, Ose\u010dina, Krupanj i Koceljeva)<\/li>\n<li>2 podru\u010dne privredne komore iz Republike Srpske (Bijeljina i Isto\u010dno Sarajevo)<\/li>\n<li>3 regionalne privredne komore iz Srbije (Sremska, Valjevo i U\u017eice)<\/li>\n<\/ul>\n<h5>Projekat \u0107e obuhvatiti:<\/h5>\n<ul>\n<li>pokretanje inicijativa za unapre\u0111enje prekograni\u010dne saradnje,<\/li>\n<li>projekte unapre\u0111enja kvaliteta infrastrukture,<\/li>\n<li>projekte koji imaju za cilj stvaranje uslova za intenziviranje privredne saradnje,<\/li>\n<li>projekte iz oblasti ekologije,<\/li>\n<li>projekte iz oblasti poljoprivrede,<\/li>\n<li>projekte iz oblasti turizma,<\/li>\n<li>projekte iz oblasti obrazovanja,<\/li>\n<li>projekte iz oblasti za\u0161tite od poplava i su\u0161e i drugih oblasti civilne za\u0161tite,<\/li>\n<li>projekte iz oblasti civilnog dru\u0161tva,<\/li>\n<li>projekte iz oblasti zdravstvenih usluga i<\/li>\n<li>druge oblasti koje se utvrde kao va\u017ene<\/li>\n<\/ul>\n<h5>Kratak pregled dosada\u0161njih aktivnosti<\/h5>\n<p>Protokolom o saradnji na projektu \u201ePodrinje\u201c koji je potpisan na zajedni\u010dkoj sjednici Vlade Republike Srpske i Vlade Republike Srbije oktobra 2012. godine utvr\u0111eno je da ulogu koordinatora operativnih aktivnosti na Projektu obavlja Predstavni\u0161tvo Republike Srpske u Srbiji. Nakon \u0160este zajedni\u010dke sjednice Vlade Republike Srbije i Vlade Republike Srpske koja je odr\u017eana 20. septembra 2014. godine intenzivirane su aktivnosti na projektu \u201ePodrinje\u201c tako da je tokom 2014. godine zavr\u0161ena prva faza Projekta i ura\u0111ena je Studija sli\u010dnosti i komplementarnosti privredne strukture Republike Srpske i Republike Srbije.<\/p>\n<p>2015. godine u U\u017eicu je odr\u017eana konstitutivna sjednica na kojoj su formirani Savjet korisnika i Radna grupa Republike Srbije i Republike Srpske za pripremu Akcionog plana \u201ePodrinje\u201c.<br \/>\nU 2016. godini realizovane su brojne aktivnosti u vezi usagla\u0161avanja zajedni\u010dkog Akcionog plana projekta \u201ePodrinje\u201c 2017-2020. U aprilu je Vlada Republike Srbije, na prijedlog Ministarstva privrede Republike Srbije usvojila Uredbu za Program podsticanja privrednog razvoja Podrinja.<\/p>\n<p>U novembru 2017. godine odr\u017eana je zajedni\u010dka sjednica vlada Republike Srpske i Republike Srbije na kojoj je usvojen Akcioni plan Programa razvoja Podrinja 2018-2022. Novi akcioni plan ima ogroman zna\u010daj, i izuzetno je va\u017ean za realizaciju nekoliko strate\u0161kih projekata.<\/p>\n<p>Poslovnikom o radu Savjeta korisnika Programa predvi\u0111eno je da Predstavni\u0161tvo najmanje dva puta godi\u0161nje saziva sjednicu Savjeta.<br \/>\nPredstavni\u0161tvo \u0107e dati svoj doprinos realizaciji ovog Projekta kroz pripremu materijala, organizovanje sastanaka, koordinaciju drugih aktivnosti i obavljanje poslova koji \u0107e proiza\u0107i iz saradnje resornih ministarstava i svih u\u010desnika u Projektu.<\/p>\n<\/div><\/div><\/div><\/div><\/div><div class=\"vc_col-sm-4 wpb_column vc_column_container animate_afr\"><div class=\"vc_column-inner\"><div class=\"wpb_wrapper\"><div class=\"w-separator size_small\"><\/div><div class=\"w-image align_none\"><div class=\"w-image-h\"><img width=\"850\" height=\"538\" src=\"https:\/\/predstavnistvorsbg.rs\/wp-content\/uploads\/2021\/11\/podrinje_1.jpg\" class=\"attachment-full size-full\" alt=\"\" loading=\"lazy\" srcset=\"https:\/\/predstavnistvorsbg.rs\/wp-content\/uploads\/2021\/11\/podrinje_1.jpg 850w, https:\/\/predstavnistvorsbg.rs\/wp-content\/uploads\/2021\/11\/podrinje_1-300x190.jpg 300w\" sizes=\"(max-width: 850px) 100vw, 850px\" \/><\/div><\/div><\/div><\/div><\/div><\/div><\/div><\/section><section class=\"l-section wpb_row us_custom_6217dcc9 height_small\"><div class=\"l-section-h i-cf\"><div class=\"g-cols vc_row type_default valign_top\"><div class=\"vc_col-sm-12 wpb_column vc_column_container\"><div class=\"vc_column-inner\"><div class=\"wpb_wrapper\"><div class=\"w-sharing type_solid align_left color_default\"><div class=\"w-sharing-list\" data-sharing-url=\"https:\/\/predstavnistvorsbg.rs\/sr-Latn\/wp-json\/wp\/v2\/pages\/1582\" data-sharing-image=\"\"><a class=\"w-sharing-item email\" href=\"javascript:void(0)\" title=\"Email this\" aria-label=\"Email this\"><span class=\"w-sharing-icon\"><\/span><\/a><a class=\"w-sharing-item facebook\" href=\"javascript:void(0)\" title=\"Share this\" aria-label=\"Share this\"><span class=\"w-sharing-icon\"><\/span><\/a><a class=\"w-sharing-item twitter\" href=\"javascript:void(0)\" title=\"Tweet this\" aria-label=\"Tweet this\"><span class=\"w-sharing-icon\"><\/span><\/a><a class=\"w-sharing-item linkedin\" href=\"javascript:void(0)\" title=\"Share this\" aria-label=\"Share this\"><span class=\"w-sharing-icon\"><\/span><\/a><a class=\"w-sharing-item pinterest\" href=\"javascript:void(0)\" title=\"Pin this\" aria-label=\"Pin this\"><span class=\"w-sharing-icon\"><\/span><\/a><\/div><\/div><\/div><\/div><\/div><\/div><\/div><\/section>\n","protected":false},"excerpt":{"rendered":"Veliki potencijal rijeke Drine i nedovoljno iskori\u0161tene mogu\u0107nosti za saradnju u \u0161iroj regiji Podrinja, podstakli su ideju da se zapo\u010dne sa realizacijom projekta koji \u0107e doprinijeti boljem \u017eivotu i razvoju op\u0161tina s obje strane Drine. Projekat \u201ePodrinje&#8220; podrazumijeva ja\u010danje i unapre\u0111enje saradnje izme\u0111u op\u0161tina u Republici Srpskoj i Republici Srbiji koje se nalaze u \u0161irem...","protected":false},"author":1,"featured_media":0,"parent":0,"menu_order":0,"comment_status":"closed","ping_status":"closed","template":"","meta":[],"_links":{"self":[{"href":"https:\/\/predstavnistvorsbg.rs\/sr-Latn\/wp-json\/wp\/v2\/pages\/1582"}],"collection":[{"href":"https:\/\/predstavnistvorsbg.rs\/sr-Latn\/wp-json\/wp\/v2\/pages"}],"about":[{"href":"https:\/\/predstavnistvorsbg.rs\/sr-Latn\/wp-json\/wp\/v2\/types\/page"}],"author":[{"embeddable":true,"href":"https:\/\/predstavnistvorsbg.rs\/sr-Latn\/wp-json\/wp\/v2\/users\/1"}],"replies":[{"embeddable":true,"href":"https:\/\/predstavnistvorsbg.rs\/sr-Latn\/wp-json\/wp\/v2\/comments?post=1582"}],"version-history":[{"count":0,"href":"https:\/\/predstavnistvorsbg.rs\/sr-Latn\/wp-json\/wp\/v2\/pages\/1582\/revisions"}],"wp:attachment":[{"href":"https:\/\/predstavnistvorsbg.rs\/sr-Latn\/wp-json\/wp\/v2\/media?parent=1582"}],"curies":[{"name":"wp","href":"https:\/\/api.w.org\/{rel}","templated":true}]}}