{"id":1584,"date":"2022-03-23T16:00:11","date_gmt":"2022-03-23T15:00:11","guid":{"rendered":"http:\/\/prs2.profimediagroup.com\/?page_id=1584"},"modified":"2026-04-15T12:36:11","modified_gmt":"2026-04-15T10:36:11","slug":"izvjestaj-o-radu-predstavnistva-ltn","status":"publish","type":"page","link":"https:\/\/predstavnistvorsbg.rs\/sr-Latn\/izvjestaj-o-radu-predstavnistva-ltn\/","title":{"rendered":"Izvje\u0161taj o radu Predstavni\u0161tva"},"content":{"rendered":"<section class=\"l-section wpb_row height_small\"><div class=\"l-section-h i-cf\"><div class=\"g-cols vc_row type_default valign_top\"><div class=\"vc_col-sm-3 wpb_column vc_column_container\"><div class=\"vc_column-inner\"><div class=\"wpb_wrapper\"><div class=\"wpb_text_column\" ><div class=\"wpb_wrapper\"><p>Izvje\u0161taj o radu Predstavni\u0161tva<br \/>\nza 2025. godinu<\/p>\n<p><a href=\"http:\/\/predstavnistvorsbg.rs\/html\/izvjestaji_o_radu\/izvjestaj_godisnji_2025\/index.html\" target=\"_blank\" rel=\"noopener\"><img loading=\"lazy\" class=\"alignnone wp-image-21770 size-full\" title=\"Izvje\u0161taj o radu Predstavni\u0161tva za 2025.godinu\" src=\"https:\/\/predstavnistvorsbg.rs\/wp-content\/uploads\/2026\/04\/izvjestaj_godisnji_2025.jpg\" alt=\"Izvje\u0161taj o radu Predstavni\u0161tva za 2025.godinu\" width=\"120\" height=\"160\" \/><\/a><\/p>\n<\/div><\/div><\/div><\/div><\/div><div class=\"vc_col-sm-3 wpb_column vc_column_container\"><div class=\"vc_column-inner\"><div class=\"wpb_wrapper\"><div class=\"wpb_text_column\" ><div class=\"wpb_wrapper\"><p>Izvje\u0161taj o radu Predstavni\u0161tva za period januar &#8211; juni 2025. godine<\/p>\n<p><a href=\"http:\/\/predstavnistvorsbg.rs\/html\/izvjestaji_o_radu\/izvjestaj_polugodisnji_2025\/index.html\" target=\"_blank\" rel=\"noopener\"><img loading=\"lazy\" class=\"alignnone size-full wp-image-20493\" src=\"https:\/\/predstavnistvorsbg.rs\/wp-content\/uploads\/2025\/11\/izvjestaj_polugodisnj_2025.jpg\" alt=\"\" width=\"120\" height=\"160\" \/><\/a><\/p>\n<\/div><\/div><\/div><\/div><\/div><div class=\"vc_col-sm-3 wpb_column vc_column_container\"><div class=\"vc_column-inner\"><div class=\"wpb_wrapper\"><\/div><\/div><\/div><div class=\"vc_col-sm-3 wpb_column vc_column_container\"><div class=\"vc_column-inner\"><div class=\"wpb_wrapper\"><\/div><\/div><\/div><\/div><\/div><\/section><section class=\"l-section wpb_row height_small\"><div class=\"l-section-h i-cf\"><div class=\"g-cols vc_row type_default valign_top\"><div class=\"vc_col-sm-3 wpb_column vc_column_container\"><div class=\"vc_column-inner\"><div class=\"wpb_wrapper\"><div class=\"wpb_text_column\" ><div class=\"wpb_wrapper\"><p>Izvje\u0161taj o radu Predstavni\u0161tva<br \/>\nza 2024. godinu<\/p>\n<p><a href=\"http:\/\/predstavnistvorsbg.rs\/html\/izvjestaji_o_radu\/izvjestaj_godisnji_2024\/index.html\" target=\"_blank\" rel=\"noopener\"><img loading=\"lazy\" class=\"alignnone wp-image-17211 size-full\" title=\"Izvje\u0161taj o radu Predstavni\u0161tva za 2024.godinu\" src=\"https:\/\/predstavnistvorsbg.rs\/wp-content\/uploads\/2025\/03\/izvjestaj_godisnji_2024.jpg\" alt=\"Izvje\u0161taj o radu Predstavni\u0161tva za 2024.godinu\" width=\"120\" height=\"159\" \/><\/a><\/p>\n<\/div><\/div><\/div><\/div><\/div><div class=\"vc_col-sm-3 wpb_column vc_column_container\"><div class=\"vc_column-inner\"><div class=\"wpb_wrapper\"><div class=\"wpb_text_column\" ><div class=\"wpb_wrapper\"><p>Izvje\u0161taj o radu Predstavni\u0161tva<br \/>\nza period januar &#8211; juni 2024. godine<\/p>\n<p><a href=\"http:\/\/predstavnistvorsbg.rs\/html\/izvjestaji_o_radu\/izvjestaj_polugodisnji_2024\/index.html\" target=\"_blank\" rel=\"noopener\"><img loading=\"lazy\" class=\"alignnone wp-image-15551 size-full\" title=\"Izvje\u0161taj o radu Predstavni\u0161tva za peroiod januar-juni 2024. godine\" src=\"https:\/\/predstavnistvorsbg.rs\/wp-content\/uploads\/2024\/10\/izvjestaj_polugodisnj_2024.jpg?_t=1730380579\" alt=\"Izvje\u0161taj o radu Predstavni\u0161tva za peroiod januar-juni 2024. godine\" width=\"120\" height=\"159\" \/><\/a><\/p>\n<\/div><\/div><\/div><\/div><\/div><div class=\"vc_col-sm-3 wpb_column vc_column_container\"><div class=\"vc_column-inner\"><div class=\"wpb_wrapper\"><div class=\"wpb_text_column\" ><div class=\"wpb_wrapper\"><p>Izvje\u0161taj o radu Predstavni\u0161tva<br \/>\nza 2023. godinu<\/p>\n<p><a href=\"http:\/\/predstavnistvorsbg.rs\/html\/izvjestaji_o_radu\/izvjestaj_godisnji_2023\/index.html\" target=\"_blank\" rel=\"noopener\"><img loading=\"lazy\" class=\"alignnone wp-image-10740 size-full\" title=\"Izvje\u0161taj o radu Predstavni\u0161tva za 2023. godinu\" src=\"https:\/\/predstavnistvorsbg.rs\/wp-content\/uploads\/2024\/02\/izvjestaj_godisnji_2023.jpg\" alt=\"Izvje\u0161taj o radu Predstavni\u0161tva za 2023. godinu\" width=\"120\" height=\"160\" \/><\/a><\/p>\n<\/div><\/div><\/div><\/div><\/div><div class=\"vc_col-sm-3 wpb_column vc_column_container\"><div class=\"vc_column-inner\"><div class=\"wpb_wrapper\"><div class=\"wpb_text_column\" ><div class=\"wpb_wrapper\"><p>Izvje\u0161taj o radu Predstavni\u0161tva<br \/>\nza period januar &#8211; juni 2023. godine<\/p>\n<p><a href=\"http:\/\/predstavnistvorsbg.rs\/html\/izvjestaji_o_radu\/izvjestaj_polugodisnji_2023\/index.html\" target=\"_blank\" rel=\"noopener\"><img loading=\"lazy\" class=\"alignnone wp-image-9942 size-full\" title=\"Izvje\u0161taj o radu Predstavni\u0161tva za period januar - juni 2023. godine\" src=\"https:\/\/predstavnistvorsbg.rs\/wp-content\/uploads\/2023\/12\/izvjestaj_polugodisnji_2023.jpg\" alt=\"Izvje\u0161taj o radu Predstavni\u0161tva za period januar - juni 2023. godine\" width=\"120\" height=\"160\" \/><\/a><\/p>\n<\/div><\/div><\/div><\/div><\/div><\/div><\/div><\/section><section class=\"l-section wpb_row height_small\"><div class=\"l-section-h i-cf\"><div class=\"g-cols vc_row type_default valign_top\"><div class=\"vc_col-sm-3 wpb_column vc_column_container\"><div class=\"vc_column-inner\"><div class=\"wpb_wrapper\"><div class=\"wpb_text_column\" ><div class=\"wpb_wrapper\"><p>Izvje\u0161taj o radu Predstavni\u0161tva<br \/>\nza 2022. godinu<\/p>\n<p><a title=\"Izvje\u0161taj o radu Predstavni\u0161tva za 2022. godinu\" href=\"http:\/\/predstavnistvorsbg.rs\/html\/izvjestaji_o_radu\/izvjestaj_godisnji_2022\/index.html\" target=\"_blank\" rel=\"noopener\"><img loading=\"lazy\" class=\"alignnone size-full wp-image-3230\" src=\"https:\/\/predstavnistvorsbg.rs\/wp-content\/uploads\/2023\/03\/izvjestaj_godisnji_2022.jpg\" alt=\"\" width=\"120\" height=\"158\" \/><\/a><\/p>\n<\/div><\/div><\/div><\/div><\/div><div class=\"vc_col-sm-3 wpb_column vc_column_container\"><div class=\"vc_column-inner\"><div class=\"wpb_wrapper\"><div class=\"wpb_text_column\" ><div class=\"wpb_wrapper\"><p>Izvje\u0161taj o radu Predstavni\u0161tva<br \/>\nza period januar &#8211; juni 2022. godine<\/p>\n<p><a title=\"Izvje\u0161taj o radu Predstavni\u0161tva za period januar-juni 2022. godine\" href=\"http:\/\/predstavnistvorsbg.rs\/html\/izvjestaji_o_radu\/Izvjestaj_polugodisnji_2022\/index.html\" target=\"_blank\" rel=\"noopener\"><img loading=\"lazy\" class=\"alignnone size-full wp-image-3228\" src=\"https:\/\/predstavnistvorsbg.rs\/wp-content\/uploads\/2023\/03\/izvjestaj_polugodisnji_2022.jpg\" alt=\"\" width=\"120\" height=\"159\" \/><\/a><\/p>\n<\/div><\/div><\/div><\/div><\/div><div class=\"vc_col-sm-3 wpb_column vc_column_container\"><div class=\"vc_column-inner\"><div class=\"wpb_wrapper\"><div class=\"wpb_text_column\" ><div class=\"wpb_wrapper\"><p>Izvje\u0161taj o radu Predstavni\u0161tva<br \/>\nza 2021. godinu<\/p>\n<p><a title=\"Izvje\u0161taj o radu Predstavni\u0161tva za 2021. godinu\" href=\"http:\/\/predstavnistvorsbg.rs\/html\/izvjestaji_o_radu\/izvjestaj_godisnji_2021\/index.html\" target=\"_blank\" rel=\"noopener\"><img loading=\"lazy\" class=\"alignnone size-full wp-image-1562\" src=\"https:\/\/predstavnistvorsbg.rs\/wp-content\/uploads\/2022\/03\/izvjestaj_godisnji_2021.jpg\" alt=\"\" width=\"120\" height=\"158\" \/><\/a><\/p>\n<\/div><\/div><\/div><\/div><\/div><div class=\"vc_col-sm-3 wpb_column vc_column_container\"><div class=\"vc_column-inner\"><div class=\"wpb_wrapper\"><div class=\"wpb_text_column\" ><div class=\"wpb_wrapper\"><p>Izvje\u0161taj o radu Predstavni\u0161tva<br \/>\nza period januar &#8211; juni 2021. godine<\/p>\n<p><a title=\"Izvje\u0161taj o radu Predstavni\u0161tva za period januar-juni 2021. godine\" href=\"http:\/\/predstavnistvorsbg.rs\/html\/izvjestaji_o_radu\/izvjestaj_polugodisnji_2021\/index.html\" target=\"_blank\" rel=\"noopener\"><img loading=\"lazy\" class=\"alignnone size-full wp-image-1144\" src=\"https:\/\/predstavnistvorsbg.rs\/wp-content\/uploads\/2021\/12\/izvjestaj_polugodisnji_2021.jpg\" alt=\"\" width=\"120\" height=\"159\" \/><\/a><\/p>\n<\/div><\/div><\/div><\/div><\/div><\/div><\/div><\/section><section class=\"l-section wpb_row height_small\"><div class=\"l-section-h i-cf\"><div class=\"g-cols vc_row type_default valign_top\"><div class=\"vc_col-sm-3 wpb_column vc_column_container\"><div class=\"vc_column-inner\"><div class=\"wpb_wrapper\"><div class=\"wpb_text_column\" ><div class=\"wpb_wrapper\"><p>Izvje\u0161taj o radu Predstavni\u0161tva<br \/>\nza 2020. godinu<\/p>\n<p><a title=\"Izvje\u0161taj o radu Predstavni\u0161tva za 2020. godinu\" href=\"http:\/\/predstavnistvorsbg.rs\/html\/izvjestaji_o_radu\/izvjestaj_godisnji_2020\/index.html\" target=\"_blank\" rel=\"noopener\"><img loading=\"lazy\" class=\"alignnone wp-image-1152 size-full\" src=\"https:\/\/predstavnistvorsbg.rs\/wp-content\/uploads\/2021\/12\/izvjestaj_godisnji_2020.jpg\" alt=\"\" width=\"120\" height=\"159\" \/><\/a><\/p>\n<\/div><\/div><\/div><\/div><\/div><div class=\"vc_col-sm-3 wpb_column vc_column_container\"><div class=\"vc_column-inner\"><div class=\"wpb_wrapper\"><div class=\"wpb_text_column\" ><div class=\"wpb_wrapper\"><p>Izvje\u0161taj o radu Predstavni\u0161tva<br \/>\nza period januar \u2013 juni 2020. godine<\/p>\n<p><a title=\"Izvje\u0161taj o radu Predstavni\u0161tva za period januar - juni 2020. godine\" href=\"http:\/\/predstavnistvorsbg.rs\/html\/izvjestaji_o_radu\/izvjestaj_polugodisnji_2020\/index.html\" target=\"_blank\" rel=\"noopener\"><img loading=\"lazy\" class=\"alignnone size-full wp-image-1148\" src=\"https:\/\/predstavnistvorsbg.rs\/wp-content\/uploads\/2021\/12\/izvjestaj_polugodisnji_2020.jpg\" alt=\"\" width=\"120\" height=\"159\" \/><\/a><\/p>\n<\/div><\/div><\/div><\/div><\/div><div class=\"vc_col-sm-3 wpb_column vc_column_container\"><div class=\"vc_column-inner\"><div class=\"wpb_wrapper\"><div class=\"wpb_text_column\" ><div class=\"wpb_wrapper\"><p>Izvje\u0161taj o radu Predstavni\u0161tva<br \/>\nza 2019. godinu<\/p>\n<p><a title=\"Izvje\u0161taj o radu Predstavni\u0161tva za 2019. godinu\" href=\"http:\/\/predstavnistvorsbg.rs\/html\/izvjestaji_o_radu\/izvjestaj_godisnji_2019\/index.html\" target=\"_blank\" rel=\"noopener\"><img loading=\"lazy\" class=\"alignnone size-full wp-image-1158\" src=\"https:\/\/predstavnistvorsbg.rs\/wp-content\/uploads\/2021\/12\/izvjestaj_godisnji_2019.jpg\" alt=\"\" width=\"120\" height=\"160\" \/><\/a><\/p>\n<\/div><\/div><\/div><\/div><\/div><div class=\"vc_col-sm-3 wpb_column vc_column_container\"><div class=\"vc_column-inner\"><div class=\"wpb_wrapper\"><div class=\"wpb_text_column\" ><div class=\"wpb_wrapper\"><p>Izvje\u0161taj o radu Predstavni\u0161tva<br \/>\nza period januar &#8211; juni 2019. godine<\/p>\n<p><a title=\"Izvje\u0161taj o radu Predstavni\u0161tva za period januar - juni 2019. godine\" href=\"http:\/\/predstavnistvorsbg.rs\/html\/izvjestaji_o_radu\/izvjestaj_polugodisnji_2019\/index.html\" target=\"_blank\" rel=\"noopener\"><img loading=\"lazy\" class=\"alignnone size-full wp-image-1155\" src=\"https:\/\/predstavnistvorsbg.rs\/wp-content\/uploads\/2021\/12\/izvjestaj_polugodisnji_2019.jpg\" alt=\"\" width=\"120\" height=\"160\" \/><\/a><\/p>\n<\/div><\/div><\/div><\/div><\/div><\/div><\/div><\/section><section class=\"l-section wpb_row height_small\"><div class=\"l-section-h i-cf\"><div class=\"g-cols vc_row type_default valign_top\"><div class=\"vc_col-sm-3 wpb_column vc_column_container\"><div class=\"vc_column-inner\"><div class=\"wpb_wrapper\"><div class=\"wpb_text_column\" ><div class=\"wpb_wrapper\"><p>Izvje\u0161taj o radu Predstavni\u0161tva<br \/>\nza 2018. godinu<\/p>\n<p><a title=\"Izvje\u0161taj o radu Predstavni\u0161tva za 2018. godinu\" href=\"http:\/\/predstavnistvorsbg.rs\/html\/izvjestaji_o_radu\/izvjestaj_godisnji_2018\/index.html\" target=\"_blank\" rel=\"noopener\"><img loading=\"lazy\" class=\"alignnone size-full wp-image-1165\" src=\"https:\/\/predstavnistvorsbg.rs\/wp-content\/uploads\/2021\/12\/izvjestaj_godisnji_2018.jpg\" alt=\"\" width=\"120\" height=\"160\" \/><\/a><\/p>\n<\/div><\/div><\/div><\/div><\/div><div class=\"vc_col-sm-3 wpb_column vc_column_container\"><div class=\"vc_column-inner\"><div class=\"wpb_wrapper\"><div class=\"wpb_text_column\" ><div class=\"wpb_wrapper\"><p>Izvje\u0161taj o radu Predstavni\u0161tva<br \/>\nza period januar &#8211; juni 2018. godine<\/p>\n<p><a title=\"Izvje\u0161taj o radu Predstavni\u0161tva za period januar - juni 2018. godine\" href=\"http:\/\/predstavnistvorsbg.rs\/html\/izvjestaji_o_radu\/izvjestaj_polugodisnji_2018\/index.html\" target=\"_blank\" rel=\"noopener\"><img loading=\"lazy\" class=\"alignnone size-full wp-image-1161\" src=\"https:\/\/predstavnistvorsbg.rs\/wp-content\/uploads\/2021\/12\/izvj_prvi_kvartal_2018.jpg\" alt=\"\" width=\"120\" height=\"160\" \/><\/a><\/p>\n<\/div><\/div><\/div><\/div><\/div><div class=\"vc_col-sm-3 wpb_column vc_column_container\"><div class=\"vc_column-inner\"><div class=\"wpb_wrapper\"><div class=\"wpb_text_column\" ><div class=\"wpb_wrapper\"><p>Izvje\u0161taj o radu Predstavni\u0161tva<br \/>\nza 2017. godinu<\/p>\n<p><a title=\"Izvje\u0161taj o radu Predstavni\u0161tva za 2017. godinu\" href=\"http:\/\/predstavnistvorsbg.rs\/html\/izvjestaji_o_radu\/izvjestaj_godisnji_2017\/index.html\" target=\"_blank\" rel=\"noopener\"><img loading=\"lazy\" class=\"alignnone size-full wp-image-1171\" src=\"https:\/\/predstavnistvorsbg.rs\/wp-content\/uploads\/2021\/12\/izvjestaj_godisnji_2017.jpg\" alt=\"\" width=\"120\" height=\"160\" \/><\/a><\/p>\n<\/div><\/div><\/div><\/div><\/div><div class=\"vc_col-sm-3 wpb_column vc_column_container\"><div class=\"vc_column-inner\"><div class=\"wpb_wrapper\"><div class=\"wpb_text_column\" ><div class=\"wpb_wrapper\"><p>Izvje\u0161taj o radu Predstavni\u0161tva<br \/>\nza period januar &#8211; juni 2017. godine<\/p>\n<p><a title=\"Izvje\u0161taj o radu Predstavni\u0161tva za period januar - juni 2017. godine\" href=\"http:\/\/predstavnistvorsbg.rs\/html\/izvjestaji_o_radu\/izvjestaj_polugodisnji_2017\/index.html\" target=\"_blank\" rel=\"noopener\"><img loading=\"lazy\" class=\"alignnone size-full wp-image-1168\" src=\"https:\/\/predstavnistvorsbg.rs\/wp-content\/uploads\/2021\/12\/izvjestaj_polugodisnji_2017.jpg\" alt=\"\" width=\"120\" height=\"160\" \/><\/a><\/p>\n<\/div><\/div><\/div><\/div><\/div><\/div><\/div><\/section><section class=\"l-section wpb_row height_small\"><div class=\"l-section-h i-cf\"><div class=\"g-cols vc_row type_default valign_top\"><div class=\"vc_col-sm-3 wpb_column vc_column_container\"><div class=\"vc_column-inner\"><div class=\"wpb_wrapper\"><div class=\"wpb_text_column\" ><div class=\"wpb_wrapper\"><p>Izvje\u0161taj o radu Predstavni\u0161tva<br \/>\nza 2016. godinu<\/p>\n<p><a title=\"Izvje\u0161taj o radu Predstavni\u0161tva za 2016. godinu\" href=\"http:\/\/predstavnistvorsbg.rs\/html\/izvjestaji_o_radu\/izvjestaj_godisnji_2016\/index.html\" target=\"_blank\" rel=\"noopener\"><img loading=\"lazy\" class=\"alignnone size-full wp-image-1177\" src=\"https:\/\/predstavnistvorsbg.rs\/wp-content\/uploads\/2021\/12\/god_izvjestaj_2016.jpg\" alt=\"\" width=\"120\" height=\"160\" \/><\/a><\/p>\n<\/div><\/div><\/div><\/div><\/div><div class=\"vc_col-sm-3 wpb_column vc_column_container\"><div class=\"vc_column-inner\"><div class=\"wpb_wrapper\"><div class=\"wpb_text_column\" ><div class=\"wpb_wrapper\"><p>Izvje\u0161taj o radu Predstavni\u0161tva<br \/>\nza period januar &#8211; juni 2016. godine<\/p>\n<p><a title=\"Izvje\u0161taj o radu Predstavni\u0161tva za period januar - juni 2016. godine\" href=\"http:\/\/predstavnistvorsbg.rs\/html\/izvjestaji_o_radu\/izvjestaj_polugodisnji_2016\/index.html\" target=\"_blank\" rel=\"noopener\"><img loading=\"lazy\" class=\"alignnone size-full wp-image-1174\" src=\"https:\/\/predstavnistvorsbg.rs\/wp-content\/uploads\/2021\/12\/izvjestaj_polugodisnji_2016.jpg\" alt=\"\" width=\"120\" height=\"160\" \/><\/a><\/p>\n<\/div><\/div><\/div><\/div><\/div><div class=\"vc_col-sm-3 wpb_column vc_column_container\"><div class=\"vc_column-inner\"><div class=\"wpb_wrapper\"><div class=\"wpb_text_column\" ><div class=\"wpb_wrapper\"><p>Izvje\u0161taj o radu Predstavni\u0161tva<br \/>\nza 2015. godinu<\/p>\n<p><a title=\"Izvje\u0161taj o radu Predstavni\u0161tva za 2015. godinu\" href=\"http:\/\/predstavnistvorsbg.rs\/html\/izvjestaji_o_radu\/izvjestaj_godisnji_2015\/index.html\" target=\"_blank\" rel=\"noopener\"><img loading=\"lazy\" class=\"alignnone size-full wp-image-1184\" src=\"https:\/\/predstavnistvorsbg.rs\/wp-content\/uploads\/2021\/12\/izvjestaj_godisnji_2015.jpg\" alt=\"\" width=\"120\" height=\"160\" \/><\/a><\/p>\n<\/div><\/div><\/div><\/div><\/div><div class=\"vc_col-sm-3 wpb_column vc_column_container\"><div class=\"vc_column-inner\"><div class=\"wpb_wrapper\"><div class=\"wpb_text_column\" ><div class=\"wpb_wrapper\"><p>Izvje\u0161taj o radu Predstavni\u0161tva<br \/>\nza period januar &#8211; juni 2015. godine<\/p>\n<p><a title=\"Izvje\u0161taj o radu Predstavni\u0161tva za period januar - juni 2015. godine\" href=\"http:\/\/predstavnistvorsbg.rs\/html\/izvjestaji_o_radu\/izvjestaj_polugodisnji_2015\/index.html\" target=\"_blank\" rel=\"noopener\"><img loading=\"lazy\" class=\"alignnone size-full wp-image-1180\" src=\"https:\/\/predstavnistvorsbg.rs\/wp-content\/uploads\/2021\/12\/izvjestaj_polugodisnji_2015.jpg\" alt=\"\" width=\"120\" height=\"160\" \/><\/a><\/p>\n<\/div><\/div><\/div><\/div><\/div><\/div><\/div><\/section><section class=\"l-section wpb_row height_small\"><div class=\"l-section-h i-cf\"><div class=\"g-cols vc_row type_default valign_top\"><div class=\"vc_col-sm-3 wpb_column vc_column_container\"><div class=\"vc_column-inner\"><div class=\"wpb_wrapper\"><div class=\"wpb_text_column\" ><div class=\"wpb_wrapper\"><p>Izvje\u0161taj o radu Predstavni\u0161tva<br \/>\nza 2014. godinu<\/p>\n<p><a title=\"Izvje\u0161taj o radu za 2014.\" href=\"http:\/\/predstavnistvorsbg.rs\/html\/izvjestaji_o_radu\/izvjestaj_godisnji_2014\/index.html\" target=\"_blank\" rel=\"noopener\"><img loading=\"lazy\" class=\"alignnone size-full wp-image-1190\" src=\"https:\/\/predstavnistvorsbg.rs\/wp-content\/uploads\/2021\/12\/god_izvjestaj_2014.jpg\" alt=\"\" width=\"120\" height=\"160\" \/><\/a><\/p>\n<\/div><\/div><\/div><\/div><\/div><div class=\"vc_col-sm-3 wpb_column vc_column_container\"><div class=\"vc_column-inner\"><div class=\"wpb_wrapper\"><div class=\"wpb_text_column\" ><div class=\"wpb_wrapper\"><p>Izvje\u0161taj o radu Predstavni\u0161tva<br \/>\nza period januar &#8211; juni 2014. godine<\/p>\n<p><a title=\"Izvje\u0161taj o radu za period januar-juni 2014.\" href=\"http:\/\/predstavnistvorsbg.rs\/html\/izvjestaji_o_radu\/izvjestaj_polugodisnji_2014\/index.html\" target=\"_blank\" rel=\"noopener\"><img loading=\"lazy\" class=\"alignnone size-full wp-image-1187\" src=\"https:\/\/predstavnistvorsbg.rs\/wp-content\/uploads\/2021\/12\/izvjestaj_polugodisnji_2014.jpg\" alt=\"\" width=\"120\" height=\"160\" \/><\/a><\/p>\n<\/div><\/div><\/div><\/div><\/div><div class=\"vc_col-sm-3 wpb_column vc_column_container\"><div class=\"vc_column-inner\"><div class=\"wpb_wrapper\"><div class=\"wpb_text_column\" ><div class=\"wpb_wrapper\"><p>Izvje\u0161taj o radu Predstavni\u0161tva<br \/>\nza 2013. godinu<\/p>\n<p><a title=\"Izvje\u0161taj o radu za 2013.\" href=\"http:\/\/predstavnistvorsbg.rs\/html\/izvjestaji_o_radu\/izvjestaj_godisnji_2013\/index.html\" target=\"_blank\" rel=\"noopener\"><img loading=\"lazy\" class=\"alignnone size-full wp-image-1196\" src=\"https:\/\/predstavnistvorsbg.rs\/wp-content\/uploads\/2021\/12\/izvjestaj_godisnji.jpg\" alt=\"\" width=\"120\" height=\"160\" \/><\/a><\/p>\n<\/div><\/div><\/div><\/div><\/div><div class=\"vc_col-sm-3 wpb_column vc_column_container\"><div class=\"vc_column-inner\"><div class=\"wpb_wrapper\"><div class=\"wpb_text_column\" ><div class=\"wpb_wrapper\"><p>Izvje\u0161taj o radu Predstavni\u0161tva<br \/>\nza period januar &#8211; juni 2013. godine<\/p>\n<p><a title=\"Izvje\u0161taj o radu za period januar-juni 2013.\" href=\"http:\/\/predstavnistvorsbg.rs\/html\/izvjestaji_o_radu\/izvjestaj_polugodisnji_2013\/index.html\" target=\"_blank\" rel=\"noopener\"><img loading=\"lazy\" class=\"alignnone size-full wp-image-1193\" src=\"https:\/\/predstavnistvorsbg.rs\/wp-content\/uploads\/2021\/12\/izvjestaj_polugodisnji_2013.jpg\" alt=\"\" width=\"120\" height=\"160\" \/><\/a><\/p>\n<\/div><\/div><\/div><\/div><\/div><\/div><\/div><\/section><section class=\"l-section wpb_row us_custom_6217dcc9 height_small\"><div class=\"l-section-h i-cf\"><div class=\"g-cols vc_row type_default valign_top\"><div class=\"vc_col-sm-12 wpb_column vc_column_container\"><div class=\"vc_column-inner\"><div class=\"wpb_wrapper\"><div class=\"w-sharing type_solid align_left color_default\"><div class=\"w-sharing-list\" data-sharing-url=\"https:\/\/predstavnistvorsbg.rs\/sr-Latn\/wp-json\/wp\/v2\/pages\/1584\" data-sharing-image=\"\"><a class=\"w-sharing-item email\" href=\"javascript:void(0)\" title=\"Email this\" aria-label=\"Email this\"><span class=\"w-sharing-icon\"><\/span><\/a><a class=\"w-sharing-item facebook\" href=\"javascript:void(0)\" title=\"Share this\" aria-label=\"Share this\"><span class=\"w-sharing-icon\"><\/span><\/a><a class=\"w-sharing-item twitter\" href=\"javascript:void(0)\" title=\"Tweet this\" aria-label=\"Tweet this\"><span class=\"w-sharing-icon\"><\/span><\/a><a class=\"w-sharing-item linkedin\" href=\"javascript:void(0)\" title=\"Share this\" aria-label=\"Share this\"><span class=\"w-sharing-icon\"><\/span><\/a><a class=\"w-sharing-item pinterest\" href=\"javascript:void(0)\" title=\"Pin this\" aria-label=\"Pin this\"><span class=\"w-sharing-icon\"><\/span><\/a><\/div><\/div><\/div><\/div><\/div><\/div><\/div><\/section><section class=\"l-section wpb_row height_small\"><div class=\"l-section-h i-cf\"><div class=\"g-cols vc_row type_default valign_top\"><div class=\"vc_col-sm-12 wpb_column vc_column_container\"><div class=\"vc_column-inner\"><div class=\"wpb_wrapper\"><\/div><\/div><\/div><\/div><\/div><\/section>\n","protected":false},"excerpt":{"rendered":"Izvje\u0161taj o radu Predstavni\u0161tva za 2025. godinu Izvje\u0161taj o radu Predstavni\u0161tva za period januar &#8211; juni 2025. godine Izvje\u0161taj o radu Predstavni\u0161tva za 2024. godinu Izvje\u0161taj o radu Predstavni\u0161tva za period januar &#8211; juni 2024. godine Izvje\u0161taj o radu Predstavni\u0161tva za 2023. godinu Izvje\u0161taj o radu Predstavni\u0161tva za period januar &#8211; juni 2023. godine Izvje\u0161taj...","protected":false},"author":1,"featured_media":0,"parent":0,"menu_order":0,"comment_status":"closed","ping_status":"closed","template":"","meta":[],"_links":{"self":[{"href":"https:\/\/predstavnistvorsbg.rs\/sr-Latn\/wp-json\/wp\/v2\/pages\/1584"}],"collection":[{"href":"https:\/\/predstavnistvorsbg.rs\/sr-Latn\/wp-json\/wp\/v2\/pages"}],"about":[{"href":"https:\/\/predstavnistvorsbg.rs\/sr-Latn\/wp-json\/wp\/v2\/types\/page"}],"author":[{"embeddable":true,"href":"https:\/\/predstavnistvorsbg.rs\/sr-Latn\/wp-json\/wp\/v2\/users\/1"}],"replies":[{"embeddable":true,"href":"https:\/\/predstavnistvorsbg.rs\/sr-Latn\/wp-json\/wp\/v2\/comments?post=1584"}],"version-history":[{"count":10,"href":"https:\/\/predstavnistvorsbg.rs\/sr-Latn\/wp-json\/wp\/v2\/pages\/1584\/revisions"}],"predecessor-version":[{"id":21772,"href":"https:\/\/predstavnistvorsbg.rs\/sr-Latn\/wp-json\/wp\/v2\/pages\/1584\/revisions\/21772"}],"wp:attachment":[{"href":"https:\/\/predstavnistvorsbg.rs\/sr-Latn\/wp-json\/wp\/v2\/media?parent=1584"}],"curies":[{"name":"wp","href":"https:\/\/api.w.org\/{rel}","templated":true}]}}