{"id":1608,"date":"2023-12-04T13:00:10","date_gmt":"2023-12-04T12:00:10","guid":{"rendered":"http:\/\/prs2.profimediagroup.com\/?page_id=1608"},"modified":"2026-02-13T13:37:40","modified_gmt":"2026-02-13T12:37:40","slug":"bilten","status":"publish","type":"page","link":"https:\/\/predstavnistvorsbg.rs\/sr-Latn\/bilten\/","title":{"rendered":"Bilten"},"content":{"rendered":"<section class=\"l-section wpb_row height_small\"><div class=\"l-section-h i-cf\"><div class=\"g-cols vc_row type_default valign_top\"><div class=\"vc_col-sm-12 wpb_column vc_column_container\"><div class=\"vc_column-inner\"><div class=\"wpb_wrapper\"><div class=\"wpb_text_column\" ><div class=\"wpb_wrapper\"><p>Pogledajte-preuzmite Biltene Predstavni\u0161tva Republike Srpske po godinama<\/p>\n<\/div><\/div><div class=\"w-separator size_small\"><\/div><div class=\"w-menu layout_hor style_blocks us_menu_1\"><ul id=\"menu-bilteni-3\" class=\"menu\"><li id=\"menu-item-1610\" class=\"menu-item menu-item-type-post_type menu-item-object-page menu-item-1610\"><a href=\"https:\/\/predstavnistvorsbg.rs\/sr-Latn\/bilten\/\">Bilten<\/a><\/li><li id=\"menu-item-21586\" class=\"menu-item menu-item-type-post_type menu-item-object-page menu-item-21586\"><a href=\"https:\/\/predstavnistvorsbg.rs\/sr-Latn\/bilteni-2026-godina-ltn\/\">Bilteni 2026.<\/a><\/li><li id=\"menu-item-16530\" class=\"menu-item menu-item-type-post_type menu-item-object-page menu-item-16530\"><a href=\"https:\/\/predstavnistvorsbg.rs\/sr-Latn\/bilteni-2025-godina-ltn\/\">Bilteni 2025.<\/a><\/li><li id=\"menu-item-10663\" class=\"menu-item menu-item-type-post_type menu-item-object-page menu-item-10663\"><a href=\"https:\/\/predstavnistvorsbg.rs\/sr-Latn\/bilteni-2024-godina-ltn\/\">Bilteni 2024.<\/a><\/li><li id=\"menu-item-10340\" class=\"menu-item menu-item-type-post_type menu-item-object-page menu-item-10340\"><a href=\"https:\/\/predstavnistvorsbg.rs\/sr-Latn\/bilteni-2023-godina-ltn\/\">Bilteni 2023.<\/a><\/li><li id=\"menu-item-5118\" class=\"menu-item menu-item-type-post_type menu-item-object-page menu-item-5118\"><a href=\"https:\/\/predstavnistvorsbg.rs\/sr-Latn\/bilteni-2022-godina-ltn\/\">Bilteni 2022.<\/a><\/li><li id=\"menu-item-1611\" class=\"menu-item menu-item-type-post_type menu-item-object-page menu-item-1611\"><a href=\"https:\/\/predstavnistvorsbg.rs\/sr-Latn\/bilteni-2021-godina-ltn\/\">Bilteni 2021.<\/a><\/li><li id=\"menu-item-1612\" class=\"menu-item menu-item-type-post_type menu-item-object-page menu-item-1612\"><a href=\"https:\/\/predstavnistvorsbg.rs\/sr-Latn\/bilteni-2020-godina-ltn\/\">Bilteni 2020.<\/a><\/li><\/ul><style>.us_menu_1 .menu>li{margin-right:1.0rem}.us_menu_1 .menu>li>a{padding:0.8em 0.8em}.us_menu_1 .menu>li>a{background:#394e85}.us_menu_1 .menu>li>a{color:#ffffff}.us_menu_1 .menu>.menu-item:not(.current-menu-item)>a:hover{background:#d13b46}.us_menu_1 .menu>.menu-item:not(.current-menu-item)>a:hover{color:#ffffff}.us_menu_1 .menu>.current-menu-item>a{background:#d13b46}.us_menu_1 .menu>.current-menu-item>a{color:#ffffff}@media ( max-width:600px ){.us_menu_1 .menu{display:block!important}.us_menu_1 .menu>li{margin:0 0 1.0rem}}<\/style><\/div><div class=\"w-separator size_small\"><\/div><div class=\"wpb_text_column\" ><div class=\"wpb_wrapper\"><p>Novi broj:<\/p>\n<p><a href=\"http:\/\/predstavnistvorsbg.rs\/bilteni_2026\/bilten_160_lat\/index.html\" target=\"_blank\" rel=\"noopener\"><strong>BILTEN BROJ 160<\/strong><\/a>, januar 2026. godine<\/p>\n<p><img loading=\"lazy\" class=\"alignnone size-full wp-image-21129\" src=\"https:\/\/predstavnistvorsbg.rs\/wp-content\/uploads\/2026\/02\/bilten_160_slika_lat.jpg\" alt=\"\" width=\"130\" height=\"174\" \/>Iz ovog broja izdvajamo:<\/p>\n<p>-Srpska je slavila i ovog 9. januara<br \/>\n-Dr\u017eavni\u010dki do\u010dek Dodika u Jerusalimu<br \/>\n-Reimenovani premijer rekonstruisao Vladu<\/p>\n<\/div><\/div><\/div><\/div><\/div><\/div><\/div><\/section><section class=\"l-section wpb_row us_custom_6217dcc9 height_small\"><div class=\"l-section-h i-cf\"><div class=\"g-cols vc_row type_default valign_top\"><div class=\"vc_col-sm-12 wpb_column vc_column_container\"><div class=\"vc_column-inner\"><div class=\"wpb_wrapper\"><div class=\"w-sharing type_solid align_left color_default\"><div class=\"w-sharing-list\" data-sharing-url=\"https:\/\/predstavnistvorsbg.rs\/sr-Latn\/wp-json\/wp\/v2\/pages\/1608\" data-sharing-image=\"\"><a class=\"w-sharing-item email\" href=\"javascript:void(0)\" title=\"Email this\" aria-label=\"Email this\"><span class=\"w-sharing-icon\"><\/span><\/a><a class=\"w-sharing-item facebook\" href=\"javascript:void(0)\" title=\"Share this\" aria-label=\"Share this\"><span class=\"w-sharing-icon\"><\/span><\/a><a class=\"w-sharing-item twitter\" href=\"javascript:void(0)\" title=\"Tweet this\" aria-label=\"Tweet this\"><span class=\"w-sharing-icon\"><\/span><\/a><a class=\"w-sharing-item linkedin\" href=\"javascript:void(0)\" title=\"Share this\" aria-label=\"Share this\"><span class=\"w-sharing-icon\"><\/span><\/a><a class=\"w-sharing-item pinterest\" href=\"javascript:void(0)\" title=\"Pin this\" aria-label=\"Pin this\"><span class=\"w-sharing-icon\"><\/span><\/a><\/div><\/div><\/div><\/div><\/div><\/div><\/div><\/section>\n","protected":false},"excerpt":{"rendered":"Pogledajte-preuzmite Biltene Predstavni\u0161tva Republike Srpske po godinama BiltenBilteni 2026.Bilteni 2025.Bilteni 2024.Bilteni 2023.Bilteni 2022.Bilteni 2021.Bilteni 2020.Novi broj: BILTEN BROJ 160, januar 2026. godine Iz ovog broja izdvajamo: -Srpska je slavila i ovog 9. januara -Dr\u017eavni\u010dki do\u010dek Dodika u Jerusalimu -Reimenovani premijer rekonstruisao Vladu","protected":false},"author":1,"featured_media":0,"parent":0,"menu_order":0,"comment_status":"closed","ping_status":"closed","template":"","meta":[],"_links":{"self":[{"href":"https:\/\/predstavnistvorsbg.rs\/sr-Latn\/wp-json\/wp\/v2\/pages\/1608"}],"collection":[{"href":"https:\/\/predstavnistvorsbg.rs\/sr-Latn\/wp-json\/wp\/v2\/pages"}],"about":[{"href":"https:\/\/predstavnistvorsbg.rs\/sr-Latn\/wp-json\/wp\/v2\/types\/page"}],"author":[{"embeddable":true,"href":"https:\/\/predstavnistvorsbg.rs\/sr-Latn\/wp-json\/wp\/v2\/users\/1"}],"replies":[{"embeddable":true,"href":"https:\/\/predstavnistvorsbg.rs\/sr-Latn\/wp-json\/wp\/v2\/comments?post=1608"}],"version-history":[{"count":27,"href":"https:\/\/predstavnistvorsbg.rs\/sr-Latn\/wp-json\/wp\/v2\/pages\/1608\/revisions"}],"predecessor-version":[{"id":20839,"href":"https:\/\/predstavnistvorsbg.rs\/sr-Latn\/wp-json\/wp\/v2\/pages\/1608\/revisions\/20839"}],"wp:attachment":[{"href":"https:\/\/predstavnistvorsbg.rs\/sr-Latn\/wp-json\/wp\/v2\/media?parent=1608"}],"curies":[{"name":"wp","href":"https:\/\/api.w.org\/{rel}","templated":true}]}}