{"id":1616,"date":"2021-11-29T16:54:58","date_gmt":"2021-11-29T15:54:58","guid":{"rendered":"http:\/\/prs2.profimediagroup.com\/?page_id=1616"},"modified":"2024-11-06T14:39:38","modified_gmt":"2024-11-06T13:39:38","slug":"investirajte-u-republiku-srpsku","status":"publish","type":"page","link":"https:\/\/predstavnistvorsbg.rs\/sr-Latn\/investirajte-u-republiku-srpsku\/","title":{"rendered":"Investirajte u Republiku Srpsku"},"content":{"rendered":"<section class=\"l-section wpb_row height_small\"><div class=\"l-section-h i-cf\"><div class=\"g-cols vc_row type_default valign_top\"><div class=\"vc_col-sm-12 wpb_column vc_column_container\"><div class=\"vc_column-inner\"><div class=\"wpb_wrapper\"><div class=\"wpb_text_column\" ><div class=\"wpb_wrapper\"><h3>Republika Srpska \u2013 atraktivna destinacija za investitore<\/h3>\n<h5>I Osnovni razlozi koji potvr\u0111uju \u010dinjenicu da je Republika Srpska atraktivna za strana direktna ulaganja su:<\/h5>\n<p><strong>1. Makroekonomska stabilnost: <\/strong>stabilna valuta 1 KM = 0,51129 \u20ac, niska stopa inflacije i konstantan rast bruto dru\u0161tvenog proizvoda<\/p>\n<p><strong>2. Povoljan tretman stranih investitora: <\/strong>strani ulaga\u010di imaju nacionalni tretman (ista prava i obaveze kao i doma\u0107i rezidenti), oslobo\u0111eni su pla\u0107anja carina i carinskih dad\u017ebina na uvoz opreme koja predstavlja ulog stranog lica, slobodno sti\u010du i raspola\u017eu pokretnom i nepokretnom svojinom, vr\u0161e slobodan transfer dobiti u inostranstvo, brza i jednostavna registracija privrednih subjekata i dr.<\/p>\n<p><strong>3. Niski tro\u0161kovi poslovanja<\/strong><\/p>\n<table border=\"1\">\n<tbody>\n<tr>\n<td>Porez na dodatnu vrijednost (PDV)<\/td>\n<td>17%<\/td>\n<\/tr>\n<tr>\n<td>Porez na dobit<\/td>\n<td>10% od ostvarene dobiti<\/td>\n<\/tr>\n<tr>\n<td>Porez na dohodak<\/td>\n<td>10% od iznosa bruto plate<\/td>\n<\/tr>\n<tr>\n<td>Doprinosi<\/td>\n<td>33% od iznosa bruto plate<\/td>\n<\/tr>\n<\/tbody>\n<\/table>\n<p><strong>4. Veliki potencijal tr\u017ei\u0161ta: <\/strong>povoljna strate\u0161ka lokacija investitorima omogu\u0107ava lak pristup cjelokupnom tr\u017ei\u0161tu Evropske unije, centralne i jugoisto\u010dne Evrope; Bosna i Hercegovina je jedna od zemalja potpisnica trgovinskih sporazuma CEFTA, EFTA, SPP i sporazuma o slobodnoj trgovini sa Turskom<\/p>\n<p><strong>5. Kvalitetni ljudski resursi: <\/strong>velik broj visoko\u0161kolskih ustanova u Republici Srpskoj omogu\u0107ava obrazovanje visokokvalifikovanog kadra, inovativna mlada radna snaga, projekti podsticaja zapo\u0161ljavanja i dr.<\/p>\n<p><strong>6. Prirodni resursi: <\/strong>poljoprivreda, \u0161ume, elektro-energetski potencijal, turizam i drugi prirodni resursi<\/p>\n<hr \/>\n<h5>II Vi\u0161e detaljnih informacija o investiranju u Republiku Srpsku mo\u017eete dobiti na sajtovima:<\/h5>\n<p><a title=\"Invest Srpska\" href=\"https:\/\/investsrpska.vladars.net\/sr\/pocetna\/\" target=\"_blank\" rel=\"noopener\">Srpska &#8211; Republika mogu\u0107nosti<\/a><\/p>\n<p><a title=\"Investiciono-razvojna banka RS\" href=\"https:\/\/irbrs.org\/investirajte-u-republiku-srpsku\/\" target=\"_blank\" rel=\"noopener\">Investiciono-razvojna banka Republike Srpske<\/a><\/p>\n<hr \/>\n<h5>III Mogu\u0107nosti za investiranje<\/h5>\n<p>Informacije koje se odnose na bazu lokacija, bazu dobavlja\u010da i poslovno okru\u017eenje mo\u017eete pogledati na sajtu <strong><a title=\"Razvojna agencija Republike Srpske\" href=\"https:\/\/www.rars-msp.org\/investirajte-u-rs-cir\/\" target=\"_blank\" rel=\"noopener\">Razvojne agencije Republike Srpske<\/a>.<\/strong><\/p>\n<p>Pogledajte bazu podataka koja sadr\u017ei vi\u0161e od 500 investicionih lokacija u Republici Srpskoj <strong><a title=\"Baza podataka o investicionim lokacijama u RS\" href=\"https:\/\/www.irbrs.net\/OpstineDB\/cir\/Home\" target=\"_blank\" rel=\"noopener\">ovdje<\/a>.<\/strong><\/p>\n<p>Pogledajte promotivni video &#8222;Srpska &#8211; Republika mogu\u0107nosti&#8220; na: <strong><a title=\"Promotivni video &quot;SRPSKA - REPUBLIKA MOGU\u0106NOSTI&quot; na srpskom jeziku\" href=\"https:\/\/www.youtube.com\/watch?v=xf9ckN9kRt8\" target=\"_blank\" rel=\"noopener\">srpskom jeziku<\/a>, <a title=\"Srpska - Republic of Opportunity\" href=\"https:\/\/www.youtube.com\/watch?v=xm5IuRaZzWc\" target=\"_blank\" rel=\"noopener\">engleskom jeziku<\/a>, <a title=\"Srpska - Die Republik der M\u00f6glichkeiten\" href=\"https:\/\/www.youtube.com\/watch?v=TBq-rDyX2pY\" target=\"_blank\" rel=\"noopener\">njema\u010dkom jeziku<\/a> <\/strong>i <a title=\"Serbska\u044f - Respublika vozmo\u017enoste\u0439\" href=\"https:\/\/www.youtube.com\/watch?v=iUyxQLE9fag\" target=\"_blank\" rel=\"noopener\"><strong>ruskom jeziku.<\/strong><\/a><\/p>\n<hr \/>\n<p><strong>Pozivamo sve zainteresovane da nam se obrate sa svojim prijedlozima za saradnju i\/ili investiranje u Republiku Srpsku kako bi zajedni\u010dkim zalaganjem, uz na\u0161u punu podr\u0161ku, prona\u0161li najbolja poslovna rje\u0161enja.<\/strong><br \/>\n<strong>Stojimo Vam na raspolaganju za sve dodatne informacije koje mo\u017eete dobiti putem telefona, imejla ili nas li\u010dno posjetiti u na\u0161em sjedi\u0161tu u Beogradu.<\/strong><\/p>\n<p><strong>Brojeve telefona i adresu pogledajte u rubrici <a href=\"https:\/\/predstavnistvorsbg.rs\/kontakt\/\">KONTAKT<\/a><\/strong>.<\/p>\n<\/div><\/div><\/div><\/div><\/div><\/div><\/div><\/section><section class=\"l-section wpb_row us_custom_6217dcc9 height_small\"><div class=\"l-section-h i-cf\"><div class=\"g-cols vc_row type_default valign_top\"><div class=\"vc_col-sm-12 wpb_column vc_column_container\"><div class=\"vc_column-inner\"><div class=\"wpb_wrapper\"><div class=\"w-sharing type_solid align_left color_default\"><div class=\"w-sharing-list\" data-sharing-url=\"https:\/\/predstavnistvorsbg.rs\/sr-Latn\/wp-json\/wp\/v2\/pages\/1616\" data-sharing-image=\"\"><a class=\"w-sharing-item email\" href=\"javascript:void(0)\" title=\"Email this\" aria-label=\"Email this\"><span class=\"w-sharing-icon\"><\/span><\/a><a class=\"w-sharing-item facebook\" href=\"javascript:void(0)\" title=\"Share this\" aria-label=\"Share this\"><span class=\"w-sharing-icon\"><\/span><\/a><a class=\"w-sharing-item twitter\" href=\"javascript:void(0)\" title=\"Tweet this\" aria-label=\"Tweet this\"><span class=\"w-sharing-icon\"><\/span><\/a><a class=\"w-sharing-item linkedin\" href=\"javascript:void(0)\" title=\"Share this\" aria-label=\"Share this\"><span class=\"w-sharing-icon\"><\/span><\/a><a class=\"w-sharing-item pinterest\" href=\"javascript:void(0)\" title=\"Pin this\" aria-label=\"Pin this\"><span class=\"w-sharing-icon\"><\/span><\/a><\/div><\/div><\/div><\/div><\/div><\/div><\/div><\/section>\n","protected":false},"excerpt":{"rendered":"Republika Srpska \u2013 atraktivna destinacija za investitore I Osnovni razlozi koji potvr\u0111uju \u010dinjenicu da je Republika Srpska atraktivna za strana direktna ulaganja su: 1. Makroekonomska stabilnost: stabilna valuta 1 KM = 0,51129 \u20ac, niska stopa inflacije i konstantan rast bruto dru\u0161tvenog proizvoda 2. Povoljan tretman stranih investitora: strani ulaga\u010di imaju nacionalni tretman (ista prava i...","protected":false},"author":1,"featured_media":0,"parent":0,"menu_order":0,"comment_status":"closed","ping_status":"closed","template":"","meta":[],"_links":{"self":[{"href":"https:\/\/predstavnistvorsbg.rs\/sr-Latn\/wp-json\/wp\/v2\/pages\/1616"}],"collection":[{"href":"https:\/\/predstavnistvorsbg.rs\/sr-Latn\/wp-json\/wp\/v2\/pages"}],"about":[{"href":"https:\/\/predstavnistvorsbg.rs\/sr-Latn\/wp-json\/wp\/v2\/types\/page"}],"author":[{"embeddable":true,"href":"https:\/\/predstavnistvorsbg.rs\/sr-Latn\/wp-json\/wp\/v2\/users\/1"}],"replies":[{"embeddable":true,"href":"https:\/\/predstavnistvorsbg.rs\/sr-Latn\/wp-json\/wp\/v2\/comments?post=1616"}],"version-history":[{"count":8,"href":"https:\/\/predstavnistvorsbg.rs\/sr-Latn\/wp-json\/wp\/v2\/pages\/1616\/revisions"}],"predecessor-version":[{"id":15624,"href":"https:\/\/predstavnistvorsbg.rs\/sr-Latn\/wp-json\/wp\/v2\/pages\/1616\/revisions\/15624"}],"wp:attachment":[{"href":"https:\/\/predstavnistvorsbg.rs\/sr-Latn\/wp-json\/wp\/v2\/media?parent=1616"}],"curies":[{"name":"wp","href":"https:\/\/api.w.org\/{rel}","templated":true}]}}