{"id":1619,"date":"2021-11-29T16:40:29","date_gmt":"2021-11-29T15:40:29","guid":{"rendered":"http:\/\/prs2.profimediagroup.com\/?page_id=1619"},"modified":"2024-11-06T14:43:07","modified_gmt":"2024-11-06T13:43:07","slug":"uspostavite-saradnju","status":"publish","type":"page","link":"https:\/\/predstavnistvorsbg.rs\/sr-Latn\/uspostavite-saradnju\/","title":{"rendered":"Uspostavite saradnju"},"content":{"rendered":"<section class=\"l-section wpb_row height_small\"><div class=\"l-section-h i-cf\"><div class=\"g-cols vc_row type_default valign_top\"><div class=\"vc_col-sm-12 wpb_column vc_column_container\"><div class=\"vc_column-inner\"><div class=\"wpb_wrapper\"><div class=\"wpb_text_column\" ><div class=\"wpb_wrapper\"><p>Predstavni\u0161tvo Republike Srpske u Srbiji radi na uspostavljanju i unapre\u0111enju sveukupne saradnje izme\u0111u Republike Srpske i Republike Srbije.<\/p>\n<p>Prema na\u0161im programskim zadacima a u skladu sa Sporazumom o uspostavljanju specijalnih paralelnih odnosa izme\u0111u Republike Srpske i Republike Srbije, uspje\u0161nu saradnju ostvarujemo sa velikim brojem institucija. Tako\u0111e saradnju uspostavljamo i sa pojedina\u010dnim djelatnicima u oblasti privrede, nauke, tehnologije, prosvjete, zdravstva, kulture, sporta i drugih oblasti.<\/p>\n<p>Pozivamo sve zainteresovane da nam se obrate sa svojim prijedlozima za saradnju i prijedlozima projekata kako bi zajedni\u010dkim zalaganjem obogatili postoje\u0107u saradnju i uspostavili \u010dvr\u0161\u0107e veze izme\u0111u Republike Srpske i Srbije.<\/p>\n<p>Nakon razmatranja Va\u0161eg prijedloga, obavijesti\u0107emo Vas o mogu\u0107nostima uspostavljanja saradnje i daljim aktivnostima u cilju realizacije Va\u0161eg prijedloga.<\/p>\n<p>Dodatne informacije mo\u017eete dobiti putem telefona, imejla ili nas li\u010dno posjetiti u na\u0161em sjedi\u0161tu u Beogradu. Brojeve telefona i adresu pogledajte u rubrici <strong><a title=\"Kontakt podaci\" href=\"\/kontakt\/\">KONTAKT<\/a><\/strong>.<\/p>\n<\/div><\/div><\/div><\/div><\/div><\/div><\/div><\/section><section class=\"l-section wpb_row us_custom_6217dcc9 height_small\"><div class=\"l-section-h i-cf\"><div class=\"g-cols vc_row type_default valign_top\"><div class=\"vc_col-sm-12 wpb_column vc_column_container\"><div class=\"vc_column-inner\"><div class=\"wpb_wrapper\"><div class=\"w-sharing type_solid align_left color_default\"><div class=\"w-sharing-list\" data-sharing-url=\"https:\/\/predstavnistvorsbg.rs\/sr-Latn\/wp-json\/wp\/v2\/pages\/1619\" data-sharing-image=\"\"><a class=\"w-sharing-item email\" href=\"javascript:void(0)\" title=\"Email this\" aria-label=\"Email this\"><span class=\"w-sharing-icon\"><\/span><\/a><a class=\"w-sharing-item facebook\" href=\"javascript:void(0)\" title=\"Share this\" aria-label=\"Share this\"><span class=\"w-sharing-icon\"><\/span><\/a><a class=\"w-sharing-item twitter\" href=\"javascript:void(0)\" title=\"Tweet this\" aria-label=\"Tweet this\"><span class=\"w-sharing-icon\"><\/span><\/a><a class=\"w-sharing-item linkedin\" href=\"javascript:void(0)\" title=\"Share this\" aria-label=\"Share this\"><span class=\"w-sharing-icon\"><\/span><\/a><a class=\"w-sharing-item pinterest\" href=\"javascript:void(0)\" title=\"Pin this\" aria-label=\"Pin this\"><span class=\"w-sharing-icon\"><\/span><\/a><\/div><\/div><\/div><\/div><\/div><\/div><\/div><\/section>\n","protected":false},"excerpt":{"rendered":"Predstavni\u0161tvo Republike Srpske u Srbiji radi na uspostavljanju i unapre\u0111enju sveukupne saradnje izme\u0111u Republike Srpske i Republike Srbije. Prema na\u0161im programskim zadacima a u skladu sa Sporazumom o uspostavljanju specijalnih paralelnih odnosa izme\u0111u Republike Srpske i Republike Srbije, uspje\u0161nu saradnju ostvarujemo sa velikim brojem institucija. Tako\u0111e saradnju uspostavljamo i sa pojedina\u010dnim djelatnicima u oblasti privrede,...","protected":false},"author":1,"featured_media":0,"parent":0,"menu_order":0,"comment_status":"closed","ping_status":"closed","template":"","meta":[],"_links":{"self":[{"href":"https:\/\/predstavnistvorsbg.rs\/sr-Latn\/wp-json\/wp\/v2\/pages\/1619"}],"collection":[{"href":"https:\/\/predstavnistvorsbg.rs\/sr-Latn\/wp-json\/wp\/v2\/pages"}],"about":[{"href":"https:\/\/predstavnistvorsbg.rs\/sr-Latn\/wp-json\/wp\/v2\/types\/page"}],"author":[{"embeddable":true,"href":"https:\/\/predstavnistvorsbg.rs\/sr-Latn\/wp-json\/wp\/v2\/users\/1"}],"replies":[{"embeddable":true,"href":"https:\/\/predstavnistvorsbg.rs\/sr-Latn\/wp-json\/wp\/v2\/comments?post=1619"}],"version-history":[{"count":2,"href":"https:\/\/predstavnistvorsbg.rs\/sr-Latn\/wp-json\/wp\/v2\/pages\/1619\/revisions"}],"predecessor-version":[{"id":15627,"href":"https:\/\/predstavnistvorsbg.rs\/sr-Latn\/wp-json\/wp\/v2\/pages\/1619\/revisions\/15627"}],"wp:attachment":[{"href":"https:\/\/predstavnistvorsbg.rs\/sr-Latn\/wp-json\/wp\/v2\/media?parent=1619"}],"curies":[{"name":"wp","href":"https:\/\/api.w.org\/{rel}","templated":true}]}}