{"id":3875,"date":"2023-03-15T21:03:49","date_gmt":"2023-03-15T20:03:49","guid":{"rendered":"https:\/\/prs2.profimediagroup.com\/?page_id=3875"},"modified":"2023-03-15T21:23:23","modified_gmt":"2023-03-15T20:23:23","slug":"projekti-u-toku-ltn","status":"publish","type":"page","link":"https:\/\/predstavnistvorsbg.rs\/sr-Latn\/projekti-u-toku-ltn\/","title":{"rendered":"Projekti u toku"},"content":{"rendered":"<section class=\"l-section wpb_row height_small\"><div class=\"l-section-h i-cf\"><div class=\"g-cols vc_row type_default valign_top\"><div class=\"vc_col-sm-9 wpb_column vc_column_container\"><div class=\"vc_column-inner\"><div class=\"wpb_wrapper\"><div class=\"w-grid type_grid layout_1631 with_css_animation\" id=\"us_grid_1\" data-grid-filter=\"true\"><style id=\"us_grid_1_css\">#us_grid_1 .w-grid-item:not(:last-child){margin-bottom:2.5rem}#us_grid_1 .g-loadmore{margin-top:2.5rem}<\/style><style>.layout_1631 .w-grid-item-h{}.layout_1631 .usg_post_image_1{margin-bottom:1rem!important}.layout_1631 .usg_post_title_1{font-size:1.6rem!important;margin-bottom:0.5rem!important}.layout_1631 .usg_hwrapper_1{color:#999999!important;font-size:0.9rem!important}.layout_1631 .usg_post_content_1{margin-top:0.5rem!important}.layout_1631 .usg_btn_1{margin-top:1.5rem!important}.layout_1631 .usg_vwrapper_1{margin-top:1.5rem!important}<\/style><div class=\"w-grid-list\" ><article class=\"w-grid-item animate_aft size_1x1 post-3869 post type-post status-publish format-standard has-post-thumbnail hentry category-projekti-u-toku-sr-latn\" data-id=\"3869\">\n\t<div class=\"w-grid-item-h\">\n\t\t\t\t<h2 class=\"w-post-elm post_title usg_post_title_1 entry-title color_link_inherit\"><a href=\"https:\/\/predstavnistvorsbg.rs\/sr-Latn\/projekti-u-toku-sr-latn\/skeniranje-opstina-i-gradova-u-republici-srpskoj\/\">Skeniranje op\u0161tina i gradova u Republici Srpskoj<\/a><\/h2><div class=\"w-vwrapper usg_vwrapper_1 align_left valign_top\"><\/div><div class=\"w-post-elm post_image usg_post_image_1 stretched\"><a href=\"https:\/\/predstavnistvorsbg.rs\/sr-Latn\/projekti-u-toku-sr-latn\/skeniranje-opstina-i-gradova-u-republici-srpskoj\/\" aria-label=\"Skeniranje op\u0161tina i gradova u Republici Srpskoj\"><img width=\"1024\" height=\"576\" src=\"https:\/\/predstavnistvorsbg.rs\/wp-content\/uploads\/2021\/12\/skeniranje_opstina_u_republici_srpskoj-3-1024x576.jpg\" class=\"attachment-large size-large wp-post-image\" alt=\"\" loading=\"lazy\" srcset=\"https:\/\/predstavnistvorsbg.rs\/wp-content\/uploads\/2021\/12\/skeniranje_opstina_u_republici_srpskoj-3-1024x576.jpg 1024w, https:\/\/predstavnistvorsbg.rs\/wp-content\/uploads\/2021\/12\/skeniranje_opstina_u_republici_srpskoj-3-300x169.jpg 300w, https:\/\/predstavnistvorsbg.rs\/wp-content\/uploads\/2021\/12\/skeniranje_opstina_u_republici_srpskoj-3-1536x864.jpg 1536w, https:\/\/predstavnistvorsbg.rs\/wp-content\/uploads\/2021\/12\/skeniranje_opstina_u_republici_srpskoj-3.jpg 1600w\" sizes=\"(max-width: 1024px) 100vw, 1024px\" \/><\/a><\/div><div class=\"w-hwrapper usg_hwrapper_1 align_left valign_top wrap\"><\/div><div class=\"w-post-elm post_content usg_post_content_1\">Predstavni\u0161tvo Republike Srpske u Srbiji u saradnji sa poslovnim portalom eKapija realizuje projekat \u201eSkeniranje op\u0161tina i gradova u Republici Srpskoj\u201c. Ovim projektom se skenira stanje u op\u0161tinama i gradovima u&hellip;<\/div><a class=\"w-btn us-btn-style_1 usg_btn_1\" href=\"https:\/\/predstavnistvorsbg.rs\/sr-Latn\/projekti-u-toku-sr-latn\/skeniranje-opstina-i-gradova-u-republici-srpskoj\/\"><span class=\"w-btn-label\">Op\u0161irnije<\/span><\/a>\t<\/div>\n<\/article>\n<article class=\"w-grid-item animate_aft size_1x1 post-3860 post type-post status-publish format-standard has-post-thumbnail hentry category-projekti-u-toku-sr-latn\" data-id=\"3860\">\n\t<div class=\"w-grid-item-h\">\n\t\t\t\t<h2 class=\"w-post-elm post_title usg_post_title_1 entry-title color_link_inherit\"><a href=\"https:\/\/predstavnistvorsbg.rs\/sr-Latn\/projekti-u-toku-sr-latn\/dani-srpske-u-srbiji\/\">Dani Srpske u Srbiji<\/a><\/h2><div class=\"w-vwrapper usg_vwrapper_1 align_left valign_top\"><\/div><div class=\"w-post-elm post_image usg_post_image_1 stretched\"><a href=\"https:\/\/predstavnistvorsbg.rs\/sr-Latn\/projekti-u-toku-sr-latn\/dani-srpske-u-srbiji\/\" aria-label=\"Dani Srpske u Srbiji\"><img width=\"1000\" height=\"563\" src=\"https:\/\/predstavnistvorsbg.rs\/wp-content\/uploads\/2021\/12\/dani-srpske-u-srbiji.jpg\" class=\"attachment-large size-large wp-post-image\" alt=\"\" loading=\"lazy\" srcset=\"https:\/\/predstavnistvorsbg.rs\/wp-content\/uploads\/2021\/12\/dani-srpske-u-srbiji.jpg 1000w, https:\/\/predstavnistvorsbg.rs\/wp-content\/uploads\/2021\/12\/dani-srpske-u-srbiji-300x169.jpg 300w\" sizes=\"(max-width: 1000px) 100vw, 1000px\" \/><\/a><\/div><div class=\"w-hwrapper usg_hwrapper_1 align_left valign_top wrap\"><\/div><div class=\"w-post-elm post_content usg_post_content_1\">Projekat pod nazivom \u201eDani Srpske u Srbiji\u201c pokrenut je 2013. godine sa idejom da se Srbiji i njenim gra\u0111anima na uvijek nov i jedinstven na\u010din predstavi Republika Srpska i njeni&hellip;<\/div><a class=\"w-btn us-btn-style_1 usg_btn_1\" href=\"https:\/\/predstavnistvorsbg.rs\/sr-Latn\/projekti-u-toku-sr-latn\/dani-srpske-u-srbiji\/\"><span class=\"w-btn-label\">Op\u0161irnije<\/span><\/a>\t<\/div>\n<\/article>\n<article class=\"w-grid-item animate_aft size_1x1 post-3850 post type-post status-publish format-standard has-post-thumbnail hentry category-projekti-u-toku-sr-latn\" data-id=\"3850\">\n\t<div class=\"w-grid-item-h\">\n\t\t\t\t<h2 class=\"w-post-elm post_title usg_post_title_1 entry-title color_link_inherit\"><a href=\"https:\/\/predstavnistvorsbg.rs\/sr-Latn\/projekti-u-toku-sr-latn\/strucna-praksa-i-usavrsavanje-studenata\/\">Stru\u010dna praksa i usavr\u0161avanje studenata<\/a><\/h2><div class=\"w-vwrapper usg_vwrapper_1 align_left valign_top\"><\/div><div class=\"w-post-elm post_image usg_post_image_1 stretched\"><a href=\"https:\/\/predstavnistvorsbg.rs\/sr-Latn\/projekti-u-toku-sr-latn\/strucna-praksa-i-usavrsavanje-studenata\/\" aria-label=\"Stru\u010dna praksa i usavr\u0161avanje studenata\"><img width=\"1024\" height=\"576\" src=\"https:\/\/predstavnistvorsbg.rs\/wp-content\/uploads\/2021\/12\/studenti-1024x576.jpg\" class=\"attachment-large size-large wp-post-image\" alt=\"\" loading=\"lazy\" srcset=\"https:\/\/predstavnistvorsbg.rs\/wp-content\/uploads\/2021\/12\/studenti-1024x576.jpg 1024w, https:\/\/predstavnistvorsbg.rs\/wp-content\/uploads\/2021\/12\/studenti-300x169.jpg 300w, https:\/\/predstavnistvorsbg.rs\/wp-content\/uploads\/2021\/12\/studenti-1536x864.jpg 1536w, https:\/\/predstavnistvorsbg.rs\/wp-content\/uploads\/2021\/12\/studenti.jpg 1600w\" sizes=\"(max-width: 1024px) 100vw, 1024px\" \/><\/a><\/div><div class=\"w-hwrapper usg_hwrapper_1 align_left valign_top wrap\"><\/div><div class=\"w-post-elm post_content usg_post_content_1\">U saradnji sa univerzitetima, odnosno fakultetima u Republici Srpskoj i Srbiji sprovodimo projekat obezbje\u0111ivanja stru\u010dne prakse i pru\u017eanja mogu\u0107nosti za usavr\u0161avanje koji podrazumijevaju prisustvo i anga\u017eman studenata iz Republike Srpske&hellip;<\/div><a class=\"w-btn us-btn-style_1 usg_btn_1\" href=\"https:\/\/predstavnistvorsbg.rs\/sr-Latn\/projekti-u-toku-sr-latn\/strucna-praksa-i-usavrsavanje-studenata\/\"><span class=\"w-btn-label\">Op\u0161irnije<\/span><\/a>\t<\/div>\n<\/article>\n<\/div><div class=\"w-grid-preloader\"><div class=\"g-preloader type_1\">\n\t<div><\/div>\n<\/div>\n<\/div>\t<div class=\"w-grid-json hidden\" onclick='return {&quot;action&quot;:&quot;us_ajax_grid&quot;,&quot;ajax_url&quot;:&quot;https:\\\/\\\/predstavnistvorsbg.rs\\\/wp-admin\\\/admin-ajax.php&quot;,&quot;infinite_scroll&quot;:0,&quot;max_num_pages&quot;:1,&quot;pagination&quot;:&quot;infinite&quot;,&quot;permalink_url&quot;:&quot;https:\\\/\\\/predstavnistvorsbg.rs\\\/sr-Latn\\\/wp-json\\\/wp\\\/v2\\\/pages\\\/3875\\\/&quot;,&quot;template_vars&quot;:{&quot;columns&quot;:&quot;1&quot;,&quot;exclude_items&quot;:&quot;none&quot;,&quot;img_size&quot;:&quot;default&quot;,&quot;ignore_items_size&quot;:false,&quot;items_layout&quot;:&quot;1631&quot;,&quot;items_offset&quot;:&quot;1&quot;,&quot;load_animation&quot;:&quot;aft&quot;,&quot;overriding_link&quot;:&quot;none&quot;,&quot;post_id&quot;:3875,&quot;query_args&quot;:{&quot;post_type&quot;:[&quot;post&quot;],&quot;tax_query&quot;:[{&quot;taxonomy&quot;:&quot;category&quot;,&quot;field&quot;:&quot;slug&quot;,&quot;terms&quot;:[&quot;projekti-u-toku&quot;,&quot;projekti-u-toku-sr-latn&quot;]}],&quot;post_status&quot;:[&quot;publish&quot;],&quot;orderby&quot;:{&quot;date&quot;:&quot;DESC&quot;},&quot;posts_per_page&quot;:&quot;4&quot;},&quot;type&quot;:&quot;grid&quot;,&quot;us_grid_ajax_index&quot;:1,&quot;us_grid_filter_params&quot;:null,&quot;us_grid_index&quot;:1,&quot;_us_grid_post_type&quot;:&quot;post&quot;,&quot;lang&quot;:&quot;sr-Latn&quot;}}'><\/div>\n<\/div><\/div><\/div><\/div><div class=\"vc_col-sm-3 wpb_column vc_column_container\"><div class=\"vc_column-inner\"><div class=\"wpb_wrapper\"><div class=\"wpb_text_column\" ><div class=\"wpb_wrapper\"><h2 class=\"widgettitle\">Projekti u toku<\/h2>\n<\/div><\/div><div class=\"w-separator size_small\"><\/div><div class=\"w-menu layout_ver style_links us_menu_1\"><ul id=\"menu-projekti-u-toku-ltn\" class=\"menu\"><li id=\"menu-item-3874\" class=\"menu-item menu-item-type-post_type menu-item-object-post menu-item-3874\"><a href=\"https:\/\/predstavnistvorsbg.rs\/sr-Latn\/projekti-u-toku-sr-latn\/skeniranje-opstina-i-gradova-u-republici-srpskoj\/\">Skeniranje op\u0161tina i gradova u Republici Srpskoj<\/a><\/li><li id=\"menu-item-3871\" class=\"menu-item menu-item-type-post_type menu-item-object-post menu-item-3871\"><a href=\"https:\/\/predstavnistvorsbg.rs\/sr-Latn\/projekti-u-toku-sr-latn\/dani-srpske-u-srbiji\/\">Dani Srpske u Srbiji<\/a><\/li><li id=\"menu-item-3855\" class=\"menu-item menu-item-type-post_type menu-item-object-post menu-item-3855\"><a href=\"https:\/\/predstavnistvorsbg.rs\/sr-Latn\/projekti-u-toku-sr-latn\/strucna-praksa-i-usavrsavanje-studenata\/\">Stru\u010dna praksa i usavr\u0161avanje studenata<\/a><\/li><\/ul><style>.us_menu_1 .menu>li{margin-bottom:1.0rem}.us_menu_1 .menu>li>a{color:#394e85}.us_menu_1 .menu>.menu-item:not(.current-menu-item)>a:hover{color:#333333}.us_menu_1 .menu>.current-menu-item>a{color:#394e85}@media ( max-width:600px ){.us_menu_1 .menu{display:block!important}.us_menu_1 .menu>li{margin:0 0 1.0rem}}<\/style><\/div><\/div><\/div><\/div><\/div><\/div><\/section>\n","protected":false},"excerpt":{"rendered":"U saradnji sa univerzitetima, odnosno fakultetima u Republici Srpskoj i Srbiji sprovodimo projekat obezbje\u0111ivanja stru\u010dne prakse i pru\u017eanja mogu\u0107nosti za usavr\u0161avanje koji podrazumijevaju prisustvo i anga\u017eman studenata iz Republike Srpske i Srbije u institucijama i kompanijama u Srbiji, odnosno Republici Srpskoj. Pozivamo sve zainteresovane institucije i kompanije u Srbiji da se uklju\u010de u na\u0161 program...","protected":false},"author":1,"featured_media":0,"parent":0,"menu_order":0,"comment_status":"closed","ping_status":"closed","template":"","meta":[],"_links":{"self":[{"href":"https:\/\/predstavnistvorsbg.rs\/sr-Latn\/wp-json\/wp\/v2\/pages\/3875"}],"collection":[{"href":"https:\/\/predstavnistvorsbg.rs\/sr-Latn\/wp-json\/wp\/v2\/pages"}],"about":[{"href":"https:\/\/predstavnistvorsbg.rs\/sr-Latn\/wp-json\/wp\/v2\/types\/page"}],"author":[{"embeddable":true,"href":"https:\/\/predstavnistvorsbg.rs\/sr-Latn\/wp-json\/wp\/v2\/users\/1"}],"replies":[{"embeddable":true,"href":"https:\/\/predstavnistvorsbg.rs\/sr-Latn\/wp-json\/wp\/v2\/comments?post=3875"}],"version-history":[{"count":0,"href":"https:\/\/predstavnistvorsbg.rs\/sr-Latn\/wp-json\/wp\/v2\/pages\/3875\/revisions"}],"wp:attachment":[{"href":"https:\/\/predstavnistvorsbg.rs\/sr-Latn\/wp-json\/wp\/v2\/media?parent=3875"}],"curies":[{"name":"wp","href":"https:\/\/api.w.org\/{rel}","templated":true}]}}