{"id":5114,"date":"2023-04-25T21:33:31","date_gmt":"2023-04-25T19:33:31","guid":{"rendered":"https:\/\/prs2.profimediagroup.com\/bilteni-2022-godina\/"},"modified":"2023-04-25T22:00:36","modified_gmt":"2023-04-25T20:00:36","slug":"bilteni-2022-godina-ltn","status":"publish","type":"page","link":"https:\/\/predstavnistvorsbg.rs\/sr-Latn\/bilteni-2022-godina-ltn\/","title":{"rendered":"Bilteni 2022. godina"},"content":{"rendered":"<section class=\"l-section wpb_row height_small\"><div class=\"l-section-h i-cf\"><div class=\"g-cols vc_row type_default valign_top\"><div class=\"vc_col-sm-12 wpb_column vc_column_container\"><div class=\"vc_column-inner\"><div class=\"wpb_wrapper\"><div class=\"wpb_text_column\" ><div class=\"wpb_wrapper\"><p>Pogledajte-preuzmite Biltene Predstavni\u0161tva Republike Srpske po godinama<\/p>\n<\/div><\/div><div class=\"w-separator size_small\"><\/div><div class=\"w-menu layout_hor style_blocks us_menu_1\"><ul id=\"menu-bilteni-3\" class=\"menu\"><li id=\"menu-item-1610\" class=\"menu-item menu-item-type-post_type menu-item-object-page menu-item-1610\"><a href=\"https:\/\/predstavnistvorsbg.rs\/sr-Latn\/bilten\/\">Bilten<\/a><\/li><li id=\"menu-item-21586\" class=\"menu-item menu-item-type-post_type menu-item-object-page menu-item-21586\"><a href=\"https:\/\/predstavnistvorsbg.rs\/sr-Latn\/bilteni-2026-godina-ltn\/\">Bilteni 2026.<\/a><\/li><li id=\"menu-item-16530\" class=\"menu-item menu-item-type-post_type menu-item-object-page menu-item-16530\"><a href=\"https:\/\/predstavnistvorsbg.rs\/sr-Latn\/bilteni-2025-godina-ltn\/\">Bilteni 2025.<\/a><\/li><li id=\"menu-item-10663\" class=\"menu-item menu-item-type-post_type menu-item-object-page menu-item-10663\"><a href=\"https:\/\/predstavnistvorsbg.rs\/sr-Latn\/bilteni-2024-godina-ltn\/\">Bilteni 2024.<\/a><\/li><li id=\"menu-item-10340\" class=\"menu-item menu-item-type-post_type menu-item-object-page menu-item-10340\"><a href=\"https:\/\/predstavnistvorsbg.rs\/sr-Latn\/bilteni-2023-godina-ltn\/\">Bilteni 2023.<\/a><\/li><li id=\"menu-item-5118\" class=\"menu-item menu-item-type-post_type menu-item-object-page menu-item-5118\"><a href=\"https:\/\/predstavnistvorsbg.rs\/sr-Latn\/bilteni-2022-godina-ltn\/\">Bilteni 2022.<\/a><\/li><li id=\"menu-item-1611\" class=\"menu-item menu-item-type-post_type menu-item-object-page menu-item-1611\"><a href=\"https:\/\/predstavnistvorsbg.rs\/sr-Latn\/bilteni-2021-godina-ltn\/\">Bilteni 2021.<\/a><\/li><li id=\"menu-item-1612\" class=\"menu-item menu-item-type-post_type menu-item-object-page menu-item-1612\"><a href=\"https:\/\/predstavnistvorsbg.rs\/sr-Latn\/bilteni-2020-godina-ltn\/\">Bilteni 2020.<\/a><\/li><\/ul><style>.us_menu_1 .menu>li{margin-right:1.0rem}.us_menu_1 .menu>li>a{padding:0.8em 0.8em}.us_menu_1 .menu>li>a{background:#394e85}.us_menu_1 .menu>li>a{color:#ffffff}.us_menu_1 .menu>.menu-item:not(.current-menu-item)>a:hover{background:#d13b46}.us_menu_1 .menu>.menu-item:not(.current-menu-item)>a:hover{color:#ffffff}.us_menu_1 .menu>.current-menu-item>a{background:#d13b46}.us_menu_1 .menu>.current-menu-item>a{color:#ffffff}@media ( max-width:600px ){.us_menu_1 .menu{display:block!important}.us_menu_1 .menu>li{margin:0 0 1.0rem}}<\/style><\/div><div class=\"w-separator size_medium\"><\/div><div class=\"wpb_text_column\" ><div class=\"wpb_wrapper\"><p><a href=\"http:\/\/predstavnistvorsbg.rs\/html\/2022\/bilten_127_lat\/index.html\" target=\"_blank\" rel=\"noopener\"><strong>BILTEN BROJ 127<\/strong>, <\/a>decembar 2022. godine<\/p>\n<p>Iz ovog broja izdvajamo:<\/p>\n<p>&#8211; Ministri u novoj Vladi polo\u017eili zakletvu<br \/>\n&#8211; 20 milijardi za proevropsku politiku BiH<br \/>\n&#8211; Dokle osporavanje ro\u0111endana Republike Srpske<\/p>\n<p>&nbsp;<\/p>\n<p><a href=\"http:\/\/predstavnistvorsbg.rs\/html\/2022\/bilten_126_lat\/index.html\" target=\"_blank\" rel=\"noopener\"><strong>BILTEN BROJ 126<\/strong>, <\/a>novembar 2022. godine<\/p>\n<p>Iz ovog broja izdvajamo:<\/p>\n<p>&#8211; Dodik se vratio na \u010delo Srpske<br \/>\n&#8211; \u017deljka Cvijanovi\u0107 preuzela najvi\u0161u funkciju u Sarajevu<br \/>\n&#8211; \u041aonstituisanje vlasti u Republici Srpskoj<\/p>\n<p>&nbsp;<\/p>\n<p><a href=\"http:\/\/predstavnistvorsbg.rs\/html\/2022\/bilten_125_lat\/index.html\" target=\"_blank\" rel=\"noopener\"><strong>BILTEN BROJ 125<\/strong>, <\/a>oktobar 2022. godine<\/p>\n<p>Iz ovog broja izdvajamo:<\/p>\n<p>&#8211; Odbrana prava naroda da bira svog predsjednika<br \/>\n&#8211; \u041ao bira predsjednika Srpske CI\u041a ili narod<br \/>\n&#8211; Pouzdani i va\u017eni prijatelji Srpske<\/p>\n<p>&nbsp;<\/p>\n<p><a href=\"http:\/\/predstavnistvorsbg.rs\/html\/2022\/bilten_124_lat\/index.html\" target=\"_blank\" rel=\"noopener\"><strong>BILTEN BROJ 124<\/strong>, <\/a>septembar 2022. godine<\/p>\n<p>Iz ovog broja izdvajamo:<\/p>\n<p>&#8211; Potvrda uzajamne lojalnosti<br \/>\n&#8211; Srpska u trouglu<br \/>\n&#8211; Manifestacija koja je popila Drinu<\/p>\n<p>&nbsp;<\/p>\n<p><a href=\"http:\/\/predstavnistvorsbg.rs\/html\/2022\/bilten_123_lat\/index.html\" target=\"_blank\" rel=\"noopener\"><strong>BILTEN BROJ 123<\/strong>, <\/a>jul i avgust 2022. godine<\/p>\n<p>Iz ovog broja izdvajamo:<\/p>\n<p>&#8211; Nezaborav i nepra\u0161tanje<br \/>\n&#8211; Jo\u0161 jedna potvrda uzajamne podr\u0161ke<br \/>\n&#8211; Uo\u010di po\u010detka predizborne kampanje<\/p>\n<p>&nbsp;<\/p>\n<p><a href=\"http:\/\/predstavnistvorsbg.rs\/html\/2022\/bilten_122_lat\/index.html\" target=\"_blank\" rel=\"noopener\"><strong>BILTEN BROJ 122<\/strong>, <\/a>jun 2022. godine<\/p>\n<p>Iz ovog broja izdvajamo:<\/p>\n<p>&#8211; Dodikov susret sa Putinom<br \/>\n&#8211; Ekonomski efekti Dodikovog susreta sa Putinom<br \/>\n&#8211; Patrijarh Porfirije u Lakta\u0161ima<\/p>\n<p>&nbsp;<\/p>\n<p><a href=\"http:\/\/predstavnistvorsbg.rs\/html\/2022\/bilten_121_lat\/index.html\" target=\"_blank\" rel=\"noopener\"><strong>BILTEN BROJ 121<\/strong>, <\/a>maj 2022. godine<\/p>\n<p>Iz ovog broja izdvajamo:<\/p>\n<p>&#8211; \u0160mit i D\u017eaferovi\u0107 su se u UN SB la\u017eno predstavili<br \/>\n&#8211; Patrijarh Porfirije u Trebinju<br \/>\n&#8211; Jubilej Vojske Republike Srpske<\/p>\n<p>&nbsp;<\/p>\n<p><a href=\"http:\/\/predstavnistvorsbg.rs\/html\/2022\/bilten_120_lat\/index.html\" target=\"_blank\" rel=\"noopener\"><strong>BILTEN BROJ 120<\/strong>, <\/a>april 2022. godine<\/p>\n<p>Iz ovog broja izdvajamo:<\/p>\n<p>&#8211; \u010cestitke sunarodniku u \u201ematici\u201c i prijatelju u susjedstvu<br \/>\n&#8211; Zna\u010dajan potez Vlade RS<br \/>\n&#8211; Grad biznisa, ko\u0161arke i lokal- patriotizma<\/p>\n<p>&nbsp;<\/p>\n<p><a href=\"http:\/\/predstavnistvorsbg.rs\/html\/2022\/bilten_119_lat\/index.html\" target=\"_blank\" rel=\"noopener\"><strong>BILTEN BROJ 119<\/strong>, <\/a>mart 2022. godine<\/p>\n<p>Iz ovog broja izdvajamo:<\/p>\n<p>&#8211; Predsjednik \u041aine \u010destitao Dodiku ro\u0111endan<br \/>\n&#8211; Sukobi u BiH u inostranoj sceni<br \/>\n&#8211; Beogradski intelektualci opasni po okru\u017enje Srbije<\/p>\n<p>&nbsp;<\/p>\n<p><a href=\"http:\/\/predstavnistvorsbg.rs\/html\/2022\/bilten_118_lat\/index.html\" target=\"_blank\" rel=\"noopener\"><strong>BILTEN BROJ 118<\/strong>, <\/a>februar 2022. godine<\/p>\n<p>Iz ovog broja izdvajamo:<\/p>\n<p>&#8211; Godi\u0161njica Ustava u znaku vra\u0107anja ustavnih nadle\u017enosti<br \/>\n&#8211; Vi\u0161e zaposlenih ve\u0107inom u realnom sektoru<br \/>\n&#8211; Zlo\u010din u \u041aravicama osta\u0107e neka\u017enjen<\/p>\n<p>&nbsp;<\/p>\n<p><a href=\"http:\/\/predstavnistvorsbg.rs\/html\/2022\/bilten_117_lat\/index.html\" target=\"_blank\" rel=\"noopener\"><strong>BILTEN BROJ 117<\/strong>, <\/a>januar 2022. godine<\/p>\n<p>Iz ovog broja izdvajamo:<\/p>\n<p>&#8211; Jubilarni ro\u0111endan Republike Srpske<br \/>\n&#8211; \u041ariptovalute u Srpskoj<br \/>\n&#8211; Atlas srpskih valuta<\/p>\n<\/div><\/div><\/div><\/div><\/div><\/div><\/div><\/section><section class=\"l-section wpb_row us_custom_6217dcc9 height_small\"><div class=\"l-section-h i-cf\"><div class=\"g-cols vc_row type_default valign_top\"><div class=\"vc_col-sm-12 wpb_column vc_column_container\"><div class=\"vc_column-inner\"><div class=\"wpb_wrapper\"><div class=\"w-sharing type_solid align_left color_default\"><div class=\"w-sharing-list\" data-sharing-url=\"https:\/\/predstavnistvorsbg.rs\/sr-Latn\/wp-json\/wp\/v2\/pages\/5114\" data-sharing-image=\"\"><a class=\"w-sharing-item email\" href=\"javascript:void(0)\" title=\"Email this\" aria-label=\"Email this\"><span class=\"w-sharing-icon\"><\/span><\/a><a class=\"w-sharing-item facebook\" href=\"javascript:void(0)\" title=\"Share this\" aria-label=\"Share this\"><span class=\"w-sharing-icon\"><\/span><\/a><a class=\"w-sharing-item twitter\" href=\"javascript:void(0)\" title=\"Tweet this\" aria-label=\"Tweet this\"><span class=\"w-sharing-icon\"><\/span><\/a><a class=\"w-sharing-item linkedin\" href=\"javascript:void(0)\" title=\"Share this\" aria-label=\"Share this\"><span class=\"w-sharing-icon\"><\/span><\/a><a class=\"w-sharing-item pinterest\" href=\"javascript:void(0)\" title=\"Pin this\" aria-label=\"Pin this\"><span class=\"w-sharing-icon\"><\/span><\/a><\/div><\/div><\/div><\/div><\/div><\/div><\/div><\/section>\n","protected":false},"excerpt":{"rendered":"Pogledajte-preuzmite Biltene Predstavni\u0161tva Republike Srpske po godinama BiltenBilteni 2026.Bilteni 2025.Bilteni 2024.Bilteni 2023.Bilteni 2022.Bilteni 2021.Bilteni 2020.BILTEN BROJ 127, decembar 2022. godine Iz ovog broja izdvajamo: &#8211; Ministri u novoj Vladi polo\u017eili zakletvu &#8211; 20 milijardi za proevropsku politiku BiH &#8211; Dokle osporavanje ro\u0111endana Republike Srpske &nbsp; BILTEN BROJ 126, novembar 2022. godine Iz ovog broja izdvajamo:...","protected":false},"author":1,"featured_media":0,"parent":0,"menu_order":0,"comment_status":"closed","ping_status":"closed","template":"","meta":[],"_links":{"self":[{"href":"https:\/\/predstavnistvorsbg.rs\/sr-Latn\/wp-json\/wp\/v2\/pages\/5114"}],"collection":[{"href":"https:\/\/predstavnistvorsbg.rs\/sr-Latn\/wp-json\/wp\/v2\/pages"}],"about":[{"href":"https:\/\/predstavnistvorsbg.rs\/sr-Latn\/wp-json\/wp\/v2\/types\/page"}],"author":[{"embeddable":true,"href":"https:\/\/predstavnistvorsbg.rs\/sr-Latn\/wp-json\/wp\/v2\/users\/1"}],"replies":[{"embeddable":true,"href":"https:\/\/predstavnistvorsbg.rs\/sr-Latn\/wp-json\/wp\/v2\/comments?post=5114"}],"version-history":[{"count":0,"href":"https:\/\/predstavnistvorsbg.rs\/sr-Latn\/wp-json\/wp\/v2\/pages\/5114\/revisions"}],"wp:attachment":[{"href":"https:\/\/predstavnistvorsbg.rs\/sr-Latn\/wp-json\/wp\/v2\/media?parent=5114"}],"curies":[{"name":"wp","href":"https:\/\/api.w.org\/{rel}","templated":true}]}}