{"id":8708,"date":"2023-11-14T14:24:01","date_gmt":"2023-11-14T13:24:01","guid":{"rendered":"https:\/\/prs2.profimediagroup.com\/?page_id=8708"},"modified":"2024-04-26T14:48:45","modified_gmt":"2024-04-26T12:48:45","slug":"impresum","status":"publish","type":"page","link":"https:\/\/predstavnistvorsbg.rs\/sr-Latn\/impresum\/","title":{"rendered":"Impresum"},"content":{"rendered":"<p><strong>Dizajn i tehni\u010dka podr\u0161ka:<\/strong> <a href=\"http:\/\/www.kreativnakompanija.com\" target=\"_blank\" rel=\"noopener\">Kreativna kompanija<\/a><\/p>\n<p><strong>Autor slika naslovne stranice:<\/strong> Vladimir Tadi\u0107, Jadran \u010cili\u0107 i TO Bijeljina<\/p>\n","protected":false},"excerpt":{"rendered":"<p>Dizajn i tehni\u010dka podr\u0161ka: Kreativna kompanija Autor slika naslovne stranice: Vladimir Tadi\u0107, Jadran \u010cili\u0107 i TO Bijeljina<\/p>\n","protected":false},"author":2,"featured_media":0,"parent":0,"menu_order":0,"comment_status":"closed","ping_status":"closed","template":"","meta":[],"_links":{"self":[{"href":"https:\/\/predstavnistvorsbg.rs\/sr-Latn\/wp-json\/wp\/v2\/pages\/8708"}],"collection":[{"href":"https:\/\/predstavnistvorsbg.rs\/sr-Latn\/wp-json\/wp\/v2\/pages"}],"about":[{"href":"https:\/\/predstavnistvorsbg.rs\/sr-Latn\/wp-json\/wp\/v2\/types\/page"}],"author":[{"embeddable":true,"href":"https:\/\/predstavnistvorsbg.rs\/sr-Latn\/wp-json\/wp\/v2\/users\/2"}],"replies":[{"embeddable":true,"href":"https:\/\/predstavnistvorsbg.rs\/sr-Latn\/wp-json\/wp\/v2\/comments?post=8708"}],"version-history":[{"count":0,"href":"https:\/\/predstavnistvorsbg.rs\/sr-Latn\/wp-json\/wp\/v2\/pages\/8708\/revisions"}],"wp:attachment":[{"href":"https:\/\/predstavnistvorsbg.rs\/sr-Latn\/wp-json\/wp\/v2\/media?parent=8708"}],"curies":[{"name":"wp","href":"https:\/\/api.w.org\/{rel}","templated":true}]}}